{"id":501,"date":"2025-07-30T15:51:07","date_gmt":"2025-07-30T14:51:07","guid":{"rendered":"https:\/\/2025.leuenberg.eu\/was-wir-tun\/oekumenische-dialoge\/"},"modified":"2026-02-12T11:59:43","modified_gmt":"2026-02-12T11:59:43","slug":"oekumenische-dialoge","status":"publish","type":"page","link":"https:\/\/www.leuenberg.eu\/de\/was-wir-tun\/oekumenische-dialoge\/","title":{"rendered":"\u00d6kumenische Dialoge"},"content":{"rendered":"<div class=\"et_pb_section_0 et_pb_section et_section_regular et_block_section\">\n<div class=\"et_pb_row_0 et_pb_row et_block_row\">\n<div class=\"et_pb_column_0 et_pb_column et_pb_column_4_4 et-last-child et_block_column et_pb_css_mix_blend_mode_passthrough\">\n<div class=\"et_pb_text_0 et_pb_text et_pb_bg_layout_light et_pb_module et_block_module preset--module--divi-text--default\"><div class=\"et_pb_text_inner\"><h1 style=\"text-align: center;\">\u00d6kumenische Dialoge<\/h1>\n<\/div><\/div>\n<\/div>\n<\/div>\n<\/div>\n\n<div class=\"et_pb_section_1 et_pb_section et_section_regular et_block_section\">\n<div class=\"et_pb_row_1 et_pb_row et_block_row preset--module--divi-row--5138c454-be54-4233-bd3b-f8e6a8747976\">\n<div class=\"et_pb_column_1 et_pb_column et_pb_column_4_4 et-last-child et_block_column et_pb_css_mix_blend_mode_passthrough preset--module--divi-column--73121f80-a3ef-4484-8763-c3f18e3c56d2\">\n<div class=\"et_pb_text_1 et_pb_text et_pb_bg_layout_light et_pb_module et_block_module preset--module--divi-text--default\"><div class=\"et_pb_text_inner\"><h3 style=\"text-align: center;\"><strong>Die GEKE pflegt Partnerschaften und Dialoge mit anderen Kirchen, Kirchengemeinden, Konfessionen und Vereinigungen in ganz Europa und weltweit, derzeit mit der Anglikanischen Kirche, der<a href=\"https:\/\/www.ebf.org\/\"> Baptistenunion<\/a>, der Orthodoxen Kirche und der R\u00f6misch-Katholischen Kirche. Diese Dialoge untersuchen Unterschiede und Parallelen in der Lehre und pr\u00fcfen die M\u00f6glichkeit eines Beitritts zur GEKE oder anderer Formen der Zusammenarbeit.<\/strong><\/h3>\n<h4><strong>\u00a0<\/strong><\/h4>\n<\/div><\/div>\n<\/div>\n<\/div>\n<\/div>\n\n<div class=\"et_pb_section_2 et_pb_section et_section_regular et_flex_section\">\n<div class=\"et_pb_row_2 et_pb_row et_flex_row\">\n<div class=\"et_pb_column_2 et_pb_column et-last-child et_flex_column et_pb_css_mix_blend_mode_passthrough et_flex_column_24_24 et_flex_column_24_24_tablet et_flex_column_24_24_phone\">\n<div class=\"et_pb_text_2 et_pb_text et_pb_bg_layout_light et_pb_module et_flex_module preset--module--divi-text--default\"><div class=\"et_pb_text_inner\"><h2 style=\"text-align: center;\">Geschichte der \u00f6kumenischen Dialoge<\/h2>\n<\/div><\/div>\n<\/div>\n<\/div>\n<\/div>\n\n<div class=\"et_pb_section_3 et_pb_section et_section_regular et_flex_section\">\n<div class=\"et_pb_row_3 et_pb_row et_flex_row\">\n<div class=\"et_pb_column_3 et_pb_column et-last-child et_flex_column et_pb_css_mix_blend_mode_passthrough et_flex_column_24_24 et_flex_column_24_24_tablet et_flex_column_24_24_phone\">\n\n<div class=\"et_pb_module et_d4_element dmpro_timeline dmpro_timeline_0\">\n\t\t\t\t\n\t\t\t\t\n\t\t\t\t\n\t\t\t\t\n\t\t\t\t\n\t\t\t\t\n\t\t\t\t<div class=\"et_pb_module_inner\">\n\t\t\t\t\t<div class=\"dmpro_timeline_custom_classes dmpro_timeline_layout_mixed dmpro_timeline_layout_right_tablet dmpro_timeline_layout_right_phone startpos-left dmpro_timeline_show-card-arrow\">\n        <div class=\"dmpro_timeline_container\">\n          <div class=\"dmpro-timeline-items\"><div class=\"et_pb_module et_d4_element dmpro_timeline_item dmpro_timeline_item_0\">\n\t\t\t\t\n\t\t\t\t\n\t\t\t\t\n\t\t\t\t\n\t\t\t\t\n\t\t\t\t\n\t\t\t\t<div class=\"et_pb_module_inner\">\n\t\t\t\t\t<div class=\"dmpro_timeline_item_custom_classes dmpro_timeline_item_position_top et_pb_bg_layout_\">\n        <div class=\"dmpro_timeline_item_container\">\n          <div class=\"dmpro_timeline_date\"><span class=\"dmpro_timeline_date_text\">1990er<\/span><\/div>\n          <div class=\"et_pb_image_wrap date-icon-wrap\"><span data-icon=\"9\" class=\"date-icon date-icon-circle\"><\/span><\/div>\n          <div class=\"dmpro_timeline_item_card-wrap\">\n            <div class=\"dmpro_timeline_item_card\">\n              <div class=\"dmpro_timeline_item_image et_pb_css_mix_blend_mode\"><span class=\"et_pb_image_wrap\"><img decoding=\"async\" src=\"https:\/\/leuenberg.eu\/wp-content\/uploads\/2025\/12\/Methodisten-okumenische-Dialoge.webp\" alt=\"\" class=\"\" \/><\/span><\/div>\n              <div class=\"dmpro_timeline_item_content\">\n                <div class=\"dmpro_timeline_date\"><span class=\"dmpro_timeline_date_text\">1990er<\/span><\/div>\n                <div class=\"dmpro_timeline_item_content_text\">\n                  <h4 class=\"dmpro_timeline_item_header\"><span>Die Methodistische Kirche wird Teil der GEKE<\/span><\/h4>\n                  <div class=\"dmpro_timeline_item_description\"><p>Folgende Methodistische Kirchen traten in den 1990er Jahren der Gemeinschaft Evangelischer Kirchen in Europa bei:<\/p>\n<ul>\n<li>die <a href=\"https:\/\/www.methodist.org.uk\/\">Methodistische Kirche in Gro\u00dfbritannien<\/a> (1997) und<\/li>\n<li>die <a href=\"https:\/\/www.methodist.eu\/\">Vereinigte Methodistische Kirche<\/a> mit ihren europ\u00e4ischen Mitgliedskirchen (ab 1999).<\/li>\n<\/ul>\n<p>Sie nehmen durch die Teilnahme an der Leuenberger Konkordie uneingeschr\u00e4nkt an der gegenseitigen Anerkennung von Predigt, Sakramenten und Amt teil und beteiligen sich am theologischen und synodalen Leben der GEKE.<\/p>\n<p>Mit ihren charakteristischen Schwerpunkten auf verbindender Ekklesiologie, Heiligkeit, Mission und sozialer Verantwortung bereichern die methodistischen Kirchen die GEKE sehr.<\/p><\/div>\n                <\/div>\n                \n              <\/div> <!-- .dmpro_timeline_item_content -->\n            <\/div> <!-- .dmpro_timeline_item_card -->\n          <\/div>\n        <\/div>\n      <\/div>\n\t\t\n\t\t\t\t<\/div>\n\t\t\t<\/div><div class=\"et_pb_module et_d4_element dmpro_timeline_item dmpro_timeline_item_1\">\n\t\t\t\t\n\t\t\t\t\n\t\t\t\t\n\t\t\t\t\n\t\t\t\t\n\t\t\t\t\n\t\t\t\t<div class=\"et_pb_module_inner\">\n\t\t\t\t\t<div class=\"dmpro_timeline_item_custom_classes dmpro_timeline_item_position_top et_pb_bg_layout_\">\n        <div class=\"dmpro_timeline_item_container\">\n          <div class=\"dmpro_timeline_date\"><span class=\"dmpro_timeline_date_text\">Seit 1995<\/span><\/div>\n          <div class=\"et_pb_image_wrap date-icon-wrap\"><span data-icon=\";\" class=\"date-icon date-icon-circle\"><\/span><\/div>\n          <div class=\"dmpro_timeline_item_card-wrap\">\n            <div class=\"dmpro_timeline_item_card\">\n              <div class=\"dmpro_timeline_item_image et_pb_css_mix_blend_mode\"><span class=\"et_pb_image_wrap\"><img decoding=\"async\" src=\"https:\/\/leuenberg.eu\/wp-content\/uploads\/2025\/12\/Westminster_Abbey_-_panoramio_8.jpg\" alt=\"\" class=\"\" \/><\/span><\/div>\n              <div class=\"dmpro_timeline_item_content\">\n                <div class=\"dmpro_timeline_date\"><span class=\"dmpro_timeline_date_text\">Seit 1995<\/span><\/div>\n                <div class=\"dmpro_timeline_item_content_text\">\n                  <h4 class=\"dmpro_timeline_item_header\"><span>Dialog mit der Anglikanischen Kirche<\/span><\/h4>\n                  <div class=\"dmpro_timeline_item_description\"><p>Die Gespr\u00e4che zwischen der Leuenberger Gemeinschaft und den anglikanischen Kirchen, die an den Vereinbarungen von Mei\u00dfen und Porvoo beteiligt sind, begann in Liebfrauenberg (Elsass). \u00dcbereinstimmungen, Unterschiede und die M\u00f6glichkeit einer engeren Einheit und wurde als <a href=\"https:\/\/guh1rd-bf.myshopify.com\/en-de\/products\/leuenberg-texts-4-leuenberg-meissen-and-porvoo\">Leuenberger Text 4 <\/a>ver\u00f6ffentlicht. <o:p><\/o:p><\/p>\n<p><b>2012<\/b> Die informellen Gespr\u00e4che f\u00fchrten zu einem<a href=\"https:\/\/leuenberg.eu\/de\/download\/ecumenical-dialogues\/?wpdmdl=3108&ind=1770101518578&refresh=cce8848f&filename=GEKE_Anglican_memorandum_Dez-2012_DE-1.pdf\"> Memorandum der Bekr\u00e4ftigung und Verpflichtung<\/a>, das 2012 unterzeichnet wurde.<o:p><\/o:p><\/p>\n<p><b>Aktueller Stand:<\/b> Gegenseitige Initiativen aus dem anglikanischen und dem GEKE-Kontext, die auf einem gemeinsamen Verst\u00e4ndnis des Evangeliums und der Sakramente beruhen, zielen darauf ab, das gemeinsame Leben und die gemeinsame Arbeit zu intensivieren. Dar\u00fcber hinaus stehen eine Reihe von GEKE-Mitgliedskirchen in voller kirchlicher Gemeinschaft mit anglikanischen Kirchen und bauen zusammen mit einigen GEKE-Teilnehmerkirchen auf unterschiedliche Weise Br\u00fccken \u00fcber diese bestehenden Beziehungen.<\/p><\/div>\n                <\/div>\n                \n              <\/div> <!-- .dmpro_timeline_item_content -->\n            <\/div> <!-- .dmpro_timeline_item_card -->\n          <\/div>\n        <\/div>\n      <\/div>\n\t\t\n\t\t\t\t<\/div>\n\t\t\t<\/div><div class=\"et_pb_module et_d4_element dmpro_timeline_item dmpro_timeline_item_2\">\n\t\t\t\t\n\t\t\t\t\n\t\t\t\t\n\t\t\t\t\n\t\t\t\t\n\t\t\t\t\n\t\t\t\t<div class=\"et_pb_module_inner\">\n\t\t\t\t\t<div class=\"dmpro_timeline_item_custom_classes dmpro_timeline_item_position_top et_pb_bg_layout_\">\n        <div class=\"dmpro_timeline_item_container\">\n          <div class=\"dmpro_timeline_date\"><span class=\"dmpro_timeline_date_text\">Seit 2002<\/span><\/div>\n          <div class=\"et_pb_image_wrap date-icon-wrap\"><span data-icon=\";\" class=\"date-icon date-icon-circle\"><\/span><\/div>\n          <div class=\"dmpro_timeline_item_card-wrap\">\n            <div class=\"dmpro_timeline_item_card\">\n              <div class=\"dmpro_timeline_item_image et_pb_css_mix_blend_mode\"><span class=\"et_pb_image_wrap\"><img decoding=\"async\" src=\"https:\/\/leuenberg.eu\/wp-content\/uploads\/2025\/12\/logo_baptisten_og.png\" alt=\"\" class=\"\" \/><\/span><\/div>\n              <div class=\"dmpro_timeline_item_content\">\n                <div class=\"dmpro_timeline_date\"><span class=\"dmpro_timeline_date_text\">Seit 2002<\/span><\/div>\n                <div class=\"dmpro_timeline_item_content_text\">\n                  <h4 class=\"dmpro_timeline_item_header\"><span>Dialog mit dem Rat der Baptisten<\/span><\/h4>\n                  <div class=\"dmpro_timeline_item_description\"><p>Die GEKE und die Europ\u00e4ische Baptistische F\u00f6deration nahmen offizielle Gespr\u00e4che auf (2002\u20132004), um M\u00f6glichkeiten und Herausforderungen auf dem Weg zur vollen Kirchengemeinschaft zu erkunden und die Zusammenarbeit zu st\u00e4rken.<\/p>\n<p><strong>2006<\/strong>: Der abschlie\u00dfende Text \u201eDer Beginn des christlichen Lebens und das Wesen der Kirche\u201c wurde als <a href=\"https:\/\/guh1rd-bf.myshopify.com\/en-de\/products\/leuenberg-texts-10-dialogue-between-ebf-and-cpce-on-the-doctrine-and-practice-of-baptism-copy\">Leuenberger Text 9<\/a>\u00a0ver\u00f6ffentlicht.<\/p>\n<p><strong>2010<\/strong> Es wurde eine formelle <a href=\"https:\/\/leuenberg.eu\/de\/download\/ecumenical-dialogues\/?wpdmdl=3108&ind=1770101520458&refresh=e2ed3fa1&filename=Vereinbarung-EBF_GEKE-September-2010-1.pdf\">Vereinbarung<\/a> geschlossen, die die GEKE und die Europ\u00e4ische Baptistische F\u00f6deration als kooperierende Gremien etablierte.<\/p>\n<p><strong>2024<\/strong>: Die GEKE-Vollversammlung und der Rat der Europ\u00e4ischen Baptistenf\u00f6deration beschlossen, den Dialog \u2013 derzeit der Schwerpunkt der GEKE-Dialoge \u2013 wieder aufzunehmen, um verantwortungsvolle M\u00f6glichkeiten f\u00fcr den Beitritt einzelner EBF-Mitgliedsverb\u00e4nde zur GEKE auszuarbeiten.<\/p><\/div>\n                <\/div>\n                \n              <\/div> <!-- .dmpro_timeline_item_content -->\n            <\/div> <!-- .dmpro_timeline_item_card -->\n          <\/div>\n        <\/div>\n      <\/div>\n\t\t\n\t\t\t\t<\/div>\n\t\t\t<\/div><div class=\"et_pb_module et_d4_element dmpro_timeline_item dmpro_timeline_item_3\">\n\t\t\t\t\n\t\t\t\t\n\t\t\t\t\n\t\t\t\t\n\t\t\t\t\n\t\t\t\t\n\t\t\t\t<div class=\"et_pb_module_inner\">\n\t\t\t\t\t<div class=\"dmpro_timeline_item_custom_classes dmpro_timeline_item_position_top et_pb_bg_layout_\">\n        <div class=\"dmpro_timeline_item_container\">\n          <div class=\"dmpro_timeline_date\"><span class=\"dmpro_timeline_date_text\">2002-2008<\/span><\/div>\n          <div class=\"et_pb_image_wrap date-icon-wrap\"><span data-icon=\";\" class=\"date-icon date-icon-circle\"><\/span><\/div>\n          <div class=\"dmpro_timeline_item_card-wrap\">\n            <div class=\"dmpro_timeline_item_card\">\n              <div class=\"dmpro_timeline_item_image et_pb_css_mix_blend_mode\"><span class=\"et_pb_image_wrap\"><img decoding=\"async\" src=\"https:\/\/leuenberg.eu\/wp-content\/uploads\/2025\/12\/Orthodoxe-kirche-okumenische-Dialoge.jpg\" alt=\"\" class=\"\" \/><\/span><\/div>\n              <div class=\"dmpro_timeline_item_content\">\n                <div class=\"dmpro_timeline_date\"><span class=\"dmpro_timeline_date_text\">2002-2008<\/span><\/div>\n                <div class=\"dmpro_timeline_item_content_text\">\n                  <h4 class=\"dmpro_timeline_item_header\"><span>Dialog mit der Orthodoxie<\/span><\/h4>\n                  <div class=\"dmpro_timeline_item_description\"><p>Auf Kreta begann ein strukturierter Dialog \u00fcber Ekklesiologie zwischen der Leuenberger Kirchengemeinschaft und den orthodoxen Kirchen der <a href=\"https:\/\/ceceurope.org\/\">Konferenz Europ\u00e4ischer Kirchen<\/a>, basierend auf der Studie<a href=\"https:\/\/leuenberg.eu\/de\/download\/doctrinal-conversations\/?wpdmdl=3103&ind=1769455225808&refresh=10978fd3&filename=07944-lt-1-fischer-poder-die-kirche-jesu-christi-the-church-of-jesus-christ-open-access.pdf\"> Die Kirche Jesu Christi<\/a> und ihrer Vision von \u201eEinheit in vers\u00f6hnter Verschiedenheit\u201c.<\/p>\n<p><strong>2008<\/strong> Nach weiteren Konsultationen in Wittenberg und Istanbul zu theologischen und praktischen Fragen, darunter die gegenseitige Anerkennung der Taufe, wurde der Prozess in Wien mit einem gemeinsamen Kommuniqu\u00e9 abgeschlossen, in dem konkrete Schritte zur Anerkennung der Taufe empfohlen wurden und das als <a href=\"https:\/\/guh1rd-bf.myshopify.com\/en-de\/products\/leuenberg-texts-12-baptism-in-the-life-of-the-churches\">Leuenberger Text 12<\/a> ver\u00f6ffentlicht wurde.<\/p><\/div>\n                <\/div>\n                \n              <\/div> <!-- .dmpro_timeline_item_content -->\n            <\/div> <!-- .dmpro_timeline_item_card -->\n          <\/div>\n        <\/div>\n      <\/div>\n\t\t\n\t\t\t\t<\/div>\n\t\t\t<\/div><div class=\"et_pb_module et_d4_element dmpro_timeline_item dmpro_timeline_item_4\">\n\t\t\t\t\n\t\t\t\t\n\t\t\t\t\n\t\t\t\t\n\t\t\t\t\n\t\t\t\t\n\t\t\t\t<div class=\"et_pb_module_inner\">\n\t\t\t\t\t<div class=\"dmpro_timeline_item_custom_classes dmpro_timeline_item_position_top et_pb_bg_layout_\">\n        <div class=\"dmpro_timeline_item_container\">\n          <div class=\"dmpro_timeline_date\"><span class=\"dmpro_timeline_date_text\">Seit 2013<\/span><\/div>\n          <div class=\"et_pb_image_wrap date-icon-wrap\"><span data-icon=\";\" class=\"date-icon date-icon-circle\"><\/span><\/div>\n          <div class=\"dmpro_timeline_item_card-wrap\">\n            <div class=\"dmpro_timeline_item_card\">\n              <div class=\"dmpro_timeline_item_image et_pb_css_mix_blend_mode\"><span class=\"et_pb_image_wrap\"><img decoding=\"async\" src=\"https:\/\/leuenberg.eu\/wp-content\/uploads\/2025\/12\/Vatikan-okumenische-Dialoge.jpg\" alt=\"\" class=\"\" \/><\/span><\/div>\n              <div class=\"dmpro_timeline_item_content\">\n                <div class=\"dmpro_timeline_date\"><span class=\"dmpro_timeline_date_text\">Seit 2013<\/span><\/div>\n                <div class=\"dmpro_timeline_item_content_text\">\n                  <h4 class=\"dmpro_timeline_item_header\"><span>Dialog mit der r\u00f6misch-katholischen Kirche<\/span><\/h4>\n                  <div class=\"dmpro_timeline_item_description\"><p><strong>Seit 2013<\/strong>: <strong>Gespr\u00e4che mit<\/strong><strong> der katholischen Kirche <\/strong><\/p>\n<p>Es fand eine Reihe von Konsultationen zwischen Vertretern der Gemeinschaft Evangelischer Kirchen in Europa und dem P\u00e4pstlichen Rat zur F\u00f6rderung der Einheit der Christen statt, bei denen auf der Grundlage von <a href=\"https:\/\/www.vatican.va\/archive\/hist_councils\/ii_vatican_council\/documents\/vat-ii_const_19641121_lumen-gentium_ge.html\">Lumen Gentium <\/a>und <a href=\"https:\/\/guh1rd-bf.myshopify.com\/en-de\/products\/leuenberg-texts-1-the-church-of-jesus-christ\">Die Kirche Jesu Christi<\/a> bedeutende \u00dcbereinstimmungen im Verst\u00e4ndnis der Kirche, ihrer \u00c4mter und der kirchlichen Gemeinschaft festgestellt wurden.<\/p>\n<p><strong>2018<\/strong> Der gemeinsame <a href=\"https:\/\/leuenberg.eu\/de\/was-wir-tun\/oekumenische-dialoge\/?wpdmdl=3108&ind=1770101516752&refresh=1099e745&filename=Einheitsrat-Final-DE-1.pdf\">Bericht \u00fcber Kirche und Kirchengemeinschaft<\/a> wurde von der GEKE-Vollversammlung begr\u00fc\u00dft, und die Absicht, einen offiziellen Dialog aufzunehmen, wurde formell und einvernehmlich bekr\u00e4ftigt.<\/p>\n<p><strong>2025: <\/strong>Die offizielle Dialogphase fand statt und wurde derzeit in gegenseitigem Einvernehmen ausgesetzt, wobei beide Seiten planen, in den kommenden Jahren gemeinsam \u00fcber die Fortsetzung zu entscheiden.<\/p><\/div>\n                <\/div>\n                \n              <\/div> <!-- .dmpro_timeline_item_content -->\n            <\/div> <!-- .dmpro_timeline_item_card -->\n          <\/div>\n        <\/div>\n      <\/div>\n\t\t\n\t\t\t\t<\/div>\n\t\t\t<\/div><div class=\"et_pb_module et_d4_element dmpro_timeline_item dmpro_timeline_item_5\">\n\t\t\t\t\n\t\t\t\t\n\t\t\t\t\n\t\t\t\t\n\t\t\t\t\n\t\t\t\t\n\t\t\t\t<div class=\"et_pb_module_inner\">\n\t\t\t\t\t<div class=\"dmpro_timeline_item_custom_classes dmpro_timeline_item_position_top et_pb_bg_layout_\">\n        <div class=\"dmpro_timeline_item_container\">\n          <div class=\"dmpro_timeline_date\"><span class=\"dmpro_timeline_date_text\">2022<\/span><\/div>\n          <div class=\"et_pb_image_wrap date-icon-wrap\"><span data-icon=\";\" class=\"date-icon date-icon-circle\"><\/span><\/div>\n          <div class=\"dmpro_timeline_item_card-wrap\">\n            <div class=\"dmpro_timeline_item_card\">\n              <div class=\"dmpro_timeline_item_image et_pb_css_mix_blend_mode\"><span class=\"et_pb_image_wrap\"><img decoding=\"async\" src=\"https:\/\/leuenberg.eu\/wp-content\/uploads\/2025\/12\/Migrationskirchen.jpg\" alt=\"\" class=\"\" \/><\/span><\/div>\n              <div class=\"dmpro_timeline_item_content\">\n                <div class=\"dmpro_timeline_date\"><span class=\"dmpro_timeline_date_text\">2022<\/span><\/div>\n                <div class=\"dmpro_timeline_item_content_text\">\n                  <h4 class=\"dmpro_timeline_item_header\"><span>Dialog mit Migrationskirchen in Europa<\/span><\/h4>\n                  <div class=\"dmpro_timeline_item_description\"><p>Vertreter der CPCE trafen sich in London mit Migrantenkirchen, um die Beziehungen und den theologischen Austausch zu vertiefen, insbesondere mit den<a href=\"https:\/\/www.cnsunificationeuropechapter.org\/\"> Cherubim- und Seraphim-Kirchen<\/a> und der Presbyterianischen Kirche in Ghana. Die Treffen umfassten gemeinsame Gottesdienste, Diskussionen \u00fcber Spiritualit\u00e4t, Heilung und Sakramente sowie die Unterzeichnung einer Absichtserkl\u00e4rung zur Fortsetzung des Dialogs, was einen wichtigen Schritt hin zu einer engeren Zusammenarbeit mit den von Migration gepr\u00e4gten Kirchen in Europa darstellt.<\/p><\/div>\n                <\/div>\n                \n              <\/div> <!-- .dmpro_timeline_item_content -->\n            <\/div> <!-- .dmpro_timeline_item_card -->\n          <\/div>\n        <\/div>\n      <\/div>\n\t\t\n\t\t\t\t<\/div>\n\t\t\t<\/div><\/div>\n          <div class=\"dmpro-timeline-line\"><\/div><div class=\"dmpro-timeline-line__active\"><\/div>\n        <\/div>\n      <\/div>\n      \n\t\t\t\t<\/div>\n\t\t\t<\/div>\n\n<\/div>\n<\/div>\n<\/div>","protected":false},"excerpt":{"rendered":"","protected":false},"author":1,"featured_media":0,"parent":431,"menu_order":4,"comment_status":"closed","ping_status":"closed","template":"","meta":{"_acf_changed":false,"_et_pb_use_builder":"on","_et_pb_old_content":"","_et_gb_content_width":"","footnotes":""},"class_list":["post-501","page","type-page","status-publish","hentry"],"acf":[],"_links":{"self":[{"href":"https:\/\/www.leuenberg.eu\/de\/wp-json\/wp\/v2\/pages\/501","targetHints":{"allow":["GET"]}}],"collection":[{"href":"https:\/\/www.leuenberg.eu\/de\/wp-json\/wp\/v2\/pages"}],"about":[{"href":"https:\/\/www.leuenberg.eu\/de\/wp-json\/wp\/v2\/types\/page"}],"author":[{"embeddable":true,"href":"https:\/\/www.leuenberg.eu\/de\/wp-json\/wp\/v2\/users\/1"}],"replies":[{"embeddable":true,"href":"https:\/\/www.leuenberg.eu\/de\/wp-json\/wp\/v2\/comments?post=501"}],"version-history":[{"count":0,"href":"https:\/\/www.leuenberg.eu\/de\/wp-json\/wp\/v2\/pages\/501\/revisions"}],"up":[{"embeddable":true,"href":"https:\/\/www.leuenberg.eu\/de\/wp-json\/wp\/v2\/pages\/431"}],"wp:attachment":[{"href":"https:\/\/www.leuenberg.eu\/de\/wp-json\/wp\/v2\/media?parent=501"}],"curies":[{"name":"wp","href":"https:\/\/api.w.org\/{rel}","templated":true}]}}