{"id":494,"date":"2025-07-30T15:51:07","date_gmt":"2025-07-30T14:51:07","guid":{"rendered":"https:\/\/2025.leuenberg.eu\/was-wir-tun\/arbeitsgemeinschaften-und-kooperationen\/"},"modified":"2026-02-12T09:42:35","modified_gmt":"2026-02-12T09:42:35","slug":"arbeitsgemeinschaften-und-kooperationen","status":"publish","type":"page","link":"https:\/\/www.leuenberg.eu\/de\/was-wir-tun\/arbeitsgemeinschaften-und-kooperationen\/","title":{"rendered":"Arbeitsgemeinschaften und Kooperationen"},"content":{"rendered":"<div class=\"et_pb_section_0 et_pb_section et_section_regular et_block_section\">\n<div class=\"et_pb_row_0 et_pb_row et_block_row\">\n<div class=\"et_pb_column_0 et_pb_column et_pb_column_4_4 et-last-child et_block_column et_pb_css_mix_blend_mode_passthrough\">\n<div class=\"et_pb_text_0 et_pb_text et_pb_bg_layout_light et_pb_module et_block_module preset--module--divi-text--default\"><div class=\"et_pb_text_inner\"><h1 style=\"text-align: center;\">Kooperationen<\/h1>\n<\/div><\/div>\n<\/div>\n<\/div>\n<\/div>\n\n<div class=\"et_pb_section_1 et_pb_section et_section_regular et_block_section\">\n<div class=\"et_pb_row_1 et_pb_row et_flex_row\">\n<div class=\"et_pb_column_1 et_pb_column et-last-child et_flex_column et_pb_css_mix_blend_mode_passthrough et_flex_column_24_24 et_flex_column_24_24_tablet et_flex_column_24_24_phone\">\n<div class=\"et_pb_row_2 et_pb_row et_pb_row_nested et_flex_row\">\n<div class=\"et_pb_column_2 et_pb_column et_flex_column et_pb_css_mix_blend_mode_passthrough et_flex_column_16_24 et_flex_column_16_24_tablet et_flex_column_24_24_phone\">\n<div class=\"et_pb_text_1 et_pb_text et_pb_bg_layout_light et_pb_module et_flex_module preset--module--divi-text--default\"><div class=\"et_pb_text_inner\"><h2>Fellowship of the Middle East Evangelical Churches<\/h2>\n<p>Die protestantischen Kirchen im Nahen Osten schlossen sich 2006 mit der Amman-Erkl\u00e4rung zu einer Kirchengemeinschaft zusammen. Wie in der Leuenberger Konkordie von 1973 erkennen sie die Sakramente, \u00c4mter und Ordinationen der teilnehmenden Kirchen an und verpflichten sich zur Kanzel- und Abendmahlsgemeinschaft sowie zu ihrem gemeinsamen Zeugnis und Dienst.<\/p>\n<p>Damit ist die Gemeinschaft der evangelischen Kirchen im Nahen Osten (FMEEC) die Schwesterkirchengemeinschaft der GEKE im Nahen Osten.<\/p>\n<p>Die GEKE-Vollversammlung 2018 in Basel gab den Auftrag, die Beziehungen zur FMEEC zu intensivieren. <span>Diese Verbindung besteht einerseits in der Einbeziehung von Delegierten der FMEEC in bestimmte Arbeitsbereiche und Konsultationen der GEKE (h\u00e4ufig allerdings erschwert oder verhindert durch verweigerte Visa), andererseits in der Unterst\u00fctzung von<a href=\"https:\/\/leuenberg.eu\/de\/was-wir-tun\/zeugnis-und-dienstgemeinschaft\/\"> Sozialprojekten<\/a> in Zusammenarbeit mit dem <a href=\"https:\/\/www.gustav-adolf-werk.de\/\">Gustav-Adolf-Werk<\/a>.\u00a0<\/span><span><\/span><\/p>\n<\/div><\/div>\n<\/div>\n\n<div class=\"et_pb_column_3 et_pb_column et-last-child et_flex_column et_pb_css_mix_blend_mode_passthrough et_flex_column_8_24 et_flex_column_8_24_tablet et_flex_column_24_24_phone\">\n<div class=\"et_pb_image_0 et_pb_image et_pb_module et_flex_module\"><span class=\"et_pb_image_wrap\"><img loading=\"lazy\" decoding=\"async\" src=\"https:\/\/leuenberg.eu\/wp-content\/uploads\/2026\/01\/Logo-FMEEC.jpg\" title=\"Logo FMEEC\" width=\"1080\" height=\"1080\" srcset=\"https:\/\/www.leuenberg.eu\/wp-content\/uploads\/2026\/01\/Logo-FMEEC.jpg 1080w, https:\/\/www.leuenberg.eu\/wp-content\/uploads\/2026\/01\/Logo-FMEEC-300x300.jpg 300w, https:\/\/www.leuenberg.eu\/wp-content\/uploads\/2026\/01\/Logo-FMEEC-1024x1024.jpg 1024w, https:\/\/www.leuenberg.eu\/wp-content\/uploads\/2026\/01\/Logo-FMEEC-150x150.jpg 150w, https:\/\/www.leuenberg.eu\/wp-content\/uploads\/2026\/01\/Logo-FMEEC-768x768.jpg 768w, https:\/\/www.leuenberg.eu\/wp-content\/uploads\/2026\/01\/Logo-FMEEC-980x980.jpg 980w, https:\/\/www.leuenberg.eu\/wp-content\/uploads\/2026\/01\/Logo-FMEEC-480x480.jpg 480w\" sizes=\"(max-width: 1080px) 100vw, 1080px\" class=\"wp-image-3466\" \/><\/span><\/div>\n<\/div>\n<\/div>\n<\/div>\n<\/div>\n\n<div class=\"et_pb_row_3 et_pb_row et_flex_row\">\n<div class=\"et_pb_column_4 et_pb_column et-last-child et_flex_column et_pb_css_mix_blend_mode_passthrough et_flex_column_24_24 et_flex_column_24_24_tablet et_flex_column_24_24_phone\">\n<div class=\"et_pb_row_4 et_pb_row et_pb_row_nested et_block_row\">\n<div class=\"et_pb_column_5 et_pb_column et_pb_column_2_3 et_block_column et_pb_css_mix_blend_mode_passthrough\">\n<div class=\"et_pb_text_2 et_pb_text et_pb_bg_layout_light et_pb_module et_block_module preset--module--divi-text--default\"><div class=\"et_pb_text_inner\"><h2><a href=\"https:\/\/www.gustav-adolf-werk.de\/\">Gustav-Adolf-Werk<\/a><\/h2>\n<p>Das<a href=\"https:\/\/www.gustav-adolf-werk.de\/\"> <b>Gustav-Adolf-Werk e. V.<\/b> <\/a>der <a href=\"https:\/\/de.wikipedia.org\/wiki\/Evangelische_Kirche_in_Deutschland\">Evangelischen Kirche in Deutschland<\/a>, gegr\u00fcndet 1832, ist die \u00e4lteste \u00fcberregionale protestantische Hilfsorganisation in Deutschland. Es hat seinen Sitz in <a href=\"https:\/\/de.wikipedia.org\/wiki\/Leipzig\">Leipzig<\/a> und tr\u00e4gt den Namen des schwedischen K\u00f6nigs <a href=\"https:\/\/de.wikipedia.org\/wiki\/Gustav_II._Adolf_(Schweden)\">Gustav II. Adolf<\/a>. Das GAW ist eine Dachorganisation f\u00fcr 21 Hauptgruppen (Gustav-Adolf-Werke in den protestantischen <a href=\"https:\/\/de.wikipedia.org\/wiki\/Landeskirche\">Landeskirchen<\/a>) und 19 Frauengruppen. Der Verein hilft \u201eevangelischen Gemeinschaften weltweit, ihren Glauben an Jesus Christus in Freiheit zu leben und in ihrem Umfeld diakonisch t\u00e4tig zu sein\u201c.<\/p>\n<p>Seit Jahrzehnten f\u00fchrt das <a href=\"https:\/\/www.gustav-adolf-werk.de\/partner.html\">GAW<\/a> zahlreiche Hilfsprojekte f\u00fcr evangelische Minderheiten rund um den Globus durch. F\u00fcr die GEKE ist es der ideale Projektpartner f\u00fcr die Umsetzung <a href=\"https:\/\/leuenberg.eu\/de\/was-wir-tun\/zeugnis-und-dienstgemeinschaft\/\">sozialer Projekte<\/a>, vor allem in Osteuropa.<\/p>\n<p>Es gibt viel zu tun \u2013 zum Beispiel die Schaffung eines sozialen Sicherheitsnetzes f\u00fcr Kinder und Jugendliche, deren Eltern im Ausland arbeiten. Wichtig ist auch die Sicherstellung der medizinischen Versorgung in verwaisten Regionen.<\/p>\n<p>Die Mittel werden \u00fcber die Otto-per-mille Kultursteuer von<a href=\"https:\/\/www.gustav-adolf-werk.de\/italien.html\">\u00a0Waldenserkirche in Italien<\/a>, die Mitgliedskirche der GEKE ist.<\/p>\n<\/div><\/div>\n<\/div>\n\n<div class=\"et_pb_column_6 et_pb_column et_pb_column_1_3 et-last-child et_block_column et_pb_css_mix_blend_mode_passthrough\">\n<div class=\"et_pb_image_1 et_pb_image et_pb_module et_block_module\"><\/div>\n\n<div class=\"et_pb_image_2 et_pb_image et_pb_module et_block_module\"><a href=\"https:\/\/leuenberg.eu\/wp-content\/uploads\/2026\/01\/2026_Jahreslosung_Motiv.jpg\" class=\"et_pb_lightbox_image\"><span class=\"et_pb_image_wrap\"><img loading=\"lazy\" decoding=\"async\" src=\"https:\/\/leuenberg.eu\/wp-content\/uploads\/2026\/01\/2026_Jahreslosung_Motiv.jpg\" title=\"2026_Jahreslosung_Motiv\" width=\"800\" height=\"569\" srcset=\"https:\/\/www.leuenberg.eu\/wp-content\/uploads\/2026\/01\/2026_Jahreslosung_Motiv.jpg 800w, https:\/\/www.leuenberg.eu\/wp-content\/uploads\/2026\/01\/2026_Jahreslosung_Motiv-300x213.jpg 300w, https:\/\/www.leuenberg.eu\/wp-content\/uploads\/2026\/01\/2026_Jahreslosung_Motiv-768x546.jpg 768w, https:\/\/www.leuenberg.eu\/wp-content\/uploads\/2026\/01\/2026_Jahreslosung_Motiv-400x284.jpg 400w, https:\/\/www.leuenberg.eu\/wp-content\/uploads\/2026\/01\/2026_Jahreslosung_Motiv-480x341.jpg 480w\" sizes=\"(max-width: 800px) 100vw, 800px\" class=\"wp-image-3457\" \/><\/span><\/a><\/div>\n\n<div class=\"et_pb_image_3 et_pb_image et_pb_module et_block_module\"><\/div>\n<\/div>\n<\/div>\n<\/div>\n<\/div>\n\n<div class=\"et_pb_row_5 et_pb_row et_flex_row\">\n<div class=\"et_pb_column_7 et_pb_column et-last-child et_flex_column et_pb_css_mix_blend_mode_passthrough et_flex_column_24_24 et_flex_column_24_24_tablet et_flex_column_24_24_phone\">\n<div class=\"et_pb_row_6 et_pb_row et_pb_row_nested et_flex_row\">\n<div class=\"et_pb_column_8 et_pb_column et_flex_column et_pb_css_mix_blend_mode_passthrough et_flex_column_16_24 et_flex_column_16_24_tablet et_flex_column_24_24_phone\">\n<div class=\"et_pb_text_3 et_pb_text et_pb_bg_layout_light et_pb_module et_flex_module preset--module--divi-text--default\"><div class=\"et_pb_text_inner\"><h2>ZETO<\/h2>\n<p>Das <a href=\"https:\/\/www.zeto-sibiu.net\/\">ZETO<\/a> mit Sitz in Hermannstadt\/Sibiu (Rum\u00e4nien) ist eine theologische Einrichtung, die evangelische Theologie f\u00fcr die Kirchen und die Zivilgesellschaften im orthodoxen Kontext fruchtbar machen soll. Wichtige Themen sind damit einerseits der Dialog zwischen Protestantismus und Orthodoxie, aber auch die Diasporasituation evangelischer Kirchen.<\/p>\n<p>Die drei Standbeine des ZETO sind <a href=\"https:\/\/ev-theol.ro\/\">\u201eAusbildung\u201c<\/a> (Departement f\u00fcr evangelische Theologie der Lucian-Blaga-Universit\u00e4t), <a href=\"https:\/\/ecum.ro\/\">\u201eOrthodoxie und \u00d6kumene\u201c<\/a> (am Institut f\u00fcr \u00d6kumenische Forschung, Hermannstadt\/Sibiu) und<a href=\"https:\/\/teutsch.ro\/\"> \u201eZivilgesellschaft\u201c<\/a> (am Begegnungs- und Kulturzentrum Friedrich-Teutsch-Haus, Hermannstadt\/Sibiu). Die drei Institutionen in unterschiedlicher Tr\u00e4gerschaft haben sich zum ZETO zusammengeschlossen.<\/p>\n<p>Mit dem ZETO besteht ein Kompetenzzentrum im orthodoxen Umfeld, das einerseits der Ausbildung von Pfarrerinnen und Pfarrern sowie Religionslehrerinnen und Religionslehrern aus evangelischen Diasporakirchen in diesem Kontext dient und andererseits diese Kirchen, die sich in der orthodoxen Welt behaupten, zu regelm\u00e4\u00dfigen Konsultationen und Vernetzungstreffen zusammenbringt.\u00a0<a href=\"https:\/\/www.epd.de\/fachdienst\/dokumentation\/ausgaben_2020\"><\/a><\/p>\n<p>Das ZETO bietet neben dem Studium der Evangelischen Theologie an der Lucian-Blaga-Universit\u00e4t auch ein \u00d6kumenesemester am Institut f\u00fcr \u00d6kumenische Forschung, das auch von der orthodoxen Fakult\u00e4t mitgetragen wird, f\u00fcr Studierende und Pfarrerinnen und Pfarrer im Kontaktstudium, bzw. Sabbatical, sowie die M\u00f6glichkeit f\u00fcr Sprachkurse, Forschungsaufenthalte, Gastvikariate u.a.<\/p>\n<\/div><\/div>\n<\/div>\n\n<div class=\"et_pb_column_9 et_pb_column et-last-child et_flex_column et_pb_css_mix_blend_mode_passthrough et_flex_column_8_24 et_flex_column_8_24_tablet et_flex_column_24_24_phone\">\n<div class=\"et_pb_image_4 et_pb_image et_pb_module et_block_module\"><a href=\"https:\/\/leuenberg.eu\/wp-content\/uploads\/2025\/08\/Picture7.png\" class=\"et_pb_lightbox_image\"><span class=\"et_pb_image_wrap\"><img decoding=\"async\" src=\"https:\/\/leuenberg.eu\/wp-content\/uploads\/2025\/08\/Picture7.png\" title=\"Picture7\" \/><\/span><\/a><\/div>\n\n<div class=\"et_pb_image_5 et_pb_image et_pb_module et_block_module\"><a href=\"https:\/\/leuenberg.eu\/wp-content\/uploads\/2025\/12\/ZETO-Leuenberg-agreeement.jpg\" class=\"et_pb_lightbox_image\"><span class=\"et_pb_image_wrap\"><img loading=\"lazy\" decoding=\"async\" src=\"https:\/\/leuenberg.eu\/wp-content\/uploads\/2025\/12\/ZETO-Leuenberg-agreeement.jpg\" title=\"ZETO Leuenberg agreeement\" width=\"940\" height=\"788\" srcset=\"https:\/\/www.leuenberg.eu\/wp-content\/uploads\/2025\/12\/ZETO-Leuenberg-agreeement.jpg 940w, https:\/\/www.leuenberg.eu\/wp-content\/uploads\/2025\/12\/ZETO-Leuenberg-agreeement-300x251.jpg 300w, https:\/\/www.leuenberg.eu\/wp-content\/uploads\/2025\/12\/ZETO-Leuenberg-agreeement-768x644.jpg 768w, https:\/\/www.leuenberg.eu\/wp-content\/uploads\/2025\/12\/ZETO-Leuenberg-agreeement-480x402.jpg 480w\" sizes=\"(max-width: 940px) 100vw, 940px\" class=\"wp-image-2942\" \/><\/span><\/a><\/div>\n\n<div class=\"et_pb_image_6 et_pb_image et_pb_module et_block_module\"><a href=\"https:\/\/leuenberg.eu\/wp-content\/uploads\/2025\/12\/ZETO-Teutsch-Haus-Website.jpg\" class=\"et_pb_lightbox_image\"><span class=\"et_pb_image_wrap\"><img loading=\"lazy\" decoding=\"async\" src=\"https:\/\/leuenberg.eu\/wp-content\/uploads\/2025\/12\/ZETO-Teutsch-Haus-Website.jpg\" title=\"ZETO Teutsch Haus Website\" width=\"1910\" height=\"500\" srcset=\"https:\/\/www.leuenberg.eu\/wp-content\/uploads\/2025\/12\/ZETO-Teutsch-Haus-Website.jpg 1910w, https:\/\/www.leuenberg.eu\/wp-content\/uploads\/2025\/12\/ZETO-Teutsch-Haus-Website-300x79.jpg 300w, https:\/\/www.leuenberg.eu\/wp-content\/uploads\/2025\/12\/ZETO-Teutsch-Haus-Website-1024x268.jpg 1024w, https:\/\/www.leuenberg.eu\/wp-content\/uploads\/2025\/12\/ZETO-Teutsch-Haus-Website-768x201.jpg 768w, https:\/\/www.leuenberg.eu\/wp-content\/uploads\/2025\/12\/ZETO-Teutsch-Haus-Website-1536x402.jpg 1536w, https:\/\/www.leuenberg.eu\/wp-content\/uploads\/2025\/12\/ZETO-Teutsch-Haus-Website-1080x283.jpg 1080w, https:\/\/www.leuenberg.eu\/wp-content\/uploads\/2025\/12\/ZETO-Teutsch-Haus-Website-1280x335.jpg 1280w, https:\/\/www.leuenberg.eu\/wp-content\/uploads\/2025\/12\/ZETO-Teutsch-Haus-Website-980x257.jpg 980w, https:\/\/www.leuenberg.eu\/wp-content\/uploads\/2025\/12\/ZETO-Teutsch-Haus-Website-480x126.jpg 480w\" sizes=\"(max-width: 1910px) 100vw, 1910px\" class=\"wp-image-2940\" \/><\/span><\/a><\/div>\n<\/div>\n<\/div>\n<\/div>\n<\/div>\n\n<div class=\"et_pb_row_7 et_pb_row et_block_row\">\n<div class=\"et_pb_column_10 et_pb_column et_pb_column_2_3 et_block_column et_pb_css_mix_blend_mode_passthrough\">\n<div class=\"et_pb_text_4 et_pb_text et_pb_bg_layout_light et_pb_module et_block_module preset--module--divi-text--default\"><div class=\"et_pb_text_inner\"><h2>Centro Melantone<\/h2>\n<p>Das Melanchthon Zentrum ist das \u00f6kumenische Studienzentrum, das von der\u00a0<a href=\"http:\/\/chiesaluterana.it\/\">Evangelisch-Lutherischen Kirche in Italien (ELKI)<\/a>\u00a0und der\u00a0<a href=\"http:\/\/www.facoltavaldese.org\/\">Waldenser Fakult\u00e4t f\u00fcr Theologie<\/a> im Jahre 2002 gegr\u00fcndet wurde. Das Zentrum versteht sich als Plattform f\u00fcr evangelische Theologinnen und Theologen aus ganz Europa, die die christliche Metropole Rom in ihren vielen Facetten genauer studieren m\u00f6chten.<\/p>\n<h3>Ein Jahr in Rom Theologie studieren<\/h3>\n<p>Das <a href=\"https:\/\/www.centromelantone.org\/\">Centro Melantone<\/a> bietet j\u00e4hrlich in Rom und in italienischer Sprache ein <a href=\"https:\/\/www.centromelantone.org\/it\/annodistudi\/\">Studienjahr<\/a> und einen Sommerkurs f\u00fcr Studierende der Theologie aus anderen L\u00e4ndern an. Das Theologische Studienjahr in Rom bietet die einzigartige Gelegenheit, an p\u00e4pstlichen Hochschulen und an der evangelischen Waldenserfakult\u00e4t f\u00fcr Theologie zu studieren, \u00f6kumenische Erfahrungen zu sammeln und in einer internationalen Gruppe evangelischer Studierender zu reflektieren. Daf\u00fcr nehmen die Studierenden an einem Tutorenprogramm mit dem Studienleiter\/der Studienleiterin des Centro Melantone teil. Das Centro Melantone organisiert einen italienischen Sprachkurs am Beginn des Studienjahres und ist bei der Einschreibung an den r\u00f6mischen Hochschulen behilflich. F\u00fcr zehn Studierende bietet das Studienzentrum Unterkunftsm\u00f6glichkeiten in der Kirchenverwaltung der ELKI an.<\/p>\n<h3>Tagungen und Fortbildung<\/h3>\n<p>Das Studienzentrum bietet dar\u00fcber hinaus regelm\u00e4\u00dfig internationale wissenschaftliche Tagungen sowie Studien- und Fortbildungskurse in Rom f\u00fcr Theologiestudierende, Pfarrerinnen und Pfarrer und Religionslehrerinnen und -lehrer in deutscher und englischer Sprache an. Im Fokus der Tagungen und Kurse stehen kirchenhistorische und \u00f6kumenische Themen, die in direktem Bezug zur Stadt Rom und der r\u00f6misch-katholischen Kirche stehen. Die Veranstaltungen des Centro Melantone finden in der Regel in Kooperation mit anderen Institutionen statt.<\/p>\n<\/div><\/div>\n<\/div>\n\n<div class=\"et_pb_column_11 et_pb_column et_pb_column_1_3 et-last-child et_block_column et_pb_css_mix_blend_mode_passthrough\">\n<div class=\"et_pb_image_7 et_pb_image et_pb_module et_block_module\"><span class=\"et_pb_image_wrap\"><img decoding=\"async\" src=\"https:\/\/leuenberg.eu\/wp-content\/uploads\/2025\/12\/centro-melantone-bild.jpeg\" title=\"centro melantone bild\" \/><\/span><\/div>\n\n<div class=\"et_pb_image_8 et_pb_image et_pb_module et_block_module\"><span class=\"et_pb_image_wrap\"><img decoding=\"async\" src=\"https:\/\/leuenberg.eu\/wp-content\/uploads\/2025\/12\/Centro-melantone-Info.jpg\" title=\"Falter_Dtsch_Studienjahr2011\" \/><\/span><\/div>\n<\/div>\n<\/div>\n\n<div class=\"et_pb_row_8 et_pb_row et_flex_row\">\n<div class=\"et_pb_column_12 et_pb_column et-last-child et_flex_column et_pb_css_mix_blend_mode_passthrough et_flex_column_24_24 et_flex_column_24_24_tablet et_flex_column_24_24_phone\">\n<div class=\"et_pb_row_9 et_pb_row et_pb_row_nested et_block_row\">\n<div class=\"et_pb_column_13 et_pb_column et_pb_column_2_3 et_block_column et_pb_css_mix_blend_mode_passthrough\">\n<div class=\"et_pb_text_5 et_pb_text et_pb_bg_layout_light et_pb_module et_block_module preset--module--divi-text--default\"><div class=\"et_pb_text_inner\"><h2>Bibeldialoge<\/h2>\n<p>Die <a href=\"https:\/\/www.eaberlin.de\/themen\/projekte\/europaeische-bibeldialoge\/\">Europ\u00e4ischen Bibeldialoge<\/a> (ehemals Berliner Bibelwochen) werden seit 1953 von der <a href=\"https:\/\/www.uek-online.de\/\">Union Evangelischer Kirchen in der EKD (Evangelische Kirche in Deutschland)<\/a> veranstaltet werden. Die GEKE schloss sich dieser Initiative 1990 informell an, bevor sie 2017 eine formelle Partnerschaft einging. Ein Seminar pro Jahr richtet sich ausdr\u00fccklich an Gemeindemitglieder aus den Mitgliedskirchen der GEKE, und mehrere Veranstaltungen werden in zwei Sprachen (Deutsch und Englisch) abgehalten. Teilnehmende aus dem Ausland sind zu allen Veranstaltungen herzlich willkommen. Die Veranstaltungen umfassen sowohl Bibelbetrachtungen als auch die Auseinandersetzung mit aktuellen Themen. Sie helfen den Teilnehmenden, von den Erfahrungen anderer GEKE-Kirchen zu profitieren und so unsere Kirchengemeinschaft zu vertiefen.<\/p>\n<p><a href=\"https:\/\/www.eaberlin.de\/themen\/themenspecial\/europaeische-bibeldialoge\/\">Informationen zu den Europ\u00e4ischen Bibelgespr\u00e4chen und das aktuelle Programm finden Sie hier.<\/a><\/p>\n<\/div><\/div>\n<\/div>\n\n<div class=\"et_pb_column_14 et_pb_column et_pb_column_1_3 et-last-child et_block_column et_pb_css_mix_blend_mode_passthrough\">\n<div class=\"et_pb_image_9 et_pb_image et_pb_module et_flex_module\"><span class=\"et_pb_image_wrap\"><img loading=\"lazy\" decoding=\"async\" src=\"https:\/\/leuenberg.eu\/wp-content\/uploads\/2026\/01\/signet-a4-1_cms.jpg\" title=\"signet-a4-1_cms\" width=\"720\" height=\"450\" srcset=\"https:\/\/www.leuenberg.eu\/wp-content\/uploads\/2026\/01\/signet-a4-1_cms.jpg 720w, https:\/\/www.leuenberg.eu\/wp-content\/uploads\/2026\/01\/signet-a4-1_cms-300x188.jpg 300w, https:\/\/www.leuenberg.eu\/wp-content\/uploads\/2026\/01\/signet-a4-1_cms-400x250.jpg 400w, https:\/\/www.leuenberg.eu\/wp-content\/uploads\/2026\/01\/signet-a4-1_cms-480x300.jpg 480w\" sizes=\"(max-width: 720px) 100vw, 720px\" class=\"wp-image-3764\" \/><\/span><\/div>\n<\/div>\n<\/div>\n<\/div>\n<\/div>\n\n<div class=\"et_pb_row_10 et_pb_row et_flex_row\">\n<div class=\"et_pb_column_15 et_pb_column et-last-child et_flex_column et_pb_css_mix_blend_mode_passthrough et_flex_column_16_24 et_flex_column_16_24_tablet et_flex_column_24_24_phone\">\n<div class=\"et_pb_accordion_0 et_pb_accordion et_pb_module et_flex_module\"><\/div>\n<\/div>\n<\/div>\n<\/div>\n\n<div class=\"et_pb_section_2 et_pb_section et_section_regular et_flex_section\">\n<div class=\"et_pb_row_11 et_pb_row et_block_row\">\n<div class=\"et_pb_column_16 et_pb_column et_pb_column_2_3 et_block_column et_pb_css_mix_blend_mode_passthrough\">\n<div class=\"et_pb_text_6 et_pb_text et_pb_bg_layout_light et_pb_module et_block_module preset--module--divi-text--default\"><div class=\"et_pb_text_inner\"><h2>Europ\u00e4ische Melanchton Akademie\u00a0<\/h2>\n<p>Die <a href=\"https:\/\/melanchthon.com\/de\/europaeische-melanchthon-akademie\/dialog-wissenschaft-kultur\/\">Europ\u00e4ische Melanchthon-Akademie<\/a> in Bretten versteht sich als Forschungs- und Bildungsakademie mit internationaler Ausrichtung. Sie verfolgt Melanchthons Ideen in verschiedenen Wissensbereichen und f\u00f6rdert den Dialog zu aktuellen Forschungsthemen durch interdisziplin\u00e4ren Austausch. Zu diesem Zweck arbeitet sie eng mit anderen Bildungseinrichtungen, Universit\u00e4ten und Akademien zusammen. Sie veranstaltet wissenschaftliche Symposien und organisiert international ausgerichtete Stipendienprogramme und interdisziplin\u00e4re Workshops.<\/p>\n<\/div><\/div>\n<\/div>\n\n<div class=\"et_pb_column_17 et_pb_column et_pb_column_1_3 et-last-child et_block_column et_pb_css_mix_blend_mode_passthrough\">\n<div class=\"et_pb_image_10 et_pb_image et_pb_module et_block_module\"><\/div>\n\n<div class=\"et_pb_image_11 et_pb_image et_pb_module et_block_module\"><a href=\"https:\/\/leuenberg.eu\/wp-content\/uploads\/2026\/01\/Museen-Melanchthonhaus-Bretten.jpg\" class=\"et_pb_lightbox_image\"><span class=\"et_pb_image_wrap\"><img loading=\"lazy\" decoding=\"async\" src=\"https:\/\/leuenberg.eu\/wp-content\/uploads\/2026\/01\/Museen-Melanchthonhaus-Bretten.jpg\" title=\"Museen-Melanchthonhaus-Bretten\" width=\"710\" height=\"1200\" srcset=\"https:\/\/www.leuenberg.eu\/wp-content\/uploads\/2026\/01\/Museen-Melanchthonhaus-Bretten.jpg 710w, https:\/\/www.leuenberg.eu\/wp-content\/uploads\/2026\/01\/Museen-Melanchthonhaus-Bretten-178x300.jpg 178w, https:\/\/www.leuenberg.eu\/wp-content\/uploads\/2026\/01\/Museen-Melanchthonhaus-Bretten-606x1024.jpg 606w, https:\/\/www.leuenberg.eu\/wp-content\/uploads\/2026\/01\/Museen-Melanchthonhaus-Bretten-480x811.jpg 480w\" sizes=\"(max-width: 710px) 100vw, 710px\" class=\"wp-image-3789\" \/><\/span><\/a><\/div>\n\n<div class=\"et_pb_image_12 et_pb_image et_pb_module et_block_module\"><\/div>\n<\/div>\n<\/div>\n\n<div class=\"et_pb_row_12 et_pb_row et_block_row\">\n<div class=\"et_pb_column_18 et_pb_column et_pb_column_2_3 et_block_column et_pb_css_mix_blend_mode_passthrough\">\n<div class=\"et_pb_text_7 et_pb_text et_pb_bg_layout_light et_pb_module et_block_module preset--module--divi-text--default\"><div class=\"et_pb_text_inner\"><h2>Konfessionskundliches Zentrum<\/h2>\n<p>Das <a href=\"https:\/\/konfessionskundliches-institut.de\/\">Konfessionskundliche Institut<\/a> in Bensheim <a href=\"https:\/\/konfessionskundliches-institut.de\/wp-content\/uploads\/2022\/02\/Imageflyer_KI_aktuell.pdf\"><\/a>untersucht aktuelle Entwicklungen in den verschiedenen christlichen Konfessionen und f\u00f6rdert den Austausch zwischen akademischer Theologie und kirchlicher Praxis. Es bietet Fortbildungskurse und Seminare zu konfessionellen und \u00f6kumenischen Themen f\u00fcr Pfarrer, Religionslehrer, interessierte Gemeindemitglieder und Studierende an. Dar\u00fcber hinaus ber\u00e4t das Institut f\u00fcr Konfessionskunde Kirchenleiter und Entscheidungstr\u00e4ger, regionale kirchliche \u00d6kumene-Beauftragte, \u00d6kumene-Aussch\u00fcsse und den Evangelischen Bund.<span><a href=\"https:\/\/www.eaberlin.de\/themen\/projekte\/europaeische-bibeldialoge\/#\"><\/a><\/span><a href=\"https:\/\/www.eaberlin.de\/themen\/themenspecial\/europaeische-bibeldialoge\/\" target=\"_blank\" rel=\"noopener noreferrer\"><\/a><\/p>\n<\/div><\/div>\n<\/div>\n\n<div class=\"et_pb_column_19 et_pb_column et_pb_column_1_3 et-last-child et_block_column et_pb_column_empty et_pb_css_mix_blend_mode_passthrough\"><\/div>\n<\/div>\n\n<div class=\"et_pb_row_13 et_pb_row et_block_row\">\n<div class=\"et_pb_column_20 et_pb_column et_pb_column_2_3 et_block_column et_pb_css_mix_blend_mode_passthrough\">\n<div class=\"et_pb_text_8 et_pb_text et_pb_bg_layout_light et_pb_module et_block_module preset--module--divi-text--default\"><div class=\"et_pb_text_inner\"><h2>Johannes a Lasco Bibliothek<\/h2>\n<p>Die <a href=\"https:\/\/www.jalb.de\/\">Johannes-a-Lasco-Bibliothek<\/a> ist eine international anerkannte wissenschaftliche Einrichtung zur Erforschung des reformierten Protestantismus im Kontext der Entwicklung fr\u00fchmoderner Konfessionen. Die Bibliothek betreibt und ver\u00f6ffentlicht interdisziplin\u00e4re und interkonfessionelle Vergleichsforschung, wobei ihre Forschungsaktivit\u00e4ten von einem ebenso interdisziplin\u00e4ren und interkonfessionellen wissenschaftlichen Beirat unterst\u00fctzt werden. Die JALB ist eng mit der Reformierten Kirche in Deutschland verbunden.\u00a0<\/p>\n<\/div><\/div>\n<\/div>\n\n<div class=\"et_pb_column_21 et_pb_column et_pb_column_1_3 et-last-child et_block_column et_pb_css_mix_blend_mode_passthrough\">\n<div class=\"et_pb_image_13 et_pb_image et_pb_module et_flex_module\"><span class=\"et_pb_image_wrap\"><img loading=\"lazy\" decoding=\"async\" src=\"https:\/\/leuenberg.eu\/wp-content\/uploads\/2026\/01\/bibliothek-01_original-1.jpg\" title=\"bibliothek-01_original (1)\" width=\"1200\" height=\"800\" srcset=\"https:\/\/www.leuenberg.eu\/wp-content\/uploads\/2026\/01\/bibliothek-01_original-1.jpg 1200w, https:\/\/www.leuenberg.eu\/wp-content\/uploads\/2026\/01\/bibliothek-01_original-1-300x200.jpg 300w, https:\/\/www.leuenberg.eu\/wp-content\/uploads\/2026\/01\/bibliothek-01_original-1-1024x683.jpg 1024w, https:\/\/www.leuenberg.eu\/wp-content\/uploads\/2026\/01\/bibliothek-01_original-1-768x512.jpg 768w, https:\/\/www.leuenberg.eu\/wp-content\/uploads\/2026\/01\/bibliothek-01_original-1-1080x720.jpg 1080w, https:\/\/www.leuenberg.eu\/wp-content\/uploads\/2026\/01\/bibliothek-01_original-1-980x653.jpg 980w, https:\/\/www.leuenberg.eu\/wp-content\/uploads\/2026\/01\/bibliothek-01_original-1-480x320.jpg 480w\" sizes=\"(max-width: 1200px) 100vw, 1200px\" class=\"wp-image-3787\" \/><\/span><\/div>\n<\/div>\n<\/div>\n<\/div>","protected":false},"excerpt":{"rendered":"","protected":false},"author":1,"featured_media":0,"parent":431,"menu_order":3,"comment_status":"closed","ping_status":"closed","template":"","meta":{"_acf_changed":false,"footnotes":""},"class_list":["post-494","page","type-page","status-publish","hentry"],"acf":[],"_links":{"self":[{"href":"https:\/\/www.leuenberg.eu\/de\/wp-json\/wp\/v2\/pages\/494","targetHints":{"allow":["GET"]}}],"collection":[{"href":"https:\/\/www.leuenberg.eu\/de\/wp-json\/wp\/v2\/pages"}],"about":[{"href":"https:\/\/www.leuenberg.eu\/de\/wp-json\/wp\/v2\/types\/page"}],"author":[{"embeddable":true,"href":"https:\/\/www.leuenberg.eu\/de\/wp-json\/wp\/v2\/users\/1"}],"replies":[{"embeddable":true,"href":"https:\/\/www.leuenberg.eu\/de\/wp-json\/wp\/v2\/comments?post=494"}],"version-history":[{"count":0,"href":"https:\/\/www.leuenberg.eu\/de\/wp-json\/wp\/v2\/pages\/494\/revisions"}],"up":[{"embeddable":true,"href":"https:\/\/www.leuenberg.eu\/de\/wp-json\/wp\/v2\/pages\/431"}],"wp:attachment":[{"href":"https:\/\/www.leuenberg.eu\/de\/wp-json\/wp\/v2\/media?parent=494"}],"curies":[{"name":"wp","href":"https:\/\/api.w.org\/{rel}","templated":true}]}}