{"id":485,"date":"2025-07-30T15:51:07","date_gmt":"2025-07-30T14:51:07","guid":{"rendered":"https:\/\/2025.leuenberg.eu\/was-wir-tun\/gemeinschaft-im-lernen-und-lehren\/"},"modified":"2026-02-12T09:37:38","modified_gmt":"2026-02-12T09:37:38","slug":"akademischer-austausch-und-lehre","status":"publish","type":"page","link":"https:\/\/www.leuenberg.eu\/de\/was-wir-tun\/akademischer-austausch-und-lehre\/","title":{"rendered":"Akademischer Austausch und Lehre"},"content":{"rendered":"<div class=\"et_pb_section_0 et_pb_section et_section_regular et_block_section\">\n<div class=\"et_pb_row_0 et_pb_row et_block_row\">\n<div class=\"et_pb_column_0 et_pb_column et_pb_column_4_4 et-last-child et_block_column et_pb_css_mix_blend_mode_passthrough\">\n<div class=\"et_pb_text_0 et_pb_text et_pb_bg_layout_light et_pb_module et_block_module preset--module--divi-text--default\"><div class=\"et_pb_text_inner\"><h1 style=\"text-align: center;\">Lehren &amp; Lernen<\/h1>\n<\/div><\/div>\n<\/div>\n<\/div>\n<\/div>\n\n<div class=\"et_pb_section_1 et_pb_section et_section_regular et_block_section\">\n<div class=\"et_pb_row_1 et_pb_row et_flex_row\">\n<div class=\"et_pb_column_1 et_pb_column et-last-child et_flex_column et_pb_css_mix_blend_mode_passthrough et_flex_column_24_24 et_flex_column_24_24_tablet et_flex_column_24_24_phone\">\n<div class=\"et_pb_text_1 et_pb_text et_pb_bg_layout_light et_pb_module et_flex_module preset--module--divi-text--default\"><div class=\"et_pb_text_inner\"><h3 style=\"text-align: center;\"><strong>Die Kirchengemeinschaft arbeitet weiterhin daran, ihr gemeinsames Verst\u00e4ndnis des Evangeliums zu vertiefen, zu \u00fcberpr\u00fcfen und zu aktualisieren.<\/strong><\/h3>\n<\/div><\/div>\n<\/div>\n<\/div>\n\n<div class=\"et_pb_row_2 et_pb_row et_flex_row\">\n<div class=\"et_pb_column_2 et_pb_column et_flex_column et_pb_css_mix_blend_mode_passthrough et_flex_column_8_24 et_flex_column_8_24_tablet et_flex_column_24_24_phone\">\n<div class=\"et_pb_text_2 et_pb_text et_pb_bg_layout_light et_pb_module et_block_module preset--module--divi-text--default\"><div class=\"et_pb_text_inner\"><h2>Theologie\u00a0<\/h2>\n<\/div><\/div>\n\n<div class=\"et_pb_image_0 et_pb_image et_pb_module et_flex_module\"><span class=\"et_pb_image_wrap\"><img loading=\"lazy\" decoding=\"async\" src=\"https:\/\/leuenberg.eu\/wp-content\/uploads\/2025\/11\/Ruckblick.jpg\" title=\"Ruckblick\" width=\"500\" height=\"261\" srcset=\"https:\/\/www.leuenberg.eu\/wp-content\/uploads\/2025\/11\/Ruckblick.jpg 500w, https:\/\/www.leuenberg.eu\/wp-content\/uploads\/2025\/11\/Ruckblick-300x157.jpg 300w, https:\/\/www.leuenberg.eu\/wp-content\/uploads\/2025\/11\/Ruckblick-480x251.jpg 480w\" sizes=\"(max-width: 500px) 100vw, 500px\" class=\"wp-image-1902\" \/><\/span><\/div>\n\n<div class=\"et_pb_text_3 et_pb_text et_pb_bg_layout_light et_pb_module et_block_module preset--module--divi-text--default\"><div class=\"et_pb_text_inner\"><p>Systematische und praktische Theologie sind wichtige Bereiche der Arbeit der GEKE. Hier finden Sie detaillierte Informationen \u00fcber die aktuellen Arbeitsprozesse.<\/p>\n<\/div><\/div>\n\n<div class=\"et_pb_toggle_0 et_pb_toggle et_pb_toggle_item et_pb_toggle_close et_pb_module et_flex_module\"><h5 class=\"et_pb_toggle_title\">Lehrgespr\u00e4che in der Kirchengemeinschaft<\/h5><div class=\"et_pb_toggle_content clearfix et_flex_module\"><p>Lehrgespr\u00e4che sind ein wichtiger Bestandteil der theologischen Arbeit der GEKE. Sie umfassen die Ausarbeitung eines gemeinsamen Textes unter breiter Beteiligung der Mitgliedskirchen und zielen auf die Verabschiedung durch die Vollversammlung ab. Diese Gespr\u00e4che konzentrieren sich darauf, wie Kirchen ihre konfessionelle Identit\u00e4t bewahren und gleichzeitig die Einheit f\u00f6rdern k\u00f6nnen, wie historische Bekenntnisse mit dem heutigen Leben in Beziehung gesetzt werden k\u00f6nnen und wie Konfessionalit\u00e4t den Dialog und die gegenseitige Anerkennung unterst\u00fctzen kann.<\/p>\n<\/div><\/div>\n\n<div class=\"et_pb_toggle_1 et_pb_toggle et_pb_toggle_item et_pb_toggle_close et_pb_module et_flex_module\"><h5 class=\"et_pb_toggle_title\">Theologie des Wandels<\/h5><div class=\"et_pb_toggle_content clearfix et_flex_module\"><p>Die GEKE und ihre Arbeit ist auch ein Barometer kirchlicher Entwicklungen in Europa. Sie nimmt die Themen auf, die in den Mitgliedskirchen von aktueller und existentieller Bedeutung sind. Ein heutiges Querschnittsthema sind die Ver\u00e4nderungen innerhalb der Gesellschaft und der Kirchen. Diese reagieren in unterschiedlicher Weise darauf. Eine m\u00f6gliche Antwort ist die Entwicklung von \u201eMixed Economy\u201c Projekten, die neben den vorhandenen klassischen Strukturen der Kirchen lebendiges Wachstum f\u00f6rdern. Ver\u00e4nderung geschieht jedoch auch im Bereich der Mitglieder, der Leitung, der Glaubenshaltungen und nicht zuletzt der Finanzen. Wie aber l\u00e4sst sich all dieser aktuelle Wandel theologisch nicht nur beschreiben, sondern auch begr\u00fcnden und ausrichten? An dieser Fragestellung arbeitet eine kleine Gruppe unter Leitung des Ratsmitgliedes und M\u00fcnchner Bischofs Thomas Prieto Peral. Sie hat sich zur Aufgabe gemacht, in regionalen Settings Berichten \u00fcber Wandel zuzuh\u00f6ren und danach zu fragen, welche Muster hinter einer Theologie des Wandels erkennbar sind.<\/p>\n<\/div><\/div>\n\n<div class=\"et_pb_toggle_2 et_pb_toggle et_pb_toggle_item et_pb_toggle_close et_pb_module et_flex_module\"><h5 class=\"et_pb_toggle_title\">Amt, Ordination, Episkop\u00e9<\/h5><div class=\"et_pb_toggle_content clearfix et_flex_module\"><p>Bei ihrer Vollversammlung in Florenz (2012) hat die GEKE die gemeinsame Haltung iihrer Mitgliedkirchen bez\u00fcglich \u00c4mtern, Ordination und Leitungsverantwortung in dem Dokument \u201eAmt, Ordination und Episkop\u00e9\u201c festgehalten. Empirische Beschreibung und theologische Prinzipien wurden zusammengefasst. Nun haben sich in den letzten Jahren jedoch in vielen europ\u00e4ischen Regionen Ver\u00e4nderungen ergeben, die oft weniger theologisch, sondern sozial, finanziell und personell bedingt waren. Die sichtbare \u201eSpitze des Eisbergs\u201c sind die Einf\u00fchrung von neuen \u00c4mtern sowie ein alternativer Zugang zum Amt der Verk\u00fcndigung, die Zunahme von sp\u00e4tberufenen Kandidaten und Kandidatinnen, breite Diskussion \u00fcber Vielfalt und Identit\u00e4t, aber auch neue Aufgaben der Leitung angesichts von struktureller Umgestaltung.<\/p>\n<p>Diese Ver\u00e4nderungen in einer Konsultation von Fachleuten gepr\u00fcft, um die Verbindung mit dem Dokument st\u00e4rker sichtbar zu machen. Bei allen pragmatischen Herausforderungen darf der Anspruch weiter bestehen, dass die evangelisch-theologischen Grundlinien nicht verwischt werden. Die Kirchenleitenden werden sich in einer sp\u00e4teren Phase (2027) mit dem Dokument auseinandersetzen.<\/p>\n<\/div><\/div>\n\n<div class=\"et_pb_toggle_3 et_pb_toggle et_pb_toggle_item et_pb_toggle_close et_pb_module et_flex_module\"><h5 class=\"et_pb_toggle_title\">Empowering Ordained Women<\/h5><div class=\"et_pb_toggle_content clearfix et_flex_module\"><p>Obwohl es in den meisten protestantischen Kirchen ordinierte Pfarrerinnen gibt, ist der Anteil von Frauen in F\u00fchrungspositionen in der Kirche zu gering. \u201eEmpowering Ordained Women\u201c ist eine mehrstufige Initiative zur F\u00f6rderung von Frauen, zu der auch ein Netzwerktreffen im Fr\u00fchjahr 2027 geh\u00f6rt.<\/p>\n<\/div><\/div>\n<\/div>\n\n<div class=\"et_pb_column_3 et_pb_column et_flex_column et_pb_css_mix_blend_mode_passthrough et_flex_column_8_24 et_flex_column_8_24_tablet et_flex_column_24_24_phone\">\n<div class=\"et_pb_text_4 et_pb_text et_pb_bg_layout_light et_pb_module et_block_module preset--module--divi-text--default\"><div class=\"et_pb_text_inner\"><h2>Ethik<\/h2>\n<\/div><\/div>\n\n<div class=\"et_pb_image_1 et_pb_image et_pb_module et_flex_module\"><span class=\"et_pb_image_wrap\"><img loading=\"lazy\" decoding=\"async\" src=\"https:\/\/leuenberg.eu\/wp-content\/uploads\/2026\/01\/Bild-Ethik.jpeg\" title=\"Bild Ethik\" width=\"640\" height=\"360\" srcset=\"https:\/\/www.leuenberg.eu\/wp-content\/uploads\/2026\/01\/Bild-Ethik.jpeg 640w, https:\/\/www.leuenberg.eu\/wp-content\/uploads\/2026\/01\/Bild-Ethik-300x169.jpeg 300w, https:\/\/www.leuenberg.eu\/wp-content\/uploads\/2026\/01\/Bild-Ethik-480x270.jpeg 480w\" sizes=\"(max-width: 640px) 100vw, 640px\" class=\"wp-image-3556\" \/><\/span><\/div>\n\n<div class=\"et_pb_text_5 et_pb_text et_pb_bg_layout_light et_pb_module et_block_module preset--module--divi-text--default\"><div class=\"et_pb_text_inner\"><p>Die aktuellen Arbeitsschwerpunkte beziehen sich auf Bewusstseinsarbeit gegeben sexuellen Missbrauch und die St\u00e4rkung des Demokratieverst\u00e4ndnisses.\u00a0<\/p>\n<\/div><\/div>\n\n<div class=\"et_pb_toggle_4 et_pb_toggle et_pb_toggle_item et_pb_toggle_close et_pb_module et_flex_module\"><h5 class=\"et_pb_toggle_title\">Initiative gegen sexuellen Missbrauch<\/h5><div class=\"et_pb_toggle_content clearfix et_flex_module\"><p>Die GEKE m\u00f6chte das Bewusstsein f\u00fcr sexuellen Missbrauch in ihren Mitgliedskirchen sch\u00e4rfen. Die Vollversammlung 2024 forderte einen \u201eArbeitsprozess zum Austausch von Erfahrungen mit Schutzma\u00dfnahmen, um diese zu bewerten und bew\u00e4hrte Praktiken zu f\u00f6rdern\u201c.<\/p>\n<p>Sexueller Missbrauch ist immer im spezifischen Kontext von Machtverh\u00e4ltnissen und sozialen Umst\u00e4nden zu sehen. Diese Kontexte sowie die rechtlichen Rahmenbedingungen unterscheiden sich in den verschiedenen europ\u00e4ischen L\u00e4ndern. Der Prozess zielt darauf ab, Menschen in Leitungsgremien und spezifischen Aussch\u00fcssen von Kirchen einen aufmerksamen und sicheren Raum zu bieten, um einander zuzuh\u00f6ren und voneinander zu lernen.<\/p>\n<\/div><\/div>\n\n<div class=\"et_pb_toggle_5 et_pb_toggle et_pb_toggle_item et_pb_toggle_close et_pb_module et_flex_module\"><h5 class=\"et_pb_toggle_title\">Demokratiekompass<\/h5><div class=\"et_pb_toggle_content clearfix et_flex_module\"><p>Die evangelische Kirche beobachtet die politischen Entwicklungen und die Abkehr von demokratischen Werten mit Sorge. Sie entwickelt interaktive Materialien zum Thema Demokratie f\u00fcr ihre Mitgliedskirchen.<\/p>\n<\/div><\/div>\n\n<div class=\"et_pb_toggle_6 et_pb_toggle et_pb_toggle_item et_pb_toggle_close et_pb_module et_flex_module\"><h5 class=\"et_pb_toggle_title\">Kirchengemeinschaft in Zeiten der Unsicherheit  <\/h5><div class=\"et_pb_toggle_content clearfix et_flex_module\"><p>Der Fachbeirat f\u00fcr ethische Fragen hat 2026 seine Arbeit zum Thema \u201eGemeinsam Kirche sein in Zeiten der Unsicherheit\u201d aufgenommen. Weitere Details folgen in den kommenden Monaten.<\/p>\n<\/div><\/div>\n<\/div>\n\n<div class=\"et_pb_column_4 et_pb_column et-last-child et_flex_column et_pb_css_mix_blend_mode_passthrough et_flex_column_8_24 et_flex_column_8_24_tablet et_flex_column_24_24_phone\">\n<div class=\"et_pb_text_6 et_pb_text et_pb_bg_layout_light et_pb_module et_block_module preset--module--divi-text--default\"><div class=\"et_pb_text_inner\"><h2>Bildung\u00a0<\/h2>\n<\/div><\/div>\n\n<div class=\"et_pb_image_2 et_pb_image et_pb_module et_flex_module\"><span class=\"et_pb_image_wrap\"><img loading=\"lazy\" decoding=\"async\" src=\"https:\/\/leuenberg.eu\/wp-content\/uploads\/2026\/01\/Religionsunterricht_Christine-Schmidt_Pixabay.jpg\" title=\"Religionsunterricht_Christine Schmidt_Pixabay\" width=\"1400\" height=\"500\" srcset=\"https:\/\/www.leuenberg.eu\/wp-content\/uploads\/2026\/01\/Religionsunterricht_Christine-Schmidt_Pixabay.jpg 1400w, https:\/\/www.leuenberg.eu\/wp-content\/uploads\/2026\/01\/Religionsunterricht_Christine-Schmidt_Pixabay-300x107.jpg 300w, https:\/\/www.leuenberg.eu\/wp-content\/uploads\/2026\/01\/Religionsunterricht_Christine-Schmidt_Pixabay-1024x366.jpg 1024w, https:\/\/www.leuenberg.eu\/wp-content\/uploads\/2026\/01\/Religionsunterricht_Christine-Schmidt_Pixabay-768x274.jpg 768w, https:\/\/www.leuenberg.eu\/wp-content\/uploads\/2026\/01\/Religionsunterricht_Christine-Schmidt_Pixabay-1080x386.jpg 1080w, https:\/\/www.leuenberg.eu\/wp-content\/uploads\/2026\/01\/Religionsunterricht_Christine-Schmidt_Pixabay-1280x457.jpg 1280w, https:\/\/www.leuenberg.eu\/wp-content\/uploads\/2026\/01\/Religionsunterricht_Christine-Schmidt_Pixabay-980x350.jpg 980w, https:\/\/www.leuenberg.eu\/wp-content\/uploads\/2026\/01\/Religionsunterricht_Christine-Schmidt_Pixabay-480x171.jpg 480w\" sizes=\"(max-width: 1400px) 100vw, 1400px\" class=\"wp-image-3561\" \/><\/span><\/div>\n\n<div class=\"et_pb_toggle_7 et_pb_toggle et_pb_toggle_item et_pb_toggle_close et_pb_module et_flex_module\"><h5 class=\"et_pb_toggle_title\">Ein europ\u00e4ischer Lehrplan f\u00fcr evangelischen Religionsunterricht  <\/h5><div class=\"et_pb_toggle_content clearfix et_flex_module\"><p>In den vergangenen Jahrhunderten hat der Protestantismus in Europa nicht nur christliche und demokratische Werte vermittelt, sondern auch die Bildung entscheidend gepr\u00e4gt. In dieser Tradition sieht sich die Gemeinschaft Evangelischer Kirchen in Europa (GEKE) verpflichtet, ihre Bildungsarbeit fortzusetzen. Der Fachbeirat Bildung ist auf gesamteurop\u00e4ischer Ebene der einzige, der einen Lehrplan f\u00fcr den protestantischen Religionsunterricht an europ\u00e4ischen Schulen und einen Rahmen mit klaren Kriterien f\u00fcr dessen Umsetzung entwickeln wird. Dabei ist es wichtig, die Vielfalt des Protestantismus in Ost-, West-, Nord- und S\u00fcdeuropa zu ber\u00fccksichtigen.<br \/>Die Bedingungen sind schwierig. Die Bildung ist zunehmend durch Sparma\u00dfnahmen bedroht, und in einer s\u00e4kularen Gesellschaft kann eine allgemeine christliche Bildung nicht mehr als selbstverst\u00e4ndlich angesehen werden. Kirchen, Gemeinden und vor allem einzelne P\u00e4dagogen sind daher aufgefordert, die Freude an der christlichen Botschaft und die st\u00e4rkende Erfahrung des Glaubens weiterzugeben und mit einer soliden (Herzens-)Bildung gut ger\u00fcstet zu sein.\u00a0<\/p>\n<\/div><\/div>\n\n<div class=\"et_pb_toggle_8 et_pb_toggle et_pb_toggle_item et_pb_toggle_close et_pb_module et_flex_module\"><h5 class=\"et_pb_toggle_title\">Demokratiekarten<\/h5><div class=\"et_pb_toggle_content clearfix et_flex_module\"><p>Sie k\u00f6nnen ein Set Demokratie-Karten f\u00fcr die demokratische Bildung in unserem Buchladen bestellen.<\/p>\n<p><a href=\"https:\/\/guh1rd-bf.myshopify.com\/en-de\/products\/xii-words-listen-tell-share-flashcards-for-discussion-on-church-and-democracy?_pos=1&amp;_psq=democracy&amp;_ss=e&amp;_v=1.0\">XII Words: Listen, Tell, Share - Flashcards for Discussion on Church a \u2013 CPCE Book Shop<\/a><\/p>\n<\/div><\/div>\n<\/div>\n<\/div>\n<\/div>\n\n<div class=\"et_pb_section_2 et_pb_section et_section_regular et_block_section\">\n<div class=\"et_pb_row_3 et_pb_row et_flex_row\">\n<div class=\"et_pb_column_5 et_pb_column et-last-child et_flex_column et_pb_css_mix_blend_mode_passthrough et_flex_column_24_24 et_flex_column_24_24_tablet et_flex_column_24_24_phone\">\n<div class=\"et_pb_text_7 et_pb_text et_pb_bg_layout_light et_pb_module et_flex_module preset--module--divi-text--default\"><div class=\"et_pb_text_inner\"><h2 style=\"text-align: center;\">Publikationen, die aus der GEKE-Ratsperiode von 2018-2024 hervorgingen<\/h2>\n<\/div><\/div>\n<\/div>\n<\/div>\n\n<div class=\"et_pb_row_4 et_pb_row et_flex_row\">\n<div class=\"et_pb_column_6 et_pb_column et_flex_column et_pb_css_mix_blend_mode_passthrough et_flex_column_8_24 et_flex_column_8_24_tablet et_flex_column_24_24_phone\">\n<div class=\"et_pb_text_8 et_pb_text et_pb_bg_layout_light et_pb_module et_block_module preset--module--divi-text--default\"><div class=\"et_pb_text_inner\"><h2>Sexualit\u00e4t- Gender- Familie-Ehe<\/h2>\n<\/div><\/div>\n\n<div class=\"et_pb_image_3 et_pb_image et_pb_module et_flex_module\"><span class=\"et_pb_image_wrap\"><img decoding=\"async\" src=\"https:\/\/leuenberg.eu\/wp-content\/uploads\/2025\/11\/IMG_5264-scaled-1.jpeg\" title=\"IMG_5264-scaled\" \/><\/span><\/div>\n\n<div class=\"et_pb_text_9 et_pb_text et_pb_bg_layout_light et_pb_module et_block_module preset--module--divi-text--default\"><div class=\"et_pb_text_inner\"><p>Das Studiendokument, das innerhalb der GEKE-Mitgliedskirchen Diskussionen ausgel\u00f6st hat, vereint verschiedene theologische Perspektiven und die neuesten Erkenntnisse aus Biologie und Sozialwissenschaften zu Themen wie Homosexualit\u00e4t, bin\u00e4re Geschlechterrollen und Geschlechtsumwandlung. Ein Kapitel widmet sich au\u00dferdem der dunklen Seite der Sexualit\u00e4t \u2013 Missbrauch und sexualisierte Gewalt.<\/p>\n<p><a href=\"https:\/\/guh1rd-bf.myshopify.com\/en-de\/products\/gender-sexuality-marriage-family\">Geschlecht \u2013 Sexualit\u00e4t \u2013 Ehe \u2013 Familie \u2013 CPCE-Buchhandlung<\/a><\/p>\n<\/div><\/div>\n<\/div>\n\n<div class=\"et_pb_column_7 et_pb_column et_flex_column et_pb_css_mix_blend_mode_passthrough et_flex_column_8_24 et_flex_column_8_24_tablet et_flex_column_24_24_phone\">\n<div class=\"et_pb_text_10 et_pb_text et_pb_bg_layout_light et_pb_module et_block_module preset--module--divi-text--default\"><div class=\"et_pb_text_inner\"><h2>Praxis und Theologie des Abendmahls\u00a0<\/h2>\n<\/div><\/div>\n\n<div class=\"et_pb_image_4 et_pb_image et_pb_module et_flex_module\"><span class=\"et_pb_image_wrap\"><img decoding=\"async\" src=\"https:\/\/leuenberg.eu\/wp-content\/uploads\/2025\/11\/IMG-20250729-WA0006.jpg\" title=\"IMG-20250729-WA0006\" \/><\/span><\/div>\n\n<div class=\"et_pb_text_11 et_pb_text et_pb_bg_layout_light et_pb_module et_block_module preset--module--divi-text--default\"><div class=\"et_pb_text_inner\"><p>Wie offen sollte die Kirche sein? Sollte sie ihre T\u00fcren \u00f6ffnen (<i>einladend sein) <\/i>oder sollte sie Menschen aktiv hereinbitten (<i>einladen)? <\/i>Wie einladend kann ein Abendmahlsgottesdienst f\u00fcr gelegentliche Besucher sein, die mit den Abl\u00e4ufen nicht vertraut sind? Wie ver\u00e4ndert sich die Abendmahlsgemeinschaft, wenn Kinder einbezogen werden? Welche Musik ist angemessen? Wie sollte die Kirche aussehen, um einladend zu wirken?<\/p>\n<p>In den letzten f\u00fcnf Jahren hat sich die GEKE mit diesen aktuellen Fragen besch\u00e4ftigt, mit denen Pastoren in ganz Europa konfrontiert sind. Zahlreiche Experten von Island bis Sizilien und von den baltischen Staaten bis zu den USA waren daran beteiligt. Das Dokument ist ausdr\u00fccklich als theologisches Diskussionspapier f\u00fcr die praktische Anwendung gedacht. F\u00fcnfzig Jahre nach der Leuenberger Vereinbarung untersucht dieser Band, wie die Gemeinschaft der protestantischen Kirchen in Europa das Abendmahl feiert und wie es in Zukunft gefeiert werden sollte.<\/p>\n<p><a href=\"https:\/\/guh1rd-bf.myshopify.com\/de-de\/products\/praxis-und-theologie-des-abendmahls-practice-and-theology-of-the-lords-supper\">Praxis und Theologie des Abendmahls \u2013 GEKE-Buchhandlung<\/a><\/p>\n<\/div><\/div>\n<\/div>\n\n<div class=\"et_pb_column_8 et_pb_column et-last-child et_flex_column et_pb_css_mix_blend_mode_passthrough et_flex_column_8_24 et_flex_column_8_24_tablet et_flex_column_24_24_phone\">\n<div class=\"et_pb_text_12 et_pb_text et_pb_bg_layout_light et_pb_module et_block_module preset--module--divi-text--default\"><div class=\"et_pb_text_inner\"><h2>Christliche Rede von Gott\u00a0\u00a0<\/h2>\n<\/div><\/div>\n\n<div class=\"et_pb_image_5 et_pb_image et_pb_module et_flex_module\"><span class=\"et_pb_image_wrap\"><img decoding=\"async\" src=\"https:\/\/leuenberg.eu\/wp-content\/uploads\/2025\/11\/christliches-reden.jpg\" title=\"christliches-reden\" \/><\/span><\/div>\n\n<div class=\"et_pb_text_13 et_pb_text et_pb_bg_layout_light et_pb_module et_block_module preset--module--divi-text--default\"><div class=\"et_pb_text_inner\"><p><strong><\/strong> Gott\u00a0findet sich - oder auch nicht - in mannigfacher Pr\u00e4senz: sei es im \u00f6ffentlichen Diskurs als kritische Position zu extremen Entwicklungen (oder umgekehrt), in der Kunst als Inbegriff der Sch\u00f6nheit bzw. als l\u00e4cherliches Relikt der Vergangenheit.\u00a0Gott\u00a0spaltet und\u00a0Gott\u00a0eint und\u00a0Gott\u00a0wird vereinnahmt. Vor diesem Hintergrund hat sich die Gemeinschaft Evangelischer Kirchen in Europa (GEKE) in den vergangenen Jahren in einem Studienprozess mit der Frage besch\u00e4ftigt, wie man\u00a0von\u00a0Gott\u00a0in einer verst\u00e4ndlichen, anregenden und ermutigenden Art und Weise\u00a0reden\u00a0kann. Die 9. Vollversammlung der GEKE 2024 hat das Dokument angenommen und es als wegweisenden Beitrag zur Verst\u00e4ndigung \u00fcber das gegenw\u00e4rtige\u00a0Reden\u00a0von\u00a0Gott\u00a0charakterisiert. <a href=\"https:\/\/guh1rd-bf.myshopify.com\/de-de\/products\/praxis-und-theologie-des-abendmahls-practice-and-theology-of-the-lords-supper\"><\/a><\/p>\n<p><a href=\"https:\/\/guh1rd-bf.myshopify.com\/en-de\/products\/christliches-reden-von-gott-christian-speaking-of-god?_pos=2&amp;_sid=408bdb066&amp;_ss=r\">Christliches Reden von Gott | Christian Speaking of God \u2013 CPCE Book Shop<\/a><\/p>\n<\/div><\/div>\n<\/div>\n<\/div>\n<\/div>\n\n<div class=\"et_pb_section_3 et_pb_section et_section_regular et_block_section\">\n<div class=\"et_pb_row_5 et_pb_row et_flex_row\">\n<div class=\"et_pb_column_9 et_pb_column et-last-child et_flex_column et_pb_css_mix_blend_mode_passthrough et_flex_column_24_24 et_flex_column_24_24_tablet et_flex_column_24_24_phone\">\n<div class=\"et_pb_text_14 et_pb_text et_pb_bg_layout_light et_pb_module et_flex_module preset--module--divi-text--default\"><\/div>\n<\/div>\n<\/div>\n<\/div>","protected":false},"excerpt":{"rendered":"","protected":false},"author":1,"featured_media":0,"parent":431,"menu_order":2,"comment_status":"closed","ping_status":"closed","template":"","meta":{"_acf_changed":false,"footnotes":""},"class_list":["post-485","page","type-page","status-publish","hentry"],"acf":[],"_links":{"self":[{"href":"https:\/\/www.leuenberg.eu\/de\/wp-json\/wp\/v2\/pages\/485","targetHints":{"allow":["GET"]}}],"collection":[{"href":"https:\/\/www.leuenberg.eu\/de\/wp-json\/wp\/v2\/pages"}],"about":[{"href":"https:\/\/www.leuenberg.eu\/de\/wp-json\/wp\/v2\/types\/page"}],"author":[{"embeddable":true,"href":"https:\/\/www.leuenberg.eu\/de\/wp-json\/wp\/v2\/users\/1"}],"replies":[{"embeddable":true,"href":"https:\/\/www.leuenberg.eu\/de\/wp-json\/wp\/v2\/comments?post=485"}],"version-history":[{"count":0,"href":"https:\/\/www.leuenberg.eu\/de\/wp-json\/wp\/v2\/pages\/485\/revisions"}],"up":[{"embeddable":true,"href":"https:\/\/www.leuenberg.eu\/de\/wp-json\/wp\/v2\/pages\/431"}],"wp:attachment":[{"href":"https:\/\/www.leuenberg.eu\/de\/wp-json\/wp\/v2\/media?parent=485"}],"curies":[{"name":"wp","href":"https:\/\/api.w.org\/{rel}","templated":true}]}}