{"id":456,"date":"2025-04-10T10:02:28","date_gmt":"2025-04-10T09:02:28","guid":{"rendered":"https:\/\/2025.leuenberg.eu\/was-wir-tun\/gottesdienstgemeinschaft\/"},"modified":"2026-02-05T09:58:50","modified_gmt":"2026-02-05T09:58:50","slug":"gottesdienstgemeinschaft","status":"publish","type":"page","link":"https:\/\/www.leuenberg.eu\/de\/was-wir-tun\/gottesdienstgemeinschaft\/","title":{"rendered":"Gottesdienst feiern"},"content":{"rendered":"<div class=\"et_pb_section_0 et_pb_section et_section_regular et_block_section\">\n<div class=\"et_pb_row_0 et_pb_row et_block_row\">\n<div class=\"et_pb_column_0 et_pb_column et_pb_column_4_4 et-last-child et_block_column et_pb_css_mix_blend_mode_passthrough\">\n<div class=\"et_pb_text_0 et_pb_text et_pb_bg_layout_light et_pb_module et_block_module preset--module--divi-text--default\"><div class=\"et_pb_text_inner\"><h1 style=\"text-align: center;\">Gottesdienst feiern<\/h1>\n<\/div><\/div>\n<\/div>\n<\/div>\n<\/div>\n\n<div class=\"et_pb_section_1 et_pb_section et_section_regular et_block_section\">\n<div class=\"et_pb_row_1 et_pb_row et_block_row preset--module--divi-row--5138c454-be54-4233-bd3b-f8e6a8747976\">\n<div class=\"et_pb_column_1 et_pb_column et_pb_column_3_5 et_block_column et_pb_css_mix_blend_mode_passthrough preset--module--divi-column--73121f80-a3ef-4484-8763-c3f18e3c56d2\">\n<div class=\"et_pb_text_1 et_pb_text et_pb_bg_layout_light et_pb_module et_block_module preset--module--divi-text--default\"><div class=\"et_pb_text_inner\"><p>Das Herz der Kirche schl\u00e4gt im Gottesdienst. Im Gottesdienst offenbaren die Gemeinden ihren unverwechselbaren Charakter \u2013 durch Sprache, Musik, Raumgestaltung und liturgische Formen. Wer eine Kirche oder Gemeinde wirklich verstehen will, sollte beim Gottesdienst beginnen.<\/p>\n<h3>Die Europ\u00e4ische Liturgiesammlung<\/h3>\n<p>Da der protestantische Gottesdienst in Europa nicht \u00fcberall gleich gefeiert wird, bietet die Liturgieseite Materialien, Beispiele und Reflexionen aus verschiedenen europ\u00e4ischen L\u00e4ndern.\u00a0<\/p>\n<\/div><\/div>\n\n<div class=\"et_pb_module et_pb_button_module_wrapper et_pb_button_0_wrapper preset--module--divi-button--default_wrapper\"><a class=\"et_pb_button_0 et_pb_button et_pb_bg_layout_light et_pb_module et_flex_module preset--module--divi-button--default\" href=\"#Europe\" data-icon=\"$\">Zur Liturgie-Sammlung<\/a><\/div>\n\n<div class=\"et_pb_text_2 et_pb_text et_pb_bg_layout_light et_pb_module et_block_module preset--module--divi-text--default\"><div class=\"et_pb_text_inner\"><h3>\u201eColours of Grace\u201d \u2013 ein Gesangbuch in vielen europ\u00e4ischen Sprachen<\/h3>\n<p>Auf der 5. Vollversammlung in Belfast (2001) wurde der Wunsch nach einer Vertiefung der geistlichen Gemeinschaft der Mitgliedskirchen deutlich zum Ausdruck gebracht. Diese Vision pr\u00e4gt die GEKE bis heute. Der liturgische Austausch und das gegenseitige Lernen st\u00e4rken die Gemeinschaft der GEKE. Ein wichtiger Meilenstein auf diesem Weg war die Ver\u00f6ffentlichung von <a href=\"https:\/\/guh1rd-bf.myshopify.com\/products\/colours-of-grace?_pos=1&amp;_psq=colors+of+grace&amp;_ss=e&amp;_v=1.0\">\u201eColours of Grace\u201d<\/a> im Jahr 2006. Dieses mehrsprachige Gesangbuch mit Liedern aus verschiedenen GEKE-Mitgliedskirchen unterstreicht die reiche musikalische Vielfalt innerhalb der Gemeinschaft.<\/p>\n<h3>Die Gottesdienste als zentrales Element der Vollversammlung und Fachbeirat Liturgie<\/h3>\n<p>Die <a href=\"https:\/\/leuenberg.eu\/wp-content\/uploads\/2026\/01\/Druckversion_Gottesdienstbuch.pdf\">9. Vollversammlung in Sibiu<\/a> (2024) machte deutlich, dass der Gottesdienst das Herzst\u00fcck der theologischen Arbeit ist. Die t\u00e4glichen Gebete, die mehrsprachigen Gottesdienste und die Feier der Abendmahle waren nicht nur Momente der Andacht, sondern Ausdruck gelebter Einheit und geistlicher Tiefe. Das Gottesdienstleben pr\u00e4gte den Rhythmus, die Atmosph\u00e4re und das Zusammengeh\u00f6rigkeitsgef\u00fchl der Vollversammlung. Im Anschluss an die Versammlung in Sibiu wurde ein Fachbeirat eingerichtet, um die liturgische Arbeit der GEKE zu koordinieren und zu begleiten. Er umfasst Vertreter verschiedener Kirchen und liturgischer Konfessionen \u2013 ein Abbild der Vielfalt und theologischen Weite innerhalb der Gemeinschaft.<\/p>\n<\/div><\/div>\n<\/div>\n\n<div class=\"et_pb_column_2 et_pb_column et_pb_column_2_5 et-last-child et_block_column et_pb_css_mix_blend_mode_passthrough preset--module--divi-column--73121f80-a3ef-4484-8763-c3f18e3c56d2\">\n<div class=\"et_pb_image_0 et_pb_image et_pb_module et_block_module\"><a href=\"https:\/\/leuenberg.eu\/wp-content\/uploads\/2025\/08\/53965457366_d401920577_b.jpg\" class=\"et_pb_lightbox_image\"><span class=\"et_pb_image_wrap\"><img decoding=\"async\" src=\"https:\/\/leuenberg.eu\/wp-content\/uploads\/2025\/08\/53965457366_d401920577_b.jpg\" title=\"ZEPPELIN STUDIO FOCUS AGENCY\" \/><\/span><\/a><\/div>\n\n<div class=\"et_pb_image_1 et_pb_image et_pb_module et_block_module\"><a href=\"https:\/\/leuenberg.eu\/wp-content\/uploads\/2025\/08\/Musiker.jpg\" class=\"et_pb_lightbox_image\"><span class=\"et_pb_image_wrap\"><img decoding=\"async\" src=\"https:\/\/leuenberg.eu\/wp-content\/uploads\/2025\/08\/Musiker.jpg\" title=\"ZEPPELIN STUDIO FOCUS AGENCY\" \/><\/span><\/a><\/div>\n\n<div class=\"et_pb_image_2 et_pb_image et_pb_module et_block_module\"><a href=\"https:\/\/leuenberg.eu\/wp-content\/uploads\/2025\/08\/53965790259_ff0aea998d_b-1.jpg\" class=\"et_pb_lightbox_image\"><span class=\"et_pb_image_wrap\"><img decoding=\"async\" src=\"https:\/\/leuenberg.eu\/wp-content\/uploads\/2025\/08\/53965790259_ff0aea998d_b-1.jpg\" title=\"ZEPPELIN STUDIO FOCUS AGENCY\" \/><\/span><\/a><\/div>\n\n<div class=\"et_pb_image_3 et_pb_image et_pb_module et_block_module\"><a href=\"https:\/\/leuenberg.eu\/wp-content\/uploads\/2025\/09\/kirche-rot-.jpg\" class=\"et_pb_lightbox_image\"><span class=\"et_pb_image_wrap\"><img decoding=\"async\" src=\"https:\/\/leuenberg.eu\/wp-content\/uploads\/2025\/09\/kirche-rot-.jpg\" title=\"ZEPPELIN STUDIO FOCUS AGENCY\" \/><\/span><\/a><\/div>\n\n<div class=\"et_pb_image_4 et_pb_image et_pb_module et_block_module\"><a href=\"https:\/\/leuenberg.eu\/wp-content\/uploads\/2025\/09\/IMG_9651-scaled.jpg\" class=\"et_pb_lightbox_image\"><span class=\"et_pb_image_wrap\"><img decoding=\"async\" src=\"https:\/\/leuenberg.eu\/wp-content\/uploads\/2025\/09\/IMG_9651-scaled.jpg\" title=\"IMG_9651\" \/><\/span><\/a><\/div>\n<\/div>\n<\/div>\n<\/div>\n\n<div class=\"et_pb_section_2 et_pb_section et_section_regular et_flex_section\"><\/div>\n\n<div class=\"et_pb_section_3 et_pb_section et_section_regular et_block_section et_pb_section_parallax blur\" id=\"Europe\"><span class=\"et-pb-parallax-wrapper\"><span class=\"et-pb-parallax-background et-pb-parallax-background-module--divi-section-3\" style=\"background-image:url(https:\/\/www.leuenberg.eu\/cpce-content\/uploads\/2018\/10\/181027-church-1080-med.jpg)\"><\/span><span class=\"et_parallax_gradient\" style=\"background-image:linear-gradient(180deg, rgba(83, 85, 87, 0.71) 0%,rgba(33, 42, 51, 0.67) 100%)\"><\/span><\/span>\n<div class=\"et_pb_row_2 et_pb_row et_block_row et_pb_row_fullwidth\">\n<div class=\"et_pb_column_3 et_pb_column et_pb_column_2_3 et_block_column et_pb_css_mix_blend_mode_passthrough\">\n<div class=\"et_pb_divider_0 et_pb_divider_hidden et_pb_space et_pb_divider_position_top et_pb_module\"><div class=\"et_pb_divider_internal\"><\/div><\/div>\n\n<div class=\"et_pb_text_3 et_pb_text et_pb_bg_layout_dark et_pb_module et_block_module preset--module--divi-text--default\"><div class=\"et_pb_text_inner\"><h2>Liturgien in Europa<\/h2>\n<p>Hier stellen wir Ihnen die Liturgien der einzelnen Mitgliedskirchen vor. Nach L\u00e4ndern geordnet finden Sie Informationen zur liturgischen Praxis der einzelnen CPCE-Mitgliedskirchen: Grundlegende Informationen zu Strukturen und Traditionen, aktuell verwendete Gottesdienstordnungen, Hinweise auf liturgische Projekte und Institutionen. In den meisten F\u00e4llen werden Links zu den Websites der Kirchen angegeben.<\/p>\n<\/div><\/div>\n<\/div>\n\n<div class=\"et_pb_column_4 et_pb_column et_pb_column_1_3 et-last-child et_block_column et_pb_column_empty et_pb_css_mix_blend_mode_passthrough\"><\/div>\n<\/div>\n\n<div class=\"et_pb_row_3 et_pb_row et_block_row\">\n<div class=\"et_pb_column_5 et_pb_column et_pb_column_4_4 et-last-child et_block_column et_pb_css_mix_blend_mode_passthrough\">\n<div class=\"et_pb_portfolio_0 et_pb_portfolio et_pb_bg_layout_dark clearfix et_pb_module\"><div class=\"et_pb_ajax_pagination_container\"><div class=\"et_pb_posts et_grid_module\"><div id=\"post-1305\" class=\"et_pb_grid_item et_pb_portfolio_item post-1305 project type-project status-publish has-post-thumbnail hentry project_category-liturgies-member-churches-de et_pb_portfolio_item_0_0\">\n\t\t\t\t\t\t\n\t\t\t\t<a href=\"https:\/\/www.leuenberg.eu\/de\/project\/liturgien-aus-ungarn\/\" title=\"Liturgien aus Ungarn\">\n\t\t\t\t\t<span class=\"et_portfolio_image\">\n\t\t\t\t\t\t<img loading=\"lazy\" decoding=\"async\" src=\"https:\/\/www.leuenberg.eu\/wp-content\/uploads\/2025\/10\/181031-hungary-1080-med-400x284.jpg\" width=\"400\" height=\"284\" alt=\"\" class=\"et_pb_post_main_image\" \/>\n\t\t\t\t\t\t<span class=\"et_overlay et_pb_inline_icon\" data-icon=\"E\"><\/span>\n\t\t\t\t\t<\/span>\n\t\t\t\t<\/a>\n\t\t\t\t\t\t<h2 class=\"et_pb_module_header\"><a href=\"https:\/\/www.leuenberg.eu\/de\/project\/liturgien-aus-ungarn\/\" title=\"Liturgien aus Ungarn\">Liturgien aus Ungarn<\/a><\/h2>\n\t\t\t\t\t\t\n\t\t\t\t\t<\/div>\n\t\t\t\t\t<div id=\"post-1307\" class=\"et_pb_grid_item et_pb_portfolio_item post-1307 project type-project status-publish has-post-thumbnail hentry project_category-liturgies-member-churches-de et_pb_portfolio_item_0_1\">\n\t\t\t\t\t\t\n\t\t\t\t<a href=\"https:\/\/www.leuenberg.eu\/de\/project\/liturgien-aus-frankreich\/\" title=\"Liturgien aus Frankreich\">\n\t\t\t\t\t<span class=\"et_portfolio_image\">\n\t\t\t\t\t\t<img loading=\"lazy\" decoding=\"async\" src=\"https:\/\/www.leuenberg.eu\/wp-content\/uploads\/2025\/10\/230322-france-400x284.jpg\" width=\"400\" height=\"284\" alt=\"\" class=\"et_pb_post_main_image\" \/>\n\t\t\t\t\t\t<span class=\"et_overlay et_pb_inline_icon\" data-icon=\"E\"><\/span>\n\t\t\t\t\t<\/span>\n\t\t\t\t<\/a>\n\t\t\t\t\t\t<h2 class=\"et_pb_module_header\"><a href=\"https:\/\/www.leuenberg.eu\/de\/project\/liturgien-aus-frankreich\/\" title=\"Liturgien aus Frankreich\">Liturgien aus Frankreich<\/a><\/h2>\n\t\t\t\t\t\t\n\t\t\t\t\t<\/div>\n\t\t\t\t\t<div id=\"post-1308\" class=\"et_pb_grid_item et_pb_portfolio_item post-1308 project type-project status-publish has-post-thumbnail hentry project_category-liturgies-member-churches-de et_pb_portfolio_item_0_2\">\n\t\t\t\t\t\t\n\t\t\t\t<a href=\"https:\/\/www.leuenberg.eu\/de\/project\/liturgien-aus-irland\/\" title=\"Liturgien aus Irland\">\n\t\t\t\t\t<span class=\"et_portfolio_image\">\n\t\t\t\t\t\t<img loading=\"lazy\" decoding=\"async\" src=\"https:\/\/www.leuenberg.eu\/wp-content\/uploads\/2025\/10\/181031-ireland-1080-med-400x284.jpg\" width=\"400\" height=\"284\" alt=\"\" class=\"et_pb_post_main_image\" \/>\n\t\t\t\t\t\t<span class=\"et_overlay et_pb_inline_icon\" data-icon=\"E\"><\/span>\n\t\t\t\t\t<\/span>\n\t\t\t\t<\/a>\n\t\t\t\t\t\t<h2 class=\"et_pb_module_header\"><a href=\"https:\/\/www.leuenberg.eu\/de\/project\/liturgien-aus-irland\/\" title=\"Liturgien aus Irland\">Liturgien aus Irland<\/a><\/h2>\n\t\t\t\t\t\t\n\t\t\t\t\t<\/div>\n\t\t\t\t\t<div id=\"post-1309\" class=\"et_pb_grid_item et_pb_portfolio_item post-1309 project type-project status-publish has-post-thumbnail hentry project_category-liturgies-member-churches-de et_pb_portfolio_item_0_3\">\n\t\t\t\t\t\t\n\t\t\t\t<a href=\"https:\/\/www.leuenberg.eu\/de\/project\/liturgien-aus-grossbritannien\/\" title=\"Liturgien aus Gro\u00dfbritannien\">\n\t\t\t\t\t<span class=\"et_portfolio_image\">\n\t\t\t\t\t\t<img loading=\"lazy\" decoding=\"async\" src=\"https:\/\/www.leuenberg.eu\/wp-content\/uploads\/2025\/10\/181031-uk-1080-med-400x284.jpg\" width=\"400\" height=\"284\" alt=\"\" class=\"et_pb_post_main_image\" \/>\n\t\t\t\t\t\t<span class=\"et_overlay et_pb_inline_icon\" data-icon=\"E\"><\/span>\n\t\t\t\t\t<\/span>\n\t\t\t\t<\/a>\n\t\t\t\t\t\t<h2 class=\"et_pb_module_header\"><a href=\"https:\/\/www.leuenberg.eu\/de\/project\/liturgien-aus-grossbritannien\/\" title=\"Liturgien aus Gro\u00dfbritannien\">Liturgien aus Gro\u00dfbritannien<\/a><\/h2>\n\t\t\t\t\t\t\n\t\t\t\t\t<\/div>\n\t\t\t\t\t<div id=\"post-1310\" class=\"et_pb_grid_item et_pb_portfolio_item post-1310 project type-project status-publish has-post-thumbnail hentry project_category-liturgies-member-churches-de et_pb_portfolio_item_0_4\">\n\t\t\t\t\t\t\n\t\t\t\t<a href=\"https:\/\/www.leuenberg.eu\/de\/project\/liturgien-der-vereinigten-methodistischen-kirche\/\" title=\"Liturgien der Vereinigten Methodistischen Kirche\">\n\t\t\t\t\t<span class=\"et_portfolio_image\">\n\t\t\t\t\t\t<img loading=\"lazy\" decoding=\"async\" src=\"https:\/\/www.leuenberg.eu\/wp-content\/uploads\/2025\/10\/181027-europe-1080-med-400x284.jpg\" width=\"400\" height=\"284\" alt=\"\" class=\"et_pb_post_main_image\" \/>\n\t\t\t\t\t\t<span class=\"et_overlay et_pb_inline_icon\" data-icon=\"E\"><\/span>\n\t\t\t\t\t<\/span>\n\t\t\t\t<\/a>\n\t\t\t\t\t\t<h2 class=\"et_pb_module_header\"><a href=\"https:\/\/www.leuenberg.eu\/de\/project\/liturgien-der-vereinigten-methodistischen-kirche\/\" title=\"Liturgien der Vereinigten Methodistischen Kirche\">Liturgien der Vereinigten Methodistischen Kirche<\/a><\/h2>\n\t\t\t\t\t\t\n\t\t\t\t\t<\/div>\n\t\t\t\t\t<div id=\"post-1311\" class=\"et_pb_grid_item et_pb_portfolio_item post-1311 project type-project status-publish has-post-thumbnail hentry project_category-liturgies-member-churches-de et_pb_portfolio_item_0_5\">\n\t\t\t\t\t\t\n\t\t\t\t<a href=\"https:\/\/www.leuenberg.eu\/de\/project\/liturgien-aus-der-schweiz\/\" title=\"Liturgien aus der Schweiz\">\n\t\t\t\t\t<span class=\"et_portfolio_image\">\n\t\t\t\t\t\t<img loading=\"lazy\" decoding=\"async\" src=\"https:\/\/www.leuenberg.eu\/wp-content\/uploads\/2025\/10\/181031-switzerland-1080-med-400x284.jpg\" width=\"400\" height=\"284\" alt=\"\" class=\"et_pb_post_main_image\" \/>\n\t\t\t\t\t\t<span class=\"et_overlay et_pb_inline_icon\" data-icon=\"E\"><\/span>\n\t\t\t\t\t<\/span>\n\t\t\t\t<\/a>\n\t\t\t\t\t\t<h2 class=\"et_pb_module_header\"><a href=\"https:\/\/www.leuenberg.eu\/de\/project\/liturgien-aus-der-schweiz\/\" title=\"Liturgien aus der Schweiz\">Liturgien aus der Schweiz<\/a><\/h2>\n\t\t\t\t\t\t\n\t\t\t\t\t<\/div>\n\t\t\t\t\t<div id=\"post-1312\" class=\"et_pb_grid_item et_pb_portfolio_item post-1312 project type-project status-publish has-post-thumbnail hentry project_category-liturgies-member-churches-de et_pb_portfolio_item_0_6\">\n\t\t\t\t\t\t\n\t\t\t\t<a href=\"https:\/\/www.leuenberg.eu\/de\/project\/liturgien-aus-schweden\/\" title=\"Liturgien aus Schweden\">\n\t\t\t\t\t<span class=\"et_portfolio_image\">\n\t\t\t\t\t\t<img loading=\"lazy\" decoding=\"async\" src=\"https:\/\/www.leuenberg.eu\/wp-content\/uploads\/2025\/10\/181031-sweden-1080-med-400x284.jpg\" width=\"400\" height=\"284\" alt=\"\" class=\"et_pb_post_main_image\" \/>\n\t\t\t\t\t\t<span class=\"et_overlay et_pb_inline_icon\" data-icon=\"E\"><\/span>\n\t\t\t\t\t<\/span>\n\t\t\t\t<\/a>\n\t\t\t\t\t\t<h2 class=\"et_pb_module_header\"><a href=\"https:\/\/www.leuenberg.eu\/de\/project\/liturgien-aus-schweden\/\" title=\"Liturgien aus Schweden\">Liturgien aus Schweden<\/a><\/h2>\n\t\t\t\t\t\t\n\t\t\t\t\t<\/div>\n\t\t\t\t\t<div id=\"post-1313\" class=\"et_pb_grid_item et_pb_portfolio_item post-1313 project type-project status-publish has-post-thumbnail hentry project_category-liturgies-member-churches-de et_pb_portfolio_item_0_7\">\n\t\t\t\t\t\t\n\t\t\t\t<a href=\"https:\/\/www.leuenberg.eu\/de\/project\/liturgien-aus-der-slowakei\/\" title=\"Liturgien aus der Slowakei\">\n\t\t\t\t\t<span class=\"et_portfolio_image\">\n\t\t\t\t\t\t<img loading=\"lazy\" decoding=\"async\" src=\"https:\/\/www.leuenberg.eu\/wp-content\/uploads\/2025\/10\/181031-slovakrep-1080-med-400x284.jpg\" width=\"400\" height=\"284\" alt=\"\" class=\"et_pb_post_main_image\" \/>\n\t\t\t\t\t\t<span class=\"et_overlay et_pb_inline_icon\" data-icon=\"E\"><\/span>\n\t\t\t\t\t<\/span>\n\t\t\t\t<\/a>\n\t\t\t\t\t\t<h2 class=\"et_pb_module_header\"><a href=\"https:\/\/www.leuenberg.eu\/de\/project\/liturgien-aus-der-slowakei\/\" title=\"Liturgien aus der Slowakei\">Liturgien aus der Slowakei<\/a><\/h2>\n\t\t\t\t\t\t\n\t\t\t\t\t<\/div>\n\t\t\t\t\t<div id=\"post-1314\" class=\"et_pb_grid_item et_pb_portfolio_item post-1314 project type-project status-publish has-post-thumbnail hentry project_category-liturgies-member-churches-de et_pb_portfolio_item_0_8\">\n\t\t\t\t\t\t\n\t\t\t\t<a href=\"https:\/\/www.leuenberg.eu\/de\/project\/liturgien-aus-norwegen\/\" title=\"Liturgien aus Norwegen\">\n\t\t\t\t\t<span class=\"et_portfolio_image\">\n\t\t\t\t\t\t<img loading=\"lazy\" decoding=\"async\" src=\"https:\/\/www.leuenberg.eu\/wp-content\/uploads\/2025\/10\/181031-norway-1080-med-400x284.jpg\" width=\"400\" height=\"284\" alt=\"\" class=\"et_pb_post_main_image\" \/>\n\t\t\t\t\t\t<span class=\"et_overlay et_pb_inline_icon\" data-icon=\"E\"><\/span>\n\t\t\t\t\t<\/span>\n\t\t\t\t<\/a>\n\t\t\t\t\t\t<h2 class=\"et_pb_module_header\"><a href=\"https:\/\/www.leuenberg.eu\/de\/project\/liturgien-aus-norwegen\/\" title=\"Liturgien aus Norwegen\">Liturgien aus Norwegen<\/a><\/h2>\n\t\t\t\t\t\t\n\t\t\t\t\t<\/div>\n\t\t\t\t\t<div id=\"post-1315\" class=\"et_pb_grid_item et_pb_portfolio_item post-1315 project type-project status-publish has-post-thumbnail hentry project_category-liturgies-member-churches-de et_pb_portfolio_item_0_9\">\n\t\t\t\t\t\t\n\t\t\t\t<a href=\"https:\/\/www.leuenberg.eu\/de\/project\/liturgien-aus-schottland\/\" title=\"Liturgien aus Schottland\">\n\t\t\t\t\t<span class=\"et_portfolio_image\">\n\t\t\t\t\t\t<img loading=\"lazy\" decoding=\"async\" src=\"https:\/\/www.leuenberg.eu\/wp-content\/uploads\/2025\/10\/181031-scotland-1080-med-400x284.jpg\" width=\"400\" height=\"284\" alt=\"\" class=\"et_pb_post_main_image\" \/>\n\t\t\t\t\t\t<span class=\"et_overlay et_pb_inline_icon\" data-icon=\"E\"><\/span>\n\t\t\t\t\t<\/span>\n\t\t\t\t<\/a>\n\t\t\t\t\t\t<h2 class=\"et_pb_module_header\"><a href=\"https:\/\/www.leuenberg.eu\/de\/project\/liturgien-aus-schottland\/\" title=\"Liturgien aus Schottland\">Liturgien aus Schottland<\/a><\/h2>\n\t\t\t\t\t\t\n\t\t\t\t\t<\/div>\n\t\t\t\t\t<div id=\"post-1316\" class=\"et_pb_grid_item et_pb_portfolio_item post-1316 project type-project status-publish has-post-thumbnail hentry project_category-liturgies-member-churches-de et_pb_portfolio_item_0_10\">\n\t\t\t\t\t\t\n\t\t\t\t<a href=\"https:\/\/www.leuenberg.eu\/de\/project\/liturgien-aus-italien\/\" title=\"Liturgien aus Italien\">\n\t\t\t\t\t<span class=\"et_portfolio_image\">\n\t\t\t\t\t\t<img loading=\"lazy\" decoding=\"async\" src=\"https:\/\/www.leuenberg.eu\/wp-content\/uploads\/2025\/10\/181031-italy-1080-med-400x284.jpg\" width=\"400\" height=\"284\" alt=\"\" class=\"et_pb_post_main_image\" \/>\n\t\t\t\t\t\t<span class=\"et_overlay et_pb_inline_icon\" data-icon=\"E\"><\/span>\n\t\t\t\t\t<\/span>\n\t\t\t\t<\/a>\n\t\t\t\t\t\t<h2 class=\"et_pb_module_header\"><a href=\"https:\/\/www.leuenberg.eu\/de\/project\/liturgien-aus-italien\/\" title=\"Liturgien aus Italien\">Liturgien aus Italien<\/a><\/h2>\n\t\t\t\t\t\t\n\t\t\t\t\t<\/div>\n\t\t\t\t\t<div id=\"post-1318\" class=\"et_pb_grid_item et_pb_portfolio_item post-1318 project type-project status-publish has-post-thumbnail hentry project_category-liturgies-member-churches-de et_pb_portfolio_item_0_11\">\n\t\t\t\t\t\t\n\t\t\t\t<a href=\"https:\/\/www.leuenberg.eu\/de\/project\/liturgien-aus-deutschland\/\" title=\"Liturgien aus Deutschland\">\n\t\t\t\t\t<span class=\"et_portfolio_image\">\n\t\t\t\t\t\t<img loading=\"lazy\" decoding=\"async\" src=\"https:\/\/www.leuenberg.eu\/wp-content\/uploads\/2025\/10\/181031-germany-1080-med-400x284.jpg\" width=\"400\" height=\"284\" alt=\"\" class=\"et_pb_post_main_image\" \/>\n\t\t\t\t\t\t<span class=\"et_overlay et_pb_inline_icon\" data-icon=\"E\"><\/span>\n\t\t\t\t\t<\/span>\n\t\t\t\t<\/a>\n\t\t\t\t\t\t<h2 class=\"et_pb_module_header\"><a href=\"https:\/\/www.leuenberg.eu\/de\/project\/liturgien-aus-deutschland\/\" title=\"Liturgien aus Deutschland\">Liturgien aus Deutschland<\/a><\/h2>\n\t\t\t\t\t\t\n\t\t\t\t\t<\/div>\n\t\t\t\t\t<div id=\"post-1319\" class=\"et_pb_grid_item et_pb_portfolio_item post-1319 project type-project status-publish has-post-thumbnail hentry project_category-liturgies-member-churches-de et_pb_portfolio_item_0_12\">\n\t\t\t\t\t\t\n\t\t\t\t<a href=\"https:\/\/www.leuenberg.eu\/de\/project\/liturgien-aus-daenemark\/\" title=\"Liturgien aus D\u00e4nemark\">\n\t\t\t\t\t<span class=\"et_portfolio_image\">\n\t\t\t\t\t\t<img loading=\"lazy\" decoding=\"async\" src=\"https:\/\/www.leuenberg.eu\/wp-content\/uploads\/2025\/10\/181027-denmark-1080-med-400x284.jpg\" width=\"400\" height=\"284\" alt=\"\" class=\"et_pb_post_main_image\" \/>\n\t\t\t\t\t\t<span class=\"et_overlay et_pb_inline_icon\" data-icon=\"E\"><\/span>\n\t\t\t\t\t<\/span>\n\t\t\t\t<\/a>\n\t\t\t\t\t\t<h2 class=\"et_pb_module_header\"><a href=\"https:\/\/www.leuenberg.eu\/de\/project\/liturgien-aus-daenemark\/\" title=\"Liturgien aus D\u00e4nemark\">Liturgien aus D\u00e4nemark<\/a><\/h2>\n\t\t\t\t\t\t\n\t\t\t\t\t<\/div>\n\t\t\t\t\t<\/div><\/div><\/div>\n<\/div>\n<\/div>\n<\/div>\n\n<div class=\"et_pb_section_4 et_pb_section et_section_regular et_block_section\"><\/div>\n\n<div class=\"et_pb_section_5 et_pb_section et_section_regular et_block_section et_pb_section_parallax blur\" id=\"Europe\"><span class=\"et-pb-parallax-wrapper\"><span class=\"et-pb-parallax-background et-pb-parallax-background-module--divi-section-5\" style=\"background-image:url(https:\/\/leuenberg.eu\/wp-content\/uploads\/2025\/11\/symbolfoto-april2013-001-scaled-1.jpg)\"><\/span><span class=\"et_parallax_gradient\" style=\"background-image:linear-gradient(180deg, rgba(111, 111, 113, 0.63) 0%,#33383a 78%)\"><\/span><\/span>\n<div class=\"et_pb_row_4 et_pb_row et_block_row et_pb_row_fullwidth\">\n<div class=\"et_pb_column_6 et_pb_column et_pb_column_1_3 et_block_column et_pb_column_empty et_pb_css_mix_blend_mode_passthrough\"><\/div>\n\n<div class=\"et_pb_column_7 et_pb_column et_pb_column_1_3 et_block_column et_pb_css_mix_blend_mode_passthrough\">\n<div class=\"et_pb_divider_1 et_pb_divider_hidden et_pb_space et_pb_divider_position_top et_pb_module\"><div class=\"et_pb_divider_internal\"><\/div><\/div>\n\n<div class=\"et_pb_text_4 et_pb_text et_pb_bg_layout_light et_pb_module et_block_module preset--module--divi-text--default\"><div class=\"et_pb_text_inner\"><h2><img loading=\"lazy\" decoding=\"async\" src=\"https:\/\/leuenberg.eu\/wp-content\/uploads\/2025\/10\/Sustainable-Preaching-300x94.jpg\" width=\"300\" height=\"94\" alt=\"\" class=\"wp-image-1274 alignnone size-medium\" srcset=\"https:\/\/www.leuenberg.eu\/wp-content\/uploads\/2025\/10\/Sustainable-Preaching-300x94.jpg 300w, https:\/\/www.leuenberg.eu\/wp-content\/uploads\/2025\/10\/Sustainable-Preaching-1024x320.jpg 1024w, https:\/\/www.leuenberg.eu\/wp-content\/uploads\/2025\/10\/Sustainable-Preaching-768x240.jpg 768w, https:\/\/www.leuenberg.eu\/wp-content\/uploads\/2025\/10\/Sustainable-Preaching-1536x480.jpg 1536w, https:\/\/www.leuenberg.eu\/wp-content\/uploads\/2025\/10\/Sustainable-Preaching-1080x338.jpg 1080w, https:\/\/www.leuenberg.eu\/wp-content\/uploads\/2025\/10\/Sustainable-Preaching-1280x400.jpg 1280w, https:\/\/www.leuenberg.eu\/wp-content\/uploads\/2025\/10\/Sustainable-Preaching-980x306.jpg 980w, https:\/\/www.leuenberg.eu\/wp-content\/uploads\/2025\/10\/Sustainable-Preaching-480x150.jpg 480w, https:\/\/www.leuenberg.eu\/wp-content\/uploads\/2025\/10\/Sustainable-Preaching.jpg 1920w\" sizes=\"(max-width: 300px) 100vw, 300px\" \/><\/h2>\n<h2>Klimawandel<\/h2>\n<p>\u201eNachhaltige Predigt\u201c bietet \u00f6kumenische Predigtvorschl\u00e4ge und eine neue Dynamik, um die Bibellesungen des Lektionars f\u00fcr die Sonntage in den globalen Kontext eines nachhaltigen Lebens und Handelns einzubetten.<\/p>\n<p><a href=\"http:\/\/sustainable-preaching.org\/\">Besuchen Sie \u201eNachhaltige Predigt\u201c<\/a><\/p>\n<\/div><\/div>\n<\/div>\n\n<div class=\"et_pb_column_8 et_pb_column et_pb_column_1_3 et-last-child et_block_column et_pb_column_empty et_pb_css_mix_blend_mode_passthrough\"><\/div>\n<\/div>\n<\/div>","protected":false},"excerpt":{"rendered":"","protected":false},"author":1,"featured_media":0,"parent":431,"menu_order":0,"comment_status":"closed","ping_status":"closed","template":"","meta":{"_acf_changed":false,"footnotes":""},"class_list":["post-456","page","type-page","status-publish","hentry"],"acf":[],"_links":{"self":[{"href":"https:\/\/www.leuenberg.eu\/de\/wp-json\/wp\/v2\/pages\/456","targetHints":{"allow":["GET"]}}],"collection":[{"href":"https:\/\/www.leuenberg.eu\/de\/wp-json\/wp\/v2\/pages"}],"about":[{"href":"https:\/\/www.leuenberg.eu\/de\/wp-json\/wp\/v2\/types\/page"}],"author":[{"embeddable":true,"href":"https:\/\/www.leuenberg.eu\/de\/wp-json\/wp\/v2\/users\/1"}],"replies":[{"embeddable":true,"href":"https:\/\/www.leuenberg.eu\/de\/wp-json\/wp\/v2\/comments?post=456"}],"version-history":[{"count":0,"href":"https:\/\/www.leuenberg.eu\/de\/wp-json\/wp\/v2\/pages\/456\/revisions"}],"up":[{"embeddable":true,"href":"https:\/\/www.leuenberg.eu\/de\/wp-json\/wp\/v2\/pages\/431"}],"wp:attachment":[{"href":"https:\/\/www.leuenberg.eu\/de\/wp-json\/wp\/v2\/media?parent=456"}],"curies":[{"name":"wp","href":"https:\/\/api.w.org\/{rel}","templated":true}]}}