{"id":431,"date":"2025-07-05T09:37:55","date_gmt":"2025-07-05T08:37:55","guid":{"rendered":"https:\/\/2025.leuenberg.eu\/was-wir-tun\/"},"modified":"2026-01-27T11:28:26","modified_gmt":"2026-01-27T11:28:26","slug":"was-wir-tun","status":"publish","type":"page","link":"https:\/\/www.leuenberg.eu\/de\/was-wir-tun\/","title":{"rendered":"Was wir tun"},"content":{"rendered":"<div class=\"et_pb_section_0 et_pb_section et_section_regular et_block_section\">\n<div class=\"et_pb_row_0 et_pb_row et_block_row\">\n<div class=\"et_pb_column_0 et_pb_column et_pb_column_4_4 et-last-child et_block_column et_pb_css_mix_blend_mode_passthrough\">\n<div class=\"et_pb_text_0 et_pb_text et_pb_bg_layout_light et_pb_module et_block_module preset--module--divi-text--default\"><div class=\"et_pb_text_inner\"><h1 style=\"text-align: center;\">Was wir tun<\/h1>\n<\/div><\/div>\n<\/div>\n<\/div>\n<\/div>\n\n<div class=\"et_pb_section_1 et_pb_section et_section_regular et_block_section section_has_divider et_pb_bottom_divider\">\n<div class=\"et_pb_row_1 et_pb_row et_flex_row\">\n<div class=\"et_pb_column_1 et_pb_column et_block_column et_pb_css_mix_blend_mode_passthrough et_flex_column_4_24 et_flex_column_8_24_tablet et_flex_column_12_24_phone\">\n\n\n\n<div class=\"et_pb_module et_d4_element dmpro_hover_box dmpro_hover_box_0 et_clickable\">\n\t\t\t\t\n\t\t\t\t\n\t\t\t\t\n\t\t\t\t\n\t\t\t\t\n\t\t\t\t\n\t\t\t\t<div class=\"et_pb_module_inner\">\n\t\t\t\t\t<div class=\"dmpro-hover-box-container dmpro-hover-box-slide-top hover_box_align_front_center hover_box_align_back_center\" data-force_square=\"off\">\n                <div class=\"dmpro-hover-box-inner-wrapper\">\n                    <div class=\"dmpro-hover-box-content\">\n              \n              <div class=\"dmpro-hover-box-content-innner\">\n                    \n                    <div class=\"dmpro-text\">\n                        <h2 class=\"dmpro-hover-box-heading\">\n                    Gottesdienst feiern\n                <\/h2>\n                        \n                    <\/div>\n              <\/div>\n            <\/div>\n            \n                    <div class=\"dmpro-hover-box-hover\">\n                \n                <div class=\"dmpro-hover-box-hover-innner\">\n                    <div class=\"dmpro-hover-image-icon-wrap dmpro-image-wrap\">\n                    <img decoding=\"async\" class=\"dmpro-hover-box-hover-imge\" src=\"https:\/\/leuenberg.eu\/wp-content\/uploads\/2025\/08\/Picture1.png\" alt=\"Default Hover Image Alt Text\">\n                <\/div>\n                    <div class=\"dmpro-text\">\n                        \n                        \n                    <\/div>\n                    <a class=\"et_pb_button dmpro-hover-button\" href=\"\/de\/was-wir-tun\/gottesdienstgemeinschaft\/\">Mehr<\/a>\n                <\/div>\n            <\/div>\n                <\/div>\n            <\/div>\n\t\t\t\t<\/div>\n\t\t\t<\/div>\n\n\n\n<\/div>\n\n<div class=\"et_pb_column_2 et_pb_column et_block_column et_pb_css_mix_blend_mode_passthrough et_flex_column_4_24 et_flex_column_8_24_tablet et_flex_column_12_24_phone\">\n\n<div class=\"et_pb_module et_d4_element dmpro_hover_box dmpro_hover_box_1 et_clickable\">\n\t\t\t\t\n\t\t\t\t\n\t\t\t\t\n\t\t\t\t\n\t\t\t\t\n\t\t\t\t\n\t\t\t\t<div class=\"et_pb_module_inner\">\n\t\t\t\t\t<div class=\"dmpro-hover-box-container dmpro-hover-box-slide-top hover_box_align_front_center hover_box_align_back_center\" data-force_square=\"off\">\n                <div class=\"dmpro-hover-box-inner-wrapper\">\n                    <div class=\"dmpro-hover-box-content\">\n              \n              <div class=\"dmpro-hover-box-content-innner\">\n                    \n                    <div class=\"dmpro-text\">\n                        <h2 class=\"dmpro-hover-box-heading\">\n                    Reden und Handeln\n                <\/h2>\n                        \n                    <\/div>\n              <\/div>\n            <\/div>\n            \n                    <div class=\"dmpro-hover-box-hover\">\n                \n                <div class=\"dmpro-hover-box-hover-innner\">\n                    <div class=\"dmpro-hover-image-icon-wrap dmpro-image-wrap\">\n                    <img decoding=\"async\" class=\"dmpro-hover-box-hover-imge\" src=\"https:\/\/leuenberg.eu\/wp-content\/uploads\/2025\/08\/Picture2.jpg\" alt=\"Default Hover Image Alt Text\">\n                <\/div>\n                    <div class=\"dmpro-text\">\n                        \n                        \n                    <\/div>\n                    <a class=\"et_pb_button dmpro-hover-button\" href=\"\/de\/was-wir-tun\/zeugnis-und-dienstgemeinschaft\/\">Mehr<\/a>\n                <\/div>\n            <\/div>\n                <\/div>\n            <\/div>\n\t\t\t\t<\/div>\n\t\t\t<\/div>\n\n<\/div>\n\n<div class=\"et_pb_column_3 et_pb_column et_block_column et_pb_css_mix_blend_mode_passthrough et_flex_column_4_24 et_flex_column_8_24_tablet et_flex_column_12_24_phone\">\n\n<div class=\"et_pb_module et_d4_element dmpro_hover_box dmpro_hover_box_2 et_clickable\">\n\t\t\t\t\n\t\t\t\t\n\t\t\t\t\n\t\t\t\t\n\t\t\t\t\n\t\t\t\t\n\t\t\t\t<div class=\"et_pb_module_inner\">\n\t\t\t\t\t<div class=\"dmpro-hover-box-container dmpro-hover-box-slide-top hover_box_align_front_center hover_box_align_back_center\" data-force_square=\"off\">\n                <div class=\"dmpro-hover-box-inner-wrapper\">\n                    <div class=\"dmpro-hover-box-content\">\n              \n              <div class=\"dmpro-hover-box-content-innner\">\n                    \n                    <div class=\"dmpro-text\">\n                        <h2 class=\"dmpro-hover-box-heading\">\n                    Lehren und Lernen\n                <\/h2>\n                        \n                    <\/div>\n              <\/div>\n            <\/div>\n            \n                    <div class=\"dmpro-hover-box-hover\">\n                \n                <div class=\"dmpro-hover-box-hover-innner\">\n                    <div class=\"dmpro-hover-image-icon-wrap dmpro-image-wrap\">\n                    <img decoding=\"async\" class=\"dmpro-hover-box-hover-imge\" src=\"https:\/\/leuenberg.eu\/wp-content\/uploads\/2025\/08\/Picture3.jpg\" alt=\"Default Hover Image Alt Text\">\n                <\/div>\n                    <div class=\"dmpro-text\">\n                        \n                        \n                    <\/div>\n                    <a class=\"et_pb_button dmpro-hover-button\" href=\"\/de\/was-wir-tun\/gemeinschaft-im-lernen-und-lehren\/\">Mehr<\/a>\n                <\/div>\n            <\/div>\n                <\/div>\n            <\/div>\n\t\t\t\t<\/div>\n\t\t\t<\/div>\n\n<\/div>\n\n<div class=\"et_pb_column_4 et_pb_column et_block_column et_pb_css_mix_blend_mode_passthrough et_flex_column_4_24 et_flex_column_8_24_tablet et_flex_column_12_24_phone\">\n\n<div class=\"et_pb_module et_d4_element dmpro_hover_box dmpro_hover_box_3 et_clickable\">\n\t\t\t\t\n\t\t\t\t\n\t\t\t\t\n\t\t\t\t\n\t\t\t\t\n\t\t\t\t\n\t\t\t\t<div class=\"et_pb_module_inner\">\n\t\t\t\t\t<div class=\"dmpro-hover-box-container dmpro-hover-box-slide-top hover_box_align_front_center hover_box_align_back_center\" data-force_square=\"off\">\n                <div class=\"dmpro-hover-box-inner-wrapper\">\n                    <div class=\"dmpro-hover-box-content\">\n              \n              <div class=\"dmpro-hover-box-content-innner\">\n                    \n                    <div class=\"dmpro-text\">\n                        <h2 class=\"dmpro-hover-box-heading\">\n                    Arbeitsgruppen\n                <\/h2>\n                        \n                    <\/div>\n              <\/div>\n            <\/div>\n            \n                    <div class=\"dmpro-hover-box-hover\">\n                \n                <div class=\"dmpro-hover-box-hover-innner\">\n                    <div class=\"dmpro-hover-image-icon-wrap dmpro-image-wrap\">\n                    <img decoding=\"async\" class=\"dmpro-hover-box-hover-imge\" src=\"https:\/\/leuenberg.eu\/wp-content\/uploads\/2025\/08\/Picture4.jpg\" alt=\"Default Hover Image Alt Text\">\n                <\/div>\n                    <div class=\"dmpro-text\">\n                        \n                        \n                    <\/div>\n                    <a class=\"et_pb_button dmpro-hover-button\" href=\"\/de\/was-wir-tun\/arbeitsgruppen\/\">Mehr<\/a>\n                <\/div>\n            <\/div>\n                <\/div>\n            <\/div>\n\t\t\t\t<\/div>\n\t\t\t<\/div>\n\n<\/div>\n\n<div class=\"et_pb_column_5 et_pb_column et_block_column et_pb_css_mix_blend_mode_passthrough et_flex_column_4_24 et_flex_column_8_24_tablet et_flex_column_12_24_phone\">\n\n<div class=\"et_pb_module et_d4_element dmpro_hover_box dmpro_hover_box_4 et_clickable\">\n\t\t\t\t\n\t\t\t\t\n\t\t\t\t\n\t\t\t\t\n\t\t\t\t\n\t\t\t\t\n\t\t\t\t<div class=\"et_pb_module_inner\">\n\t\t\t\t\t<div class=\"dmpro-hover-box-container dmpro-hover-box-slide-top hover_box_align_front_center hover_box_align_back_center\" data-force_square=\"off\">\n                <div class=\"dmpro-hover-box-inner-wrapper\">\n                    <div class=\"dmpro-hover-box-content\">\n              \n              <div class=\"dmpro-hover-box-content-innner\">\n                    \n                    <div class=\"dmpro-text\">\n                        <h2 class=\"dmpro-hover-box-heading\">\n                    Kooperationen\n                <\/h2>\n                        \n                    <\/div>\n              <\/div>\n            <\/div>\n            \n                    <div class=\"dmpro-hover-box-hover\">\n                \n                <div class=\"dmpro-hover-box-hover-innner\">\n                    <div class=\"dmpro-hover-image-icon-wrap dmpro-image-wrap\">\n                    <img decoding=\"async\" class=\"dmpro-hover-box-hover-imge\" src=\"https:\/\/leuenberg.eu\/wp-content\/uploads\/2025\/08\/Picture4.jpg\" alt=\"Default Hover Image Alt Text\">\n                <\/div>\n                    <div class=\"dmpro-text\">\n                        \n                        \n                    <\/div>\n                    <a class=\"et_pb_button dmpro-hover-button\" href=\"\/de\/was-wir-tun\/arbeitsgemeinschaften-und-kooperationen\/\">Mehr<\/a>\n                <\/div>\n            <\/div>\n                <\/div>\n            <\/div>\n\t\t\t\t<\/div>\n\t\t\t<\/div>\n\n<\/div>\n\n<div class=\"et_pb_column_6 et_pb_column et-last-child et_block_column et_pb_css_mix_blend_mode_passthrough et_flex_column_4_24 et_flex_column_8_24_tablet et_flex_column_12_24_phone\">\n\n<div class=\"et_pb_module et_d4_element dmpro_hover_box dmpro_hover_box_5 et_clickable\">\n\t\t\t\t\n\t\t\t\t\n\t\t\t\t\n\t\t\t\t\n\t\t\t\t\n\t\t\t\t\n\t\t\t\t<div class=\"et_pb_module_inner\">\n\t\t\t\t\t<div class=\"dmpro-hover-box-container dmpro-hover-box-slide-top hover_box_align_front_center hover_box_align_back_center\" data-force_square=\"off\">\n                <div class=\"dmpro-hover-box-inner-wrapper\">\n                    <div class=\"dmpro-hover-box-content\">\n              \n              <div class=\"dmpro-hover-box-content-innner\">\n                    \n                    <div class=\"dmpro-text\">\n                        <h2 class=\"dmpro-hover-box-heading\">\n                    \u00d6kumenische Dialoge\n                <\/h2>\n                        \n                    <\/div>\n              <\/div>\n            <\/div>\n            \n                    <div class=\"dmpro-hover-box-hover\">\n                \n                <div class=\"dmpro-hover-box-hover-innner\">\n                    <div class=\"dmpro-hover-image-icon-wrap dmpro-image-wrap\">\n                    <img decoding=\"async\" class=\"dmpro-hover-box-hover-imge\" src=\"https:\/\/leuenberg.eu\/wp-content\/uploads\/2025\/08\/Picture5.png\" alt=\"Default Hover Image Alt Text\">\n                <\/div>\n                    <div class=\"dmpro-text\">\n                        \n                        \n                    <\/div>\n                    <a class=\"et_pb_button dmpro-hover-button\" href=\"\/de\/was-wir-tun\/oekumenische-dialoge\/\">Mehr<\/a>\n                <\/div>\n            <\/div>\n                <\/div>\n            <\/div>\n\t\t\t\t<\/div>\n\t\t\t<\/div>\n\n<\/div>\n<\/div>\n<div class=\"et_pb_bottom_inside_divider et-no-transition\"><\/div><\/div>\n\n<div class=\"et_pb_section_2 et_pb_section et_section_regular et_block_section\">\n<div class=\"et_pb_row_2 et_pb_row et_block_row preset--module--divi-row--5138c454-be54-4233-bd3b-f8e6a8747976\">\n<div class=\"et_pb_column_7 et_pb_column et_pb_column_4_4 et-last-child et_block_column et_pb_css_mix_blend_mode_passthrough preset--module--divi-column--73121f80-a3ef-4484-8763-c3f18e3c56d2\">\n<div class=\"et_pb_heading_0 et_pb_heading et_pb_module et_block_module preset--module--divi-heading--c33f07d9-41e0-421a-8799-5799df695cce\"><div class=\"et_pb_heading_container\"><h1 class=\"et_pb_module_header\">Aktuell<\/h1><\/div><\/div>\n\n\n\n\n\n\r<div class=\"et_pb_with_border et_pb_module et_d4_element et_pb_blog_extras et_pb_blog_extras_0\">\n\t\t\t\t\n\t\t\t\t\n\t\t\t\t\n\t\t\t\t\n\t\t\t\t\n\t\t\t\t\n\t\t\t\t<div class=\"et_pb_module_inner\">\n\t\t\t\t\t<div class=\"et_pb_posts et_pb_bg_layout_light\" data-scroll-top-animation=\"ajax_load_more,numbered_pagination,filterable_categories\">\n                <div class=\"el-dbe-blog-extra background_cover  el-dbe-blog-extra-slider solid_dot\"><div class=\"swiper-container\"><div class=\"swiper-wrapper\"><article id=\"post-4616\" class=\"et_pb_post et_pb_post_extra et_pb_text_align_left et-waypoint et_pb_animation_off el_dbe_background_cover post-4616 post type-post status-publish format-standard has-post-thumbnail hentry category-deutsch-de category-english-de category-nachrichten swiper-slide\" ><div class=\"post-media\"><a href=\"https:\/\/www.leuenberg.eu\/de\/2026\/04\/28\/feierliche-amtseinfuehrung-von-geke-generalsekretaerin-susanne-schenk\/\" target=\"_self\" class=\"entry-featured-image-url\"><img decoding=\"async\" width=\"1024\" height=\"704\" src=\"https:\/\/www.leuenberg.eu\/wp-content\/uploads\/2026\/04\/prasidium-und-Susanne--1024x704.jpg\" class=\"et_pb_post_main_image no-lazyload skip-lazy wp-post-image\" alt=\"\" loading=\"lazy\" srcset=\"https:\/\/www.leuenberg.eu\/wp-content\/uploads\/2026\/04\/prasidium-und-Susanne--980x674.jpg 980w, https:\/\/www.leuenberg.eu\/wp-content\/uploads\/2026\/04\/prasidium-und-Susanne--480x330.jpg 480w\" sizes=\"(min-width: 0px) and (max-width: 480px) 480px, (min-width: 481px) and (max-width: 980px) 980px, (min-width: 981px) 1024px, 100vw\" \/><\/a><\/div><div class=\"post-content\"><a href=\"https:\/\/www.leuenberg.eu\/de\/2026\/04\/28\/feierliche-amtseinfuehrung-von-geke-generalsekretaerin-susanne-schenk\/\" target=\"_self\" class=\"abs-url\">Feierliche Amtseinf\u00fchrung von GEKE-Generalsekret\u00e4rin Susanne Schenk<\/a><p class=\"post-meta\"> <span class=\"published\">Apr. 28, 2026<\/span><\/p><h3 class=\"entry-title\"><a href=\"https:\/\/www.leuenberg.eu\/de\/2026\/04\/28\/feierliche-amtseinfuehrung-von-geke-generalsekretaerin-susanne-schenk\/\" target=\"_self\">Feierliche Amtseinf\u00fchrung von GEKE-Generalsekret\u00e4rin Susanne Schenk<\/a><\/h3><div class=\"post-data\"><p>Bei einem feierlichen Gottesdienst in der Lutherkirche in Wien wurde am 27. April 2026 die neue Generalsekret\u00e4rin der Gemeinschaft Evangelischer Kirchen in Europa (GEKE), Dr. Susanne Schenk, in ihr Amt eingef\u00fchrt und der bisherige Generalsekret\u00e4r Dr. Mario Fischer...<\/p>\n<\/div><p class=\"el-read-more-btn\"><a class=\"et_pb_button\" href=\"https:\/\/www.leuenberg.eu\/de\/2026\/04\/28\/feierliche-amtseinfuehrung-von-geke-generalsekretaerin-susanne-schenk\/\">Read More<\/a><\/p><p class=\"post-meta\">  <span class=\"read-time\"><span class=\"et-pb-icon\">&#xe06b;<\/span>3 min read<\/span><\/p><\/div> <!-- post-content --><\/article> <!-- et_pb_post_extra --><article id=\"post-4601\" class=\"et_pb_post et_pb_post_extra et_pb_text_align_left et-waypoint et_pb_animation_off el_dbe_background_cover post-4601 post type-post status-publish format-standard hentry category-deutsch-de category-nachrichten swiper-slide\" ><div class=\"post-media\"><a href=\"https:\/\/www.leuenberg.eu\/de\/2026\/04\/23\/geke-bringt-protestantische-kirchenkritik-in-die-diskussion-des-europarats-ueber-konfessionellen-religionsunterricht-ein\/\" target=\"_self\" class=\"entry-featured-image-url\"><img decoding=\"async\" width=\"248\" height=\"203\" src=\"https:\/\/www.leuenberg.eu\/wp-content\/uploads\/2026\/04\/Sibylle-Klumpp.jpg\" class=\"et_pb_post_main_image no-lazyload skip-lazy\" alt=\"\" loading=\"lazy\" \/><\/a><\/div><div class=\"post-content\"><a href=\"https:\/\/www.leuenberg.eu\/de\/2026\/04\/23\/geke-bringt-protestantische-kirchenkritik-in-die-diskussion-des-europarats-ueber-konfessionellen-religionsunterricht-ein\/\" target=\"_self\" class=\"abs-url\">GEKE bringt protestantische Kirchenkritik in die Diskussion des Europarats \u00fcber konfessionellen Religionsunterricht ein<\/a><p class=\"post-meta\"> <span class=\"published\">Apr. 23, 2026<\/span><\/p><h3 class=\"entry-title\"><a href=\"https:\/\/www.leuenberg.eu\/de\/2026\/04\/23\/geke-bringt-protestantische-kirchenkritik-in-die-diskussion-des-europarats-ueber-konfessionellen-religionsunterricht-ein\/\" target=\"_self\">GEKE bringt protestantische Kirchenkritik in die Diskussion des Europarats \u00fcber konfessionellen Religionsunterricht ein<\/a><\/h3><div class=\"post-data\"><p>Am 21. April 2026 verabschiedete die Parlamentarische Versammlung des Europarates eine Entschlie\u00dfung zum Thema \u201eBek\u00e4mpfung von Diskriminierung aus religi\u00f6sen Gr\u00fcnden und Schutz der Religions- und Weltanschauungsfreiheit in Europa\u201c. Die Abgeordneten berichteten \u00fcber...<\/p>\n<\/div><p class=\"el-read-more-btn\"><a class=\"et_pb_button\" href=\"https:\/\/www.leuenberg.eu\/de\/2026\/04\/23\/geke-bringt-protestantische-kirchenkritik-in-die-diskussion-des-europarats-ueber-konfessionellen-religionsunterricht-ein\/\">Read More<\/a><\/p><p class=\"post-meta\">  <span class=\"read-time\"><span class=\"et-pb-icon\">&#xe06b;<\/span>2 min read<\/span><\/p><\/div> <!-- post-content --><\/article> <!-- et_pb_post_extra --><article id=\"post-4587\" class=\"et_pb_post et_pb_post_extra et_pb_text_align_left et-waypoint et_pb_animation_off el_dbe_background_cover post-4587 post type-post status-publish format-standard has-post-thumbnail hentry category-english category-news swiper-slide\" ><div class=\"post-media\"><a href=\"https:\/\/www.leuenberg.eu\/2026\/04\/21\/ai-responsibility-and-the-churchs-role-in-protecting-human-relationships\/\" target=\"_self\" class=\"entry-featured-image-url\"><img decoding=\"async\" width=\"1024\" height=\"574\" src=\"https:\/\/www.leuenberg.eu\/wp-content\/uploads\/2026\/04\/Daniel-KI-Bild-1-1-1024x574.jpg\" class=\"et_pb_post_main_image no-lazyload skip-lazy wp-post-image\" alt=\"\" loading=\"lazy\" srcset=\"https:\/\/www.leuenberg.eu\/wp-content\/uploads\/2026\/04\/Daniel-KI-Bild-1-1-980x549.jpg 980w, https:\/\/www.leuenberg.eu\/wp-content\/uploads\/2026\/04\/Daniel-KI-Bild-1-1-480x269.jpg 480w\" sizes=\"(min-width: 0px) and (max-width: 480px) 480px, (min-width: 481px) and (max-width: 980px) 980px, (min-width: 981px) 1024px, 100vw\" \/><\/a><\/div><div class=\"post-content\"><a href=\"https:\/\/www.leuenberg.eu\/2026\/04\/21\/ai-responsibility-and-the-churchs-role-in-protecting-human-relationships\/\" target=\"_self\" class=\"abs-url\">AI, Responsibility, and the Church\u2019s Role in Protecting Human Relationships<\/a><p class=\"post-meta\"> <span class=\"published\">Apr. 21, 2026<\/span><\/p><h3 class=\"entry-title\"><a href=\"https:\/\/www.leuenberg.eu\/2026\/04\/21\/ai-responsibility-and-the-churchs-role-in-protecting-human-relationships\/\" target=\"_self\">AI, Responsibility, and the Church\u2019s Role in Protecting Human Relationships<\/a><\/h3><div class=\"post-data\"><p>\u201cA fool with a tool is still a fool and a tool in the hands of a fool is a bad thing.\u201d Such a statement could not be truer of humanity\u2019s latest technological tool, argued Director of the Center for Faith &amp; Society at Fribourg University\u2019s Oliver D\u00fcrr as he...<\/p>\n<\/div><p class=\"el-read-more-btn\"><a class=\"et_pb_button\" href=\"https:\/\/www.leuenberg.eu\/2026\/04\/21\/ai-responsibility-and-the-churchs-role-in-protecting-human-relationships\/\">Read More<\/a><\/p><p class=\"post-meta\">  <span class=\"read-time\"><span class=\"et-pb-icon\">&#xe06b;<\/span>2 min read<\/span><\/p><\/div> <!-- post-content --><\/article> <!-- et_pb_post_extra --><\/div> <!-- swiper-wrapper --><\/div> <!-- swiper-container --><\/div> <!-- el-dbe-blog-extra -->\n                <script type=\"text\/javascript\">jQuery(function($) {var et_pb_blog_extras_0_swiper = new Swiper('.et_pb_blog_extras_0 .swiper-container', {\n                            slidesPerView: 2,\n                            autoplay: {\n                                delay:3000,\n                                disableOnInteraction: true,\n                            },\n                            spaceBetween: 20,\n                            slidesPerGroup: 1,\n                            slidesPerGroupSkip: 1,\n                            effect: \"slide\",\n                            cubeEffect: false,\n                            coverflowEffect: false,\n                            speed: 1000,\n                            loop: false,\n                            pagination: false,\n                            navigation: false,\n                            grabCursor: 'true',\n                            breakpoints: {\n                            \t981: {\n\t\t                          \tslidesPerView: 2,\n\t\t                          \tspaceBetween: 20,\n                            \t\tslidesPerGroup: 1,\n                            \t\tslidesPerGroupSkip: 1,\n\t\t                        },\n\t\t                        768: {\n\t\t                          \tslidesPerView: 2,\n\t\t                          \tspaceBetween: 20,\n\t\t                          \tslidesPerGroup: 1,\n                            \t\tslidesPerGroupSkip: 1,\n\t\t                        },\n\t\t                        0: {\n\t\t                          \tslidesPerView: 2,\n\t\t                          \tspaceBetween: 20,\n\t\t                          \tslidesPerGroup: 1,\n                            \t\tslidesPerGroupSkip: 1,\n\t\t                        }\n\t\t                    },\n                    });$(\".et_pb_blog_extras_0 .swiper-container\").on(\"mouseenter\", function(e) {\n\t\t\t\t\t\t\tif ( typeof et_pb_blog_extras_0_swiper.autoplay.stop === \"function\" ) {\n\t\t\t\t\t\t\t\tet_pb_blog_extras_0_swiper.autoplay.stop();\n\t\t\t\t\t\t\t}\n                        });$(\".et_pb_blog_extras_0 .swiper-container\").on(\"mouseleave\", function(e) {\n        \t\t\t\t\tif ( typeof et_pb_blog_extras_0_swiper.autoplay.start === \"function\" ) {\n                            \tet_pb_blog_extras_0_swiper.autoplay.start();\n                            }\n                        });et_pb_blog_extras_0_swiper.on('reachEnd', function(){\n                            et_pb_blog_extras_0_swiper.autoplay = false;\n                        });});<\/script>\n            <\/div> <!-- et_pb_posts -->\n\t\t\t\t<\/div>\n\t\t\t<\/div>\n\n\n\n\n<\/div>\n<\/div>\n<\/div>","protected":false},"excerpt":{"rendered":"","protected":false},"author":1,"featured_media":0,"parent":0,"menu_order":3,"comment_status":"closed","ping_status":"closed","template":"","meta":{"_acf_changed":false,"_et_pb_use_builder":"on","_et_pb_old_content":"","_et_gb_content_width":"","footnotes":""},"class_list":["post-431","page","type-page","status-publish","hentry"],"acf":[],"_links":{"self":[{"href":"https:\/\/www.leuenberg.eu\/de\/wp-json\/wp\/v2\/pages\/431","targetHints":{"allow":["GET"]}}],"collection":[{"href":"https:\/\/www.leuenberg.eu\/de\/wp-json\/wp\/v2\/pages"}],"about":[{"href":"https:\/\/www.leuenberg.eu\/de\/wp-json\/wp\/v2\/types\/page"}],"author":[{"embeddable":true,"href":"https:\/\/www.leuenberg.eu\/de\/wp-json\/wp\/v2\/users\/1"}],"replies":[{"embeddable":true,"href":"https:\/\/www.leuenberg.eu\/de\/wp-json\/wp\/v2\/comments?post=431"}],"version-history":[{"count":0,"href":"https:\/\/www.leuenberg.eu\/de\/wp-json\/wp\/v2\/pages\/431\/revisions"}],"wp:attachment":[{"href":"https:\/\/www.leuenberg.eu\/de\/wp-json\/wp\/v2\/media?parent=431"}],"curies":[{"name":"wp","href":"https:\/\/api.w.org\/{rel}","templated":true}]}}