{"id":3795,"date":"2025-04-10T10:02:28","date_gmt":"2025-04-10T09:02:28","guid":{"rendered":"https:\/\/2025.leuenberg.eu\/impressum-und-datenschutzerklaerung\/"},"modified":"2025-04-10T10:02:28","modified_gmt":"2025-04-10T09:02:28","slug":"impressum-und-datenschutzerklaerung","status":"publish","type":"page","link":"https:\/\/www.leuenberg.eu\/de\/impressum-und-datenschutzerklaerung\/","title":{"rendered":"Impressum und Datenschutzerkl\u00e4rung"},"content":{"rendered":"<p><b>Impressum<\/b><\/p>\n<p>Diese Website wird betrieben von:<\/p>\n<p>Gemeinschaft Evangelischer Kirchen in Europa GEKE<\/p>\n<p>Severin-Schreiber-Gasse 3<\/p>\n<p>1180 Wien, \u00d6sterreich<\/p>\n<p>Telefon: ++43\/591517\/00900<\/p>\n<p>E-Mail: geke@leuenberg.eu<\/p>\n<p>www.leuenberg.eu<\/p>\n<p>Verantwortlich: Rev. Mario Fischer, Generalsekret\u00e4r<\/p>\n<p><strong>Datenschutzerkl\u00e4rung<\/strong><\/p>\n<p><strong>Allgemeine Datenschutzerkl\u00e4rung<\/strong><\/p>\n<p>Wir nehmen den Schutz Ihrer pers\u00f6nlichen Daten sehr ernst. Daher ist es f\u00fcr uns selbstverst\u00e4ndlich, dass wir Ihre pers\u00f6nlichen Daten verantwortungsvoll und unter Einhaltung aller Bestimmungen des europ\u00e4ischen Datenschutzrechts behandeln.<\/p>\n<p>Wir werden Ihre Daten niemals an Dritte weitergeben oder verkaufen. Wir weisen jedoch darauf hin, dass die \u00dcbertragung von Daten \u00fcber das Internet (z. B. per E-Mail) Sicherheitsl\u00fccken aufweisen kann. Ein l\u00fcckenloser Schutz der Daten vor dem Zugriff durch Dritte kann daher nicht gew\u00e4hrleistet werden.<\/p>\n<p>Mit der Nutzung unserer Website erkl\u00e4ren Sie sich mit der Erhebung, Verarbeitung und Nutzung von Daten gem\u00e4\u00df der folgenden Beschreibung einverstanden.<\/p>\n<p><strong>Daten\u00fcbertragung\/Datenprotokollierung<\/strong><\/p>\n<p>Unsere Website kann ohne Registrierung besucht werden. Der Webserver erstellt automatisch Logfiles, die keiner bestimmten Person zugeordnet werden k\u00f6nnen. Diese Daten umfassen z. B. den Browser und die Browserversion, das verwendete Betriebssystem, die Referrer-URL (die zuvor besuchte Seite), die IP-Adresse des aufrufenden Rechners, das Zugriffsdatum und die Uhrzeit der Serveranfrage sowie die Datenanfrage des Clients (Datenname und URL). Personenbezogene Daten, wie Name, Anschrift oder E-Mail-Adresse, werden daher nur auf freiwilliger Basis erhoben. Die Daten werden ausschlie\u00dflich zu statistischen Zwecken ausgewertet. Eine Weitergabe dieser Daten an Dritte erfolgt ohne Ihre Einwilligung nicht.<\/p>\n<p><b>Verantwortlicher f\u00fcr die Website<\/b><\/p>\n<p>Verantwortlich f\u00fcr die Erhebung, Verarbeitung und Nutzung Ihrer personenbezogenen Daten gem\u00e4\u00df DSGVO ist Mario Fischer, Generalsekret\u00e4r.<\/p>\n<p>Wenn Sie unserer Erhebung, Verarbeitung und Nutzung Ihrer Daten generell oder in bestimmten F\u00e4llen widersprechen m\u00f6chten, richten Sie Ihren Widerspruch bitte an die oben genannte Person. Sie k\u00f6nnen diese Datenschutzerkl\u00e4rung jederzeit speichern und ausdrucken.<\/p>\n<p><strong>Widerspruch, \u00c4nderungen, Korrekturen und Aktualisierungen<\/strong><\/p>\n<p>Nutzer haben das Recht, auf Anfrage unentgeltlich Auskunft \u00fcber ihre erhobenen personenbezogenen Daten zu erhalten. Die Nutzer haben au\u00dferdem das Recht, fehlerhafte Daten zu berichtigen und personenbezogene Daten zu sperren und zu l\u00f6schen, sofern keine gesetzliche Erhebungspflicht besteht.<\/p>\n<p><b>SSL-Verschl\u00fcsselung<\/b><\/p>\n<p>Aus Sicherheitsgr\u00fcnden und zum Schutz vertraulicher Inhalte, wie z. B. Ihrer Anfragen an uns, verwendet diese Seite eine SSL-Verschl\u00fcsselung. Sie erkennen eine verschl\u00fcsselte Verbindung daran, dass die Adresszeile von \u201ehttp:\/\/\u201c auf \u201ehttps:\/\/\u201c wechselt und in Ihrer Browserzeile ein Schloss-Symbol erscheint.<\/p>\n<p>Bei aktivierter SSL-Verschl\u00fcsselung k\u00f6nnen die Daten, die Sie an uns senden, nicht von Dritten gelesen werden.<\/p>\n<p><strong>IP-Anonymisierung<\/strong><\/p>\n<p>Diese Seite k\u00fcrzt Ihre IP-Adresse von Google innerhalb der Mitgliedstaaten der Europ\u00e4ischen Union und in anderen Vertragsstaaten des Abkommens \u00fcber den Europ\u00e4ischen Wirtschaftsraum vor der \u00dcbermittlung an die Vereinigten Staaten, um sie zu anonymisieren. Nur in Ausnahmef\u00e4llen wird die vollst\u00e4ndige IP-Adresse an einen Server von Google in den USA \u00fcbertragen und dort gek\u00fcrzt. Google wird diese Informationen im Auftrag des Betreibers dieser Website verwenden, um Berichte \u00fcber die Websiteaktivit\u00e4ten zu erstellen und dem Websitebetreiber weitere mit der Internetnutzung verbundene Dienstleistungen zu erbringen. Die im Rahmen von Google Analytics von Ihrem Browser \u00fcbermittelte IP-Adresse wird nicht mit anderen Daten von Google in Verbindung gebracht.<\/p>\n<p><b>Cookies<\/b><\/p>\n<p>Unsere Website verwendet Cookies. Dabei handelt es sich um kleine Textdateien, die es erm\u00f6glichen, bestimmte Informationen im Zusammenhang mit den Nutzern auf deren eigenen Ger\u00e4ten zu speichern, w\u00e4hrend sie die Website nutzen. Cookies erm\u00f6glichen es insbesondere, die H\u00e4ufigkeit der Nutzung und die Anzahl der Nutzer auf den Seiten zu ermitteln, die Art und Weise der Nutzung der Seiten zu analysieren und unseren Auftritt benutzerfreundlicher zu gestalten. Cookies werden bis zum Ende einer Browsersitzung gespeichert und k\u00f6nnen bei einem erneuten Besuch der Website wieder abgerufen werden. Wenn Sie dies nicht w\u00fcnschen, sollten Sie in Ihren Internetbrowser-Einstellungen die Annahme von Cookies ablehnen.<\/p>\n<p>Sie k\u00f6nnen die Speicherung von Cookies durch eine entsprechende Einstellung Ihrer Browser-Software verhindern. Wir weisen Sie jedoch darauf hin, dass Sie in diesem Fall gegebenenfalls nicht s\u00e4mtliche Funktionen dieser Website vollumf\u00e4nglich nutzen k\u00f6nnen. Sie k\u00f6nnen dar\u00fcber hinaus die Erfassung der durch das Cookie erzeugten und auf Ihre Nutzung der Website bezogenen Daten (inkl. Ihrer IP-Adresse) an Google sowie die Verarbeitung dieser Daten durch Google verhindern, indem Sie das unter dem folgenden Link verf\u00fcgbare Browser-Plugin herunterladen und installieren: <a href=\"https:\/\/tools.google.com\/dlpage\/gaoptout?hl=en\">https:\/\/tools.google.com\/dlpage\/gaoptout?hl=en<\/a><\/p>\n<p><b>Datenverarbeitungsvertrag<\/b><\/p>\n<p>Wir haben mit Google und Mailchimp Datenverarbeitungsvertr\u00e4ge abgeschlossen.<\/p>\n<p><strong>Google Analytics<\/strong><\/p>\n<p>Diese Website benutzt Google Analytics, einen Webanalysedienst der Google Inc. (\u201eGoogle\u201c). Google Analytics verwendet sog. \u201eCookies\u201c, Textdateien, die auf Ihrem Computer gespeichert werden und die eine Analyse der Benutzung der Website durch Sie erm\u00f6glichen. Die durch den Cookie erzeugten Informationen \u00fcber Ihre Benutzung dieser Website (einschlie\u00dflich Ihrer IP-Adresse) werden an einen Server von Google in den USA \u00fcbertragen und dort gespeichert. Google wird diese Informationen benutzen, um Ihre Nutzung der Website auszuwerten, um Reports \u00fcber die Websiteaktivit\u00e4ten f\u00fcr die Websitebetreiber zusammenzustellen und um weitere mit der Websitenutzung und der Internetnutzung verbundene Dienstleistungen zu erbringen. Auch wird Google diese Informationen gegebenenfalls an Dritte \u00fcbertragen, sofern dies gesetzlich vorgeschrieben oder soweit Dritte diese Daten im Auftrag von Google verarbeiten. Google wird in keinem Fall Ihre IP-Adresse mit anderen Daten von Google in Verbindung bringen. Sie k\u00f6nnen die Installation der Cookies durch eine entsprechende Einstellung Ihrer Browser-Software verhindern; wir weisen Sie jedoch darauf hin, dass Sie in diesem Fall gegebenenfalls nicht s\u00e4mtliche Funktionen dieser Website vollumf\u00e4nglich nutzen k\u00f6nnen. Durch die Nutzung dieser Website erkl\u00e4ren Sie sich mit der Bearbeitung der \u00fcber Sie erhobenen Daten durch Google in der zuvor beschriebenen Art und Weise und zu dem zuvor benannten Zweck einverstanden.<\/p>\n<p><b>Widerspruch gegen die Datenerfassung durch Google Analytics<\/b><\/p>\n<p>Sie k\u00f6nnen die Erfassung Ihrer Daten durch Google Analytics verhindern, indem Sie auf den folgenden Link klicken. Es wird dann ein Opt-Out-Cookie installiert, das die Erfassung Ihrer Daten bei zuk\u00fcnftigen Besuchen dieser Website verhindert: Google Analytics deaktivieren<\/p>\n<p>Weitere Informationen zum Umgang mit Nutzerdaten bei Google Analytics finden Sie in der Datenschutzerkl\u00e4rung von Google: <a href=\"https:\/\/support.google.com\/analytics\/answer\/6004245?hl=en\">https:\/\/support.google.com\/analytics\/answer\/6004245?hl=en<\/a><\/p>\n<p><strong>Newsletter-Daten von Mailchimp<\/strong><\/p>\n<p>Mit diesem Newsletter informieren wir Sie in unregelm\u00e4\u00dfigen Abst\u00e4nden \u00fcber unsere Neuigkeiten und Produkte. Wenn Sie den Newsletter erhalten m\u00f6chten, ben\u00f6tigen wir eine g\u00fcltige E-Mail-Adresse sowie Informationen, die uns die \u00dcberpr\u00fcfung erm\u00f6glichen, dass Sie der Inhaber der angegebenen E-Mail-Adresse sind bzw. dass der Inhaber der Adresse mit dem Empfang des Newsletters einverstanden ist. Diese Daten werden nur zum Versand des Newsletters verwendet und nicht an Dritte weitergegeben. Bei der Anmeldung zum Newsletter speichern wir Ihre IP-Adresse und das Datum der Anmeldung. Dies dient lediglich als Nachweis f\u00fcr F\u00e4lle, in denen Dritte E-Mail-Adressen missbrauchen, um sich ohne Wissen des E-Mail-Inhabers f\u00fcr Newsletter anzumelden. Sie k\u00f6nnen Ihre Einwilligung zur Speicherung der Daten und der E-Mail-Adresse sowie deren Nutzung zum Zwecke der Zusendung des Newsletters jederzeit \u00fcber einen Link im Newsletter widerrufen. Dies kann \u00fcber diesen Link im Newsletter, \u00fcber Ihr Profil oder durch eine Benachrichtigung an die oben genannten Ansprechpartner erfolgen. Unser Newsletter-Service wird von Rocket Science Group LLC d\/b\/a MailChimp bereitgestellt. Ihre Daten werden bei Mailchimp gespeichert und wir haben Zugriff darauf. Ihre Daten werden nicht auf andere Weise weitergegeben.<\/p>\n<p><b>Kontaktformular<\/b><\/p>\n<p>Wenn Sie uns \u00fcber das Kontaktformular Anfragen senden, werden Ihre Angaben aus dem Formular einschlie\u00dflich Ihrer Kontaktdaten zur Bearbeitung der Anfrage und f\u00fcr eventuelle Anschlussfragen bei uns gespeichert. Diese Daten geben wir nicht ohne Ihre Einwilligung weiter.<\/p>\n<p><strong>Online-Shop<\/strong><\/p>\n<p>Wenn Sie \u00fcber unseren Online-Shop physische Bestellungen aufgeben, werden Ihre Angaben (E-Mail, Vor- und Nachname, Adresse) aus dem Bestellformular bei uns gespeichert, um die Bestellung zu bearbeiten, eine Rechnung auszustellen und f\u00fcr eventuelle R\u00fcckfragen. Diese Daten werden ausschlie\u00dflich zum Zweck der Bestellabwicklung und Rechnungsstellung verwendet. Wir geben diese Daten nicht ohne Ihre Zustimmung weiter. Einige unserer Produkte werden von Dritten geliefert. Darauf werden Sie auf der Detailseite des Produkts hingewiesen. In solchen F\u00e4llen werden diese Daten ausschlie\u00dflich zum Zweck der Bestellabwicklung und Rechnungsstellung an diese Dritten weitergegeben. Wir weisen darauf hin, dass wir keinen weiteren Einfluss auf die Verwendung Ihrer Daten durch diese Dritten haben.<\/p>\n<p><strong>Einbindung von Inhalten externer Anbieter<\/strong><\/p>\n<p>In unsere Internetpr\u00e4senz sind Browser-Plug-ins und Links von sozialen Netzwerken und Anbietern von Videoinhalten (z. B. Facebook, Twitter, LinkedIn, Xing usw.) eingebunden. Diese Angebote werden von Dritten betrieben, deren Firmensitze sich teilweise au\u00dferhalb der EU und des EWR befinden. Die Browser-Plug-ins und Links sind auf unserer Website durch Logos oder andere Hinweise gekennzeichnet.<\/p>\n<p>Im Rahmen der Nutzung dieser Inhalte wird eine Verbindung zwischen Ihrem Computer (Browser) und den Servern dieser Anbieter hergestellt. Dabei wird die Information, dass Sie unsere Website besucht haben, sowie die verwendete IP-Adresse an diese Dienste weitergeleitet. Diese Informationen k\u00f6nnen m\u00f6glicherweise mit einem Konto von Ihnen bei diesen Anbietern in Verbindung gebracht werden. Dies ist insbesondere dann der Fall, wenn Sie zum Zeitpunkt der Nutzung der Plug-ins bei diesen Diensten angemeldet sind.<\/p>\n<p>Zweck und Umfang der Datenerhebung durch diese Anbieter, die weitere Verarbeitung und Nutzung Ihrer Daten durch die Anbieter sowie Ihre diesbez\u00fcgigen Rechte und Einstellungsm\u00f6glichkeiten zum Schutz Ihrer Privatsph\u00e4re k\u00f6nnen den Datenschutzerkl\u00e4rungen dieser Anbieter entnommen werden.<\/p>\n<p><strong>Google Maps<\/strong><\/p>\n<p>Diese Website nutzt die Funktion \u201eGoogle Maps und Routenplaner\u201c der Google Inc., 1600 Amphitheatre Parkway, Mountain View, CA 94043, USA (\u201eGoogle\u201c), um geografische Informationen und Wegbeschreibungen darzustellen und zu berechnen. Daten \u00fcber Ihre Nutzung dieser Website k\u00f6nnen \u00fcber Google Maps an Google \u00fcbermittelt, von Google gesammelt und genutzt werden. Sie k\u00f6nnen diese \u00dcbermittlung verhindern, indem Sie Javascript in Ihrem Browser deaktivieren. In diesem Fall k\u00f6nnen keine Karten angezeigt werden. Durch die Nutzung dieser Website und die Nichtdeaktivierung von JavaScript stimmen Sie der Verarbeitung Ihrer Daten durch Google zu den oben genannten Zwecken zu. Weitere Informationen dar\u00fcber, wie Google Maps und der Routenplaner Ihre Daten verwenden, sowie die Datenschutzerkl\u00e4rung von Google finden Sie unter: <a href=\"https:\/\/www.google.com\/intl\/en_en\/help\/terms_maps.html\">https:\/\/www.google.com\/intl\/en_en\/help\/terms_maps.html<\/a><\/p>\n<p><b>Google<\/b><\/p>\n<p>Unsere Seiten nutzen Funktionen von Google+. Anbieter ist die Google Inc., 1600 Amphitheatre Parkway Mountain View, CA 94043, USA. Erfassung und Weitergabe von Informationen: Mit dem Google+-Button k\u00f6nnen Sie Ihre Informationen weltweit ver\u00f6ffentlichen. Der Google+-Button bietet Ihnen und anderen Nutzern personalisierte Inhalte von Google und unseren Partnern. Google speichert sowohl die Information, dass Sie auf +1 geklickt haben, als auch Informationen \u00fcber die Seite, die Sie beim Klicken auf +1 besucht haben. Ihr +1 kann in Kombination mit Ihrem Profilnamen und Ihrem Foto f\u00fcr Google-Dienste wie Suchergebnisse oder Ihr Google-Profil verwendet und an anderen Stellen auf Websites und in Internet-Werbung angezeigt werden.<\/p>\n<p>Google speichert Informationen zu Ihren +1-Aktivit\u00e4ten, um die Google-Dienste f\u00fcr Sie und andere zu verbessern. Um die Google+ Schaltfl\u00e4che nutzen zu k\u00f6nnen, ben\u00f6tigen Sie ein weltweit sichtbares und \u00f6ffentliches Google-Profil, das mindestens den f\u00fcr das Profil gew\u00e4hlten Namen enth\u00e4lt. Der Name wird f\u00fcr alle Google-Dienste verwendet. In einigen F\u00e4llen kann der Name auch einen anderen Namen ersetzen, den Sie zum Teilen von Inhalten \u00fcber Ihr Google-Konto verwendet haben. Die Identit\u00e4t Ihres Google-Profils kann anderen Nutzern angezeigt werden, die Ihre E-Mail-Adresse kennen oder \u00fcber andere identifizierende Informationen \u00fcber Sie verf\u00fcgen.<\/p>\n<p>Verwendung der erfassten Informationen: Zus\u00e4tzlich zu den oben genannten Verwendungszwecken werden die von Ihnen bereitgestellten Informationen gem\u00e4\u00df den geltenden Datenschutzbestimmungen von Google verwendet. Google kann statistische Zusammenfassungen der 1+-Aktivit\u00e4ten der Nutzer ver\u00f6ffentlichen oder diese an Nutzer und Partner wie Publisher, Werbetreibende oder verbundene Websites weitergeben.<\/p>\n<p><b>Facebook<\/b><\/p>\n<p>Unsere Website enth\u00e4lt auch integrierte Plugins des sozialen Netzwerks Facebook, Facebook Inc., 1 Hacker Way, Menlo Park, Kalifornien 94025, USA. Facebook-Plugins sind an dem Facebook-Logo oder dem \u201eLike\u201c-Button auf unserer Seite zu erkennen. Eine \u00dcbersicht \u00fcber Facebook-Plugins finden Sie unter: <a href=\"https:\/\/developers.facebook.com\/docs\/plugins\/\">https:\/\/developers.facebook.com\/docs\/plugins\/<\/a>.<\/p>\n<p>Wenn Sie unsere Seiten besuchen, wird \u00fcber das Plugin eine direkte Verbindung zwischen Ihrem Browser und dem Facebook-Server hergestellt. Facebook erh\u00e4lt dadurch die Information, dass Sie mit Ihrer IP-Adresse unsere Seite besucht haben. Wenn Sie den Facebook \u201eLike\u201c-Button anklicken, w\u00e4hrend Sie in Ihrem Facebook-Konto eingeloggt sind, k\u00f6nnen Sie die Inhalte unserer Seiten mit Ihrem Facebook-Profil verlinken. Facebook kann dann Ihren Besuch auf unseren Seiten Ihrem Benutzerkonto zuordnen. Wir weisen darauf hin, dass wir als Betreiber der Seiten keine Kenntnis vom Inhalt der \u00fcbermittelten Daten sowie deren Nutzung durch Facebook erhalten. Weitere Informationen hierzu finden Sie in der Datenschutzerkl\u00e4rung von Facebook unter https:\/\/<a href=\"http:\/\/www.facebook.com\/policy\">www.facebook.com\/policy<\/a>.<\/p>\n<p>Wenn Sie nicht m\u00f6chten, dass Facebook Ihren Besuch auf unseren Seiten Ihrem Facebook-Konto zuordnet, loggen Sie sich bitte aus Ihrem Facebook-Konto aus.<\/p>\n<p><strong>LinkedIn<\/strong><\/p>\n<p>Unsere Website nutzt Funktionen des Netzwerks LinkedIn. Anbieter ist die LinkedIn Corporation, 2029 Stierlin Court, Mountain View, CA 94043, USA. Bei jedem Aufruf einer unserer Seiten, die LinkedIn-Funktionen enth\u00e4lt, wird eine Verbindung zu den Servern von LinkedIn hergestellt. LinkedIn wird dabei mitgeteilt, dass Sie mit Ihrer IP-Adresse eine unserer Internetseiten besucht haben. Wenn Sie den LinkedIn-Button \u201eEmpfehlen\u201c anklicken und in Ihrem LinkedIn-Konto eingeloggt sind, kann LinkedIn Ihren Besuch auf unserer Internetseite Ihnen und Ihrem Benutzerkonto zuordnen. Wir weisen darauf hin, dass wir als Betreiber der Seiten keine Kenntnis vom Inhalt der \u00fcbermittelten Daten sowie deren Nutzung durch LinkedIn erhalten.<\/p>\n<p>Weitere Informationen zu diesem Thema finden Sie in der Datenschutzerkl\u00e4rung von LinkedIn unter <a href=\"https:\/\/www.linkedin.com\/legal\/privacy-policy\">https:\/\/www.linkedin.com\/legal\/privacy-policy<\/a>.<\/p>\n<p><strong>XING<\/strong><\/p>\n<p>Unsere Website nutzt Funktionen des Netzwerks XING. Anbieter ist die XING AG, Dammtorstr. 29-32, 20354 Hamburg, Deutschland. Bei jedem Aufruf einer unserer Seiten, die LinkedIn-Funktionen enth\u00e4lt, wird eine Verbindung zu den Servern von XING hergestellt. Nach unserem Kenntnisstand werden dabei keine personenbezogenen Daten gespeichert. Es werden keine IP-Adressen gespeichert und das Nutzerverhalten wird dabei nicht analysiert.<\/p>\n<p>Weitere Informationen zum Datenschutz und zum XING-Share-Button finden Sie in der Datenschutzerkl\u00e4rung von XING unter: <a href=\"https:\/\/www.xing.com\/app\/share?op=data_protection\">https:\/\/www.xing.com\/app\/share?op=data_protection<\/a><\/p>\n<p><strong>Vimeo<\/strong><\/p>\n<p>Unsere Website verwendet Plugins der Website Vimeo, betrieben von Vimeo, Inc., 555 West 18th Street, New York, NY 10011, USA. Wenn Sie eine unserer Seiten mit einem Vimeo-Plugin besuchen, wird eine Verbindung zu den Servern von Vimeo hergestellt und dem Vimeo-Server mitgeteilt, welche unserer Seiten Sie besucht haben.<\/p>\n<p>Wenn Sie in Ihrem Vimeo-Konto angemeldet sind, erm\u00f6glichen Sie Vimeo, Ihr Internetverhalten direkt mit Ihrem pers\u00f6nlichen Profil zu verkn\u00fcpfen. Sie k\u00f6nnen dies verhindern, indem Sie sich aus Ihrem Vimeo-Konto abmelden.<\/p>\n<p><strong>YouTube<\/strong><\/p>\n<p>Unsere Website verwendet Plugins der von Google betriebenen Website YouTube. Betreiber ist die YouTube, LLC, 901 Cherry Ave., San Bruno, CA 94066, USA. Wenn Sie eine unserer Seiten mit einem YouTube-Plugin besuchen, wird eine Verbindung zu den Servern von YouTube hergestellt und dabei mitgeteilt, welche unserer Seiten Sie besucht haben.<\/p>\n<p>Wenn Sie in Ihrem YouTube-Konto angemeldet sind, erm\u00f6glichen Sie YouTube, Ihr Internetverhalten direkt Ihrem pers\u00f6nlichen Profil zuzuordnen. Dies k\u00f6nnen Sie verhindern, indem Sie sich aus Ihrem YouTube-Konto abmelden.<\/p>\n<p>Weitere Informationen zur Behandlung von Nutzerdaten finden Sie in der Datenschutzerkl\u00e4rung von YouTube unter: <a href=\"https:\/\/policies.google.com\/privacy?hl=en\">https:\/\/policies.google.com\/privacy<\/a><\/p>\n<p><strong>Google Fonts<\/strong><\/p>\n<p>Unsere Website nutzt Funktionen des Google Fonts CDN. Anbieter ist die Google Inc., 1600 Amphitheatre Parkway Mountain View, CA 94043, USA. Bei jedem Aufruf einer unserer Seiten, die Funktionen von Google Fonts enth\u00e4lt, wird eine Verbindung zu den Servern von Google Fonts hergestellt. Google Fonts wird dann mitgeteilt, dass Sie mit Ihrer IP-Adresse unsere Internetseiten besucht haben.<\/p>\n","protected":false},"excerpt":{"rendered":"<p>Impressum Diese Website wird betrieben von: Gemeinschaft Evangelischer Kirchen in Europa GEKE Severin-Schreiber-Gasse 3 1180 Wien, \u00d6sterreich Telefon: ++43\/591517\/00900 E-Mail: geke@leuenberg.eu www.leuenberg.eu Verantwortlich: Rev. Mario Fischer, Generalsekret\u00e4r Datenschutzerkl\u00e4rung Allgemeine Datenschutzerkl\u00e4rung Wir nehmen den Schutz Ihrer pers\u00f6nlichen Daten sehr ernst. Daher ist es f\u00fcr uns selbstverst\u00e4ndlich, dass wir Ihre pers\u00f6nlichen Daten verantwortungsvoll und unter Einhaltung aller [&hellip;]<\/p>\n","protected":false},"author":1,"featured_media":0,"parent":0,"menu_order":0,"comment_status":"closed","ping_status":"open","template":"","meta":{"_acf_changed":false,"footnotes":""},"class_list":["post-3795","page","type-page","status-publish","hentry"],"acf":[],"_links":{"self":[{"href":"https:\/\/www.leuenberg.eu\/de\/wp-json\/wp\/v2\/pages\/3795","targetHints":{"allow":["GET"]}}],"collection":[{"href":"https:\/\/www.leuenberg.eu\/de\/wp-json\/wp\/v2\/pages"}],"about":[{"href":"https:\/\/www.leuenberg.eu\/de\/wp-json\/wp\/v2\/types\/page"}],"author":[{"embeddable":true,"href":"https:\/\/www.leuenberg.eu\/de\/wp-json\/wp\/v2\/users\/1"}],"replies":[{"embeddable":true,"href":"https:\/\/www.leuenberg.eu\/de\/wp-json\/wp\/v2\/comments?post=3795"}],"version-history":[{"count":0,"href":"https:\/\/www.leuenberg.eu\/de\/wp-json\/wp\/v2\/pages\/3795\/revisions"}],"wp:attachment":[{"href":"https:\/\/www.leuenberg.eu\/de\/wp-json\/wp\/v2\/media?parent=3795"}],"curies":[{"name":"wp","href":"https:\/\/api.w.org\/{rel}","templated":true}]}}