{"id":3477,"date":"2026-01-09T06:54:15","date_gmt":"2026-01-09T06:54:15","guid":{"rendered":"https:\/\/2025.leuenberg.eu\/?page_id=3477"},"modified":"2026-02-12T09:55:09","modified_gmt":"2026-02-12T09:55:09","slug":"rat","status":"publish","type":"page","link":"https:\/\/www.leuenberg.eu\/de\/ueber-uns\/rat\/","title":{"rendered":"Rat"},"content":{"rendered":"<div class=\"et_pb_section_0 et_pb_section et_section_regular et_block_section\">\n<div class=\"et_pb_row_0 et_pb_row et_block_row\">\n<div class=\"et_pb_column_0 et_pb_column et_pb_column_4_4 et-last-child et_block_column et_pb_css_mix_blend_mode_passthrough\">\n<div class=\"et_pb_text_0 et_pb_text et_pb_bg_layout_light et_pb_module et_block_module preset--module--divi-text--default\"><div class=\"et_pb_text_inner\"><h1 style=\"text-align: center;\">Rat<\/h1>\n<\/div><\/div>\n<\/div>\n<\/div>\n<\/div>\n\n<div class=\"et_pb_section_1 et_pb_section et_section_regular et_block_section\">\n<div class=\"et_pb_row_1 et_pb_row et_block_row preset--module--divi-row--5138c454-be54-4233-bd3b-f8e6a8747976\">\n<div class=\"et_pb_column_1 et_pb_column et_pb_column_4_4 et-last-child et_block_column et_pb_css_mix_blend_mode_passthrough preset--module--divi-column--73121f80-a3ef-4484-8763-c3f18e3c56d2\">\n<div class=\"et_pb_text_1 et_pb_text et_pb_bg_layout_light et_pb_module et_block_module preset--module--divi-text--default\"><div class=\"et_pb_text_inner\"><p>Die GEKE hat eine klare Struktur. Eine Generalversammlung legt etwa alle sechs Jahre die grundlegenden Leitlinien f\u00fcr ihre Arbeit fest. Der 13-k\u00f6pfige Rat unter der Leitung eines dreik\u00f6pfigen Pr\u00e4sidiums leitet die Arbeit zwischen den Generalversammlungen, die von der Gesch\u00e4ftsstelle in Wien koordiniert wird.<\/p>\n<\/div><\/div>\n<\/div>\n<\/div>\n<\/div>\n\n<div class=\"et_pb_section_2 et_pb_section et_section_regular et_block_section\" id=\"rat\">\n<div class=\"et_pb_row_2 et_pb_row et_block_row\">\n<div class=\"et_pb_column_2 et_pb_column et_pb_column_3_5 et_block_column et_pb_css_mix_blend_mode_passthrough\">\n<div class=\"et_pb_text_2 et_pb_text et_pb_bg_layout_light et_pb_module et_block_module preset--module--divi-text--default\"><div class=\"et_pb_text_inner\"><h2>Der Rat<\/h2>\n<\/div><\/div>\n\n<div class=\"et_pb_image_0 et_pb_image et_pb_module et_block_module\"><span class=\"et_pb_image_wrap\"><img decoding=\"async\" src=\"https:\/\/leuenberg.eu\/wp-content\/uploads\/2025\/07\/457873653_938007928366335_6851520653255040179_n.jpg\" title=\"457873653_938007928366335_6851520653255040179_n\" \/><\/span><\/div>\n<\/div>\n\n<div class=\"et_pb_column_3 et_pb_column et_pb_column_2_5 et-last-child et_block_column et_pb_css_mix_blend_mode_passthrough\">\n<div class=\"et_pb_text_3 et_pb_text et_pb_bg_layout_light et_pb_module et_block_module preset--module--divi-text--default\"><div class=\"et_pb_text_inner\"><p>Der Rat unter der Leitung des Pr\u00e4sidiums ist f\u00fcr die Arbeit zwischen den Vollversammlungen zust\u00e4ndig. Die Vollsammlung hat am 29.8.2024 einen neuen Rat gew\u00e4hlt: Mitglieder des Rates (Stellvertreter):<\/p>\n<p>&nbsp;<\/p>\n<ul>\n<li>Ingrid Bachler, \u00d6sterreich, Lutherisch (Markus Schaefer, Deutschland, Uniert)<\/li>\n<li>Nathan Eddy, Gro\u00dfbritannien, Uniert (Marco Batenburg, Niederlande, Uniert)<\/li>\n<li><strong>Rita Famos, Schweiz, Reformiert - Gesch\u00e4ftsf\u00fchrende Pr\u00e4sidentin der GEKE<\/strong> (Martin Hirzel, Schweiz, Reformed)<\/li>\n<li>Laura Kj\u00e6rgaard Fischer, D\u00e4nemark, Lutherisch (Marcin Brz\u00f3ska, Polen, Lutherisch)<\/li>\n<li>Dimitris Boukis, Griechenland, Reformiert (Pawel Andrzej Gajewski, Italien, Uniert)<\/li>\n<li>Annette Gruschwitz, Deutschland, Methodist (J\u00f8rgen Thaarup, D\u00e4nemark, Methodist)<\/li>\n<li>Eva Guldanov\u00e1 , Slowakei, Lutherisch (Jana Hofmanov\u00e1, Tschechische Republik, Uniert)<\/li>\n<li>Tam\u00e1s Kod\u00e1csy, Ungarn, Reformiert (Kl\u00e1ra Tarr Cselovszky, Ungarn, Lutherisch)<\/li>\n<li><strong>Georg Plasger, Deutschland, Reformiert - Pr\u00e4sidium -<\/strong> (Susanne Bei der Wieden, Deutschland, Reformed)<\/li>\n<li>Thomas Prieto Peral, Deutschland, Lutherisch (Raphael Quandt, Deutschland, Lutherisch)<\/li>\n<li>Ulrich R\u00fcsen-Weinhold, Frankreich, Uniert (Petra Renate Magne de la Croix, Frankreich, Uniert)<\/li>\n<li>Ulrike Scherf, Deutschland, Uniert (Susanne Schenk, Deutschland, Lutherisch)<\/li>\n<li><strong>Marko Tiitus, Estland, Lutherisch - Pr\u00e4sidium<\/strong> (Gerhard Servatius-Depner, Rum\u00e4nien, Lutherisch)<\/li>\n<\/ul>\n<\/div><\/div>\n<\/div>\n<\/div>\n<\/div>\n\n<div class=\"et_pb_section_3 et_pb_section et_section_regular et_block_section\" id=\"struktur\">\n<div class=\"et_pb_row_3 et_pb_row et_flex_row\">\n<div class=\"et_pb_column_4 et_pb_column et-last-child et_flex_column et_pb_css_mix_blend_mode_passthrough et_flex_column_24_24 et_flex_column_24_24_tablet et_flex_column_24_24_phone\">\n<div class=\"et_pb_text_4 et_pb_text et_pb_bg_layout_light et_pb_module et_flex_module preset--module--divi-text--default\"><div class=\"et_pb_text_inner\"><h2>Struktur<\/h2>\n<p>Und so funktioniert die GEKE: Von der Gesch\u00e4ftsstelle ausgehend, werden die Treffen des Rates organisiert. Das Generalsekretariat stimmt mit dem Pr\u00e4sidium (das ebenfalls Teil des Rates ist), s\u00e4mtliche Entscheidungen und Schritte ab. Alles, was im Rahmen der GEKE erarbeitet wird, wird bei der alle etwa sechs Jahre stattfindenen Vollversammlung abgesegnet bzw. werden neue Themen definiert.<\/p>\n<p>Inhaltlich arbeitet die GEKE an <a href=\"https:\/\/leuenberg.eu\/de\/was-wir-tun\/akademischer-austausch-und-lehre\/\">konfessionellen Lehrgespr\u00e4chen und Studienprozessen, Konsultationen und Arbeitsgruppen<\/a>, die mit der aktuellen Situation der Kirchen zu tun haben. \u00d6kumenische, liturgische, ethische und religionsp\u00e4dagogische Themen sowie Fragen zur Migration werden mit eigenen Fachbeir\u00e4ten (s. AB - Advisory Boards) erarbeitet und diskutiert.<\/p>\n<p>Die 96 Mitgliedskirchen sind in europ\u00e4ische<a href=\"https:\/\/leuenberg.eu\/de\/ueber-uns\/regionalgruppen\/\"> Regionalgruppen<\/a> eingeteilt.<\/p>\n<p>Die GEKE hat acht <a href=\"https:\/\/leuenberg.eu\/de\/was-wir-tun\/arbeitsgemeinschaften-und-kooperationen\/\">Kooperationspartner<\/a>.<\/p>\n<\/div><\/div>\n<\/div>\n<\/div>\n\n<div class=\"et_pb_row_4 et_pb_row et_block_row\">\n<div class=\"et_pb_column_5 et_pb_column et_pb_column_4_4 et-last-child et_block_column et_pb_css_mix_blend_mode_passthrough\">\n<div class=\"et_pb_image_1 et_pb_image et_pb_module et_block_module\"><span class=\"et_pb_image_wrap\"><img decoding=\"async\" src=\"https:\/\/leuenberg.eu\/wp-content\/uploads\/2025\/07\/CPCE-Structure-scaled.jpg\" title=\"CPCE Structure\" \/><\/span><\/div>\n<\/div>\n<\/div>\n<\/div>","protected":false},"excerpt":{"rendered":"","protected":false},"author":1,"featured_media":0,"parent":412,"menu_order":0,"comment_status":"closed","ping_status":"closed","template":"","meta":{"_acf_changed":false,"footnotes":""},"class_list":["post-3477","page","type-page","status-publish","hentry"],"acf":[],"_links":{"self":[{"href":"https:\/\/www.leuenberg.eu\/de\/wp-json\/wp\/v2\/pages\/3477","targetHints":{"allow":["GET"]}}],"collection":[{"href":"https:\/\/www.leuenberg.eu\/de\/wp-json\/wp\/v2\/pages"}],"about":[{"href":"https:\/\/www.leuenberg.eu\/de\/wp-json\/wp\/v2\/types\/page"}],"author":[{"embeddable":true,"href":"https:\/\/www.leuenberg.eu\/de\/wp-json\/wp\/v2\/users\/1"}],"replies":[{"embeddable":true,"href":"https:\/\/www.leuenberg.eu\/de\/wp-json\/wp\/v2\/comments?post=3477"}],"version-history":[{"count":0,"href":"https:\/\/www.leuenberg.eu\/de\/wp-json\/wp\/v2\/pages\/3477\/revisions"}],"up":[{"embeddable":true,"href":"https:\/\/www.leuenberg.eu\/de\/wp-json\/wp\/v2\/pages\/412"}],"wp:attachment":[{"href":"https:\/\/www.leuenberg.eu\/de\/wp-json\/wp\/v2\/media?parent=3477"}],"curies":[{"name":"wp","href":"https:\/\/api.w.org\/{rel}","templated":true}]}}