{"id":273,"date":"2025-06-20T14:44:23","date_gmt":"2025-06-20T13:44:23","guid":{"rendered":"https:\/\/2025.leuenberg.eu\/geschichte\/"},"modified":"2026-02-03T13:27:21","modified_gmt":"2026-02-03T13:27:21","slug":"geschichte","status":"publish","type":"page","link":"https:\/\/www.leuenberg.eu\/de\/ueber-uns\/geschichte\/","title":{"rendered":"Geschichte"},"content":{"rendered":"<div class=\"et_pb_section_0 et_pb_section et_section_regular et_block_section\">\n<div class=\"et_pb_row_0 et_pb_row et_block_row\">\n<div class=\"et_pb_column_0 et_pb_column et_pb_column_4_4 et-last-child et_block_column et_pb_css_mix_blend_mode_passthrough\">\n<div class=\"et_pb_text_0 et_pb_text et_pb_bg_layout_light et_pb_module et_block_module preset--module--divi-text--default\"><div class=\"et_pb_text_inner\"><h1 style=\"text-align: center;\">Geschichte<\/span><\/h1>\n<\/div><\/div>\n<\/div>\n<\/div>\n<\/div>\n\n<div class=\"et_pb_section_1 et_pb_section et_section_regular et_block_section\">\n<div class=\"et_pb_row_1 et_pb_row et_block_row preset--module--divi-row--5138c454-be54-4233-bd3b-f8e6a8747976\">\n<div class=\"et_pb_column_1 et_pb_column et_pb_column_4_4 et-last-child et_block_column et_pb_css_mix_blend_mode_passthrough preset--module--divi-column--73121f80-a3ef-4484-8763-c3f18e3c56d2\">\n<div class=\"et_pb_text_1 et_pb_text et_pb_bg_layout_light et_pb_module et_block_module preset--module--divi-text--default\"><div class=\"et_pb_text_inner\"><p>Mit der<strong> Leuenberger Konkordie<\/strong> wurde vor etwas mehr als 50 Jahren (1973) ein kirchlicher Br\u00fcckenschlag historischer Dimension vollzogen, der fast 500 Jahre nicht m\u00f6glich war: Die gegenseitige Anerkennung der evangelischen Kirchen in Europa. Sie ist somit das Gr\u00fcndungsdokument der Evangelischen Kirchengemeinschaft, was weitreichende praktische Auswirkungen hat: Seither kann eine lutherische Pfarrerin auf einer reformierten Kanzel predigen und ein reformierter Gl\u00e4ubiger das Abendmahl bei einem lutherischen Gottesdienst empfangen.<\/p>\n<p>Die lutherischen und reformierten Theologen, die Anfang der 1970er den Grundstein f\u00fcr eine evangelische Kirchengemeinschaft in Europa legten, hoben das gemeinsame reformatorische Verst\u00e4ndnis des Evangeliums von Martin Luther und Johannes Calvin hervor. Die Differenzen bei gewissen Lehrmeinungen wurden als \u00fcberbr\u00fcckbar und die Vers\u00f6hnung in geeinter Verschiedenheit als Weg definiert.<\/p>\n<p>Seither ist sowohl auf kirchlichem Gebiet als auch gesellschaftlich, politisch oder medizinethisch vieles passiert. Die GEKE besch\u00e4ftigt sich auf biblischer Grundlage und im Licht der Leuenberger Konkordie mit vielen aktuellen Herausforderungen und sucht protestantische Antworten - breit, dialogbereit und auch interdisziplin\u00e4r -, um damit ihren Mitgliedskirchen m\u00f6glichst hilfreiche Impulse und Ideen zu geben.<\/p>\n<p>F\u00fcr die Kirchengemeinschaft ist die Leuenberger Konkordie das Gr\u00fcndungsdokument<span>. Mittlerweile haben 96 evangelische Kirchen auf Grundlage der Leuenberger Konkordie Kirchengemeinschaft erkl\u00e4rt. Die Leuenberger Konkordie ist in zahlreichen europ\u00e4ischen Sprachen verf\u00fcgbar.\u00a0<\/span><\/p>\n<\/div><\/div>\n\n<div class=\"et_pb_text_2 et_pb_text et_pb_bg_layout_light et_pb_module et_block_module preset--module--divi-text--default\"><div class=\"et_pb_text_inner\"><h3>Leuenberger Konkordie herunterladen<\/h3>\n<\/div><\/div>\n\n<div class=\"et_pb_code_0 et_pb_code et_pb_module\"><div class=\"et_pb_code_inner\"><p><div class='w3eden wpdm_package_shortcode'><!-- WPDM Link Template: Default Template -->\n\n<div class=\"link-template-default card mb-2\">\n    <div class=\"card-body\">\n        <div class=\"media\">\n            <div class=\"mr-3 img-48\"><img decoding=\"async\" class=\"wpdm_icon\" alt=\"Icon\" src=\"https:\/\/www.leuenberg.eu\/wp-content\/plugins\/download-manager\/assets\/file-type-icons\/zip.svg\" \/><\/div>\n            <div class=\"media-body\">\n                <h3 class=\"package-title\"><a href='https:\/\/www.leuenberg.eu\/de\/download\/leuenberg-agreement\/'>Leuenberg Agreement \/ Leuenberger Konkordie<\/a><\/h3>\n                <div class=\"text-muted text-small\"><i class=\"fas fa-copy\"><\/i> 20 Datei(en) <i class=\"fas fa-hdd ml-3\"><\/i> 240.54 KB<\/div>\n            <\/div>\n            <div class=\"ml-3\">\n                <a class='wpdm-download-link download-on-click btn btn-primary '  rel='nofollow' href='#' data-downloadurl=\"https:\/\/www.leuenberg.eu\/de\/download\/leuenberg-agreement\/?wpdmdl=320&refresh=69e076e42a3691776318180\">Download<\/a>\n            <\/div>\n        <\/div>\n    <\/div>\n<\/div>\n\n<!-- Template 'dropdownde' not found, using default link template --><\/div><\/p><br>\n<\/div><\/div>\n<\/div>\n<\/div>\n\n<div class=\"et_pb_row_2 et_pb_row et_block_row\">\n<div class=\"et_pb_column_2 et_pb_column et_pb_column_4_4 et-last-child et_block_column et_pb_css_mix_blend_mode_passthrough\">\n<div class=\"et_pb_divider_0 et_pb_divider et_pb_space et_pb_divider_position_top et_pb_module\"><div class=\"et_pb_divider_internal\"><\/div><\/div>\n<\/div>\n<\/div>\n<\/div>\n\n<div class=\"et_pb_section_2 et_pb_section et_section_regular et_block_section\">\n<div class=\"et_pb_row_3 et_pb_row et_block_row\">\n<div class=\"et_pb_column_3 et_pb_column et_pb_column_4_4 et-last-child et_block_column et_pb_css_mix_blend_mode_passthrough\">\n<div class=\"et_pb_text_3 et_pb_text et_pb_bg_layout_light et_pb_module et_block_module preset--module--divi-text--default\"><div class=\"et_pb_text_inner\"><h2>Geschichte<\/h2>\n<\/div><\/div>\n\n\n\n\n\n\n<div class=\"et_pb_module et_d4_element dmpro_timeline dmpro_timeline_0\">\n\t\t\t\t\n\t\t\t\t\n\t\t\t\t\n\t\t\t\t\n\t\t\t\t\n\t\t\t\t\n\t\t\t\t<div class=\"et_pb_module_inner\">\n\t\t\t\t\t<div class=\"dmpro_timeline_custom_classes dmpro_timeline_layout_mixed dmpro_timeline_layout_right_tablet dmpro_timeline_layout_right_phone startpos-left dmpro_timeline_show-card-arrow\">\n        <div class=\"dmpro_timeline_container\">\n          <div class=\"dmpro-timeline-items\"><div class=\"et_pb_module et_d4_element dmpro_timeline_item dmpro_timeline_item_0\">\n\t\t\t\t\n\t\t\t\t\n\t\t\t\t\n\t\t\t\t\n\t\t\t\t\n\t\t\t\t\n\t\t\t\t<div class=\"et_pb_module_inner\">\n\t\t\t\t\t<div class=\"dmpro_timeline_item_custom_classes dmpro_timeline_item_position_top et_pb_bg_layout_\">\n        <div class=\"dmpro_timeline_item_container\">\n          <div class=\"dmpro_timeline_date\"><span class=\"dmpro_timeline_date_text\">1955-67<\/span><\/div>\n          <div class=\"et_pb_image_wrap date-icon-wrap\"><span data-icon=\"i\" class=\"date-icon date-icon-circle\"><\/span><\/div>\n          <div class=\"dmpro_timeline_item_card-wrap\">\n            <div class=\"dmpro_timeline_item_card\">\n              <div class=\"dmpro_timeline_item_image et_pb_css_mix_blend_mode\"><span class=\"et_pb_image_wrap\"><img decoding=\"async\" src=\"https:\/\/leuenberg.eu\/wp-content\/uploads\/2025\/12\/theologische-gesprache-1971-website-geschichte-.jpg\" alt=\"\" class=\"\" \/><\/span><\/div>\n              <div class=\"dmpro_timeline_item_content\">\n                <div class=\"dmpro_timeline_date\"><span class=\"dmpro_timeline_date_text\">1955-67<\/span><\/div>\n                <div class=\"dmpro_timeline_item_content_text\">\n                  <h4 class=\"dmpro_timeline_item_header\"><span>Theologische Gespr\u00e4che<\/span><\/h4>\n                  <div class=\"dmpro_timeline_item_description\">Unter der Schirmherrschaft der Kommission f\u00fcr Glauben und Kirchenverfassung finden an verschiedenen Orten (u. a. Arnoldshain und Schauenburg) theologische Gespr\u00e4che zwischen Lutheranern und Reformierten statt. Der Abschlussbericht nennt als Ziel weiterer Bem\u00fchungen eine \u201egemeinsame theologische Erkl\u00e4rung, die von den Kirchen ratifiziert werden soll\u201c.<\/div>\n                <\/div>\n                \n              <\/div> <!-- .dmpro_timeline_item_content -->\n            <\/div> <!-- .dmpro_timeline_item_card -->\n          <\/div>\n        <\/div>\n      <\/div>\n\t\t\n\t\t\t\t<\/div>\n\t\t\t<\/div><div class=\"et_pb_module et_d4_element dmpro_timeline_item dmpro_timeline_item_1\">\n\t\t\t\t\n\t\t\t\t\n\t\t\t\t\n\t\t\t\t\n\t\t\t\t\n\t\t\t\t\n\t\t\t\t<div class=\"et_pb_module_inner\">\n\t\t\t\t\t<div class=\"dmpro_timeline_item_custom_classes dmpro_timeline_item_position_top et_pb_bg_layout_\">\n        <div class=\"dmpro_timeline_item_container\">\n          <div class=\"dmpro_timeline_date\"><span class=\"dmpro_timeline_date_text\">1973<\/span><\/div>\n          <div class=\"et_pb_image_wrap date-icon-wrap\"><span data-icon=\"i\" class=\"date-icon date-icon-circle\"><\/span><\/div>\n          <div class=\"dmpro_timeline_item_card-wrap\">\n            <div class=\"dmpro_timeline_item_card\">\n              <div class=\"dmpro_timeline_item_image et_pb_css_mix_blend_mode\"><span class=\"et_pb_image_wrap\"><img decoding=\"async\" src=\"https:\/\/leuenberg.eu\/wp-content\/uploads\/2025\/06\/250620-leuenberg.jpg\" alt=\"\" class=\"\" \/><\/span><\/div>\n              <div class=\"dmpro_timeline_item_content\">\n                <div class=\"dmpro_timeline_date\"><span class=\"dmpro_timeline_date_text\">1973<\/span><\/div>\n                <div class=\"dmpro_timeline_item_content_text\">\n                  <h4 class=\"dmpro_timeline_item_header\"><span>Leuenberger Konkordie<\/span><\/h4>\n                  <div class=\"dmpro_timeline_item_description\">Die endg\u00fcltige Fassung der \u201eKonkordie der reformierten Kirchen in Europa (Leuenberger Konkordie)\u201c wird im Leuenberger Tagungszentrum bei Basel verabschiedet.\n\n\n<\/div>\n                <\/div>\n                \n              <\/div> <!-- .dmpro_timeline_item_content -->\n            <\/div> <!-- .dmpro_timeline_item_card -->\n          <\/div>\n        <\/div>\n      <\/div>\n\t\t\n\t\t\t\t<\/div>\n\t\t\t<\/div><div class=\"et_pb_module et_d4_element dmpro_timeline_item dmpro_timeline_item_2\">\n\t\t\t\t\n\t\t\t\t\n\t\t\t\t\n\t\t\t\t\n\t\t\t\t\n\t\t\t\t\n\t\t\t\t<div class=\"et_pb_module_inner\">\n\t\t\t\t\t<div class=\"dmpro_timeline_item_custom_classes dmpro_timeline_item_position_top et_pb_bg_layout_\">\n        <div class=\"dmpro_timeline_item_container\">\n          <div class=\"dmpro_timeline_date\"><span class=\"dmpro_timeline_date_text\">1976<\/span><\/div>\n          <div class=\"et_pb_image_wrap date-icon-wrap\"><span data-icon=\"i\" class=\"date-icon date-icon-circle\"><\/span><\/div>\n          <div class=\"dmpro_timeline_item_card-wrap\">\n            <div class=\"dmpro_timeline_item_card\">\n              \n              <div class=\"dmpro_timeline_item_content\">\n                <div class=\"dmpro_timeline_date\"><span class=\"dmpro_timeline_date_text\">1976<\/span><\/div>\n                <div class=\"dmpro_timeline_item_content_text\">\n                  <h4 class=\"dmpro_timeline_item_header\"><span>Sigtuna<\/span><\/h4>\n                  <div class=\"dmpro_timeline_item_description\">Konferenz in Sigtuna (Schweden) \u2013 gilt als erste Vollversammlung der Leuenberger Kirchengemeinschaft. Zu diesem Zeitpunkt hatten 69 protestantische Kirchen die Konkordie unterzeichnet.\n\n\n<\/div>\n                <\/div>\n                \n              <\/div> <!-- .dmpro_timeline_item_content -->\n            <\/div> <!-- .dmpro_timeline_item_card -->\n          <\/div>\n        <\/div>\n      <\/div>\n\t\t\n\t\t\t\t<\/div>\n\t\t\t<\/div><div class=\"et_pb_module et_d4_element dmpro_timeline_item dmpro_timeline_item_3\">\n\t\t\t\t\n\t\t\t\t\n\t\t\t\t\n\t\t\t\t\n\t\t\t\t\n\t\t\t\t\n\t\t\t\t<div class=\"et_pb_module_inner\">\n\t\t\t\t\t<div class=\"dmpro_timeline_item_custom_classes dmpro_timeline_item_position_top et_pb_bg_layout_\">\n        <div class=\"dmpro_timeline_item_container\">\n          <div class=\"dmpro_timeline_date\"><span class=\"dmpro_timeline_date_text\">1994<\/span><\/div>\n          <div class=\"et_pb_image_wrap date-icon-wrap\"><span data-icon=\"i\" class=\"date-icon date-icon-circle\"><\/span><\/div>\n          <div class=\"dmpro_timeline_item_card-wrap\">\n            <div class=\"dmpro_timeline_item_card\">\n              <div class=\"dmpro_timeline_item_image et_pb_css_mix_blend_mode\"><span class=\"et_pb_image_wrap\"><img decoding=\"async\" src=\"https:\/\/leuenberg.eu\/wp-content\/uploads\/2025\/12\/die-kirche-jesu-christi-website-geschichte.webp\" alt=\"\" class=\"\" \/><\/span><\/div>\n              <div class=\"dmpro_timeline_item_content\">\n                <div class=\"dmpro_timeline_date\"><span class=\"dmpro_timeline_date_text\">1994<\/span><\/div>\n                <div class=\"dmpro_timeline_item_content_text\">\n                  <h4 class=\"dmpro_timeline_item_header\"><span>Wien<\/span><\/h4>\n                  <div class=\"dmpro_timeline_item_description\">Auf der 4. Vollversammlung der Kirchengemeinschaft in Wien wurde eine Satzung verabschiedet, die der Leuenberger Kirchengemeinschaft eine Struktur gab. Mit dem Text \u201eDie Kirche Jesu Christi\u201c (Leuenberger Text 1) einigten sich die protestantischen Kirchen auf eine gemeinsame Ekklesiologie.\n\n\n<\/div>\n                <\/div>\n                \n              <\/div> <!-- .dmpro_timeline_item_content -->\n            <\/div> <!-- .dmpro_timeline_item_card -->\n          <\/div>\n        <\/div>\n      <\/div>\n\t\t\n\t\t\t\t<\/div>\n\t\t\t<\/div><div class=\"et_pb_module et_d4_element dmpro_timeline_item dmpro_timeline_item_4\">\n\t\t\t\t\n\t\t\t\t\n\t\t\t\t\n\t\t\t\t\n\t\t\t\t\n\t\t\t\t\n\t\t\t\t<div class=\"et_pb_module_inner\">\n\t\t\t\t\t<div class=\"dmpro_timeline_item_custom_classes dmpro_timeline_item_position_top et_pb_bg_layout_\">\n        <div class=\"dmpro_timeline_item_container\">\n          <div class=\"dmpro_timeline_date\"><span class=\"dmpro_timeline_date_text\">1997<\/span><\/div>\n          <div class=\"et_pb_image_wrap date-icon-wrap\"><span data-icon=\"i\" class=\"date-icon date-icon-circle\"><\/span><\/div>\n          <div class=\"dmpro_timeline_item_card-wrap\">\n            <div class=\"dmpro_timeline_item_card\">\n              <div class=\"dmpro_timeline_item_image et_pb_css_mix_blend_mode\"><span class=\"et_pb_image_wrap\"><img decoding=\"async\" src=\"https:\/\/leuenberg.eu\/wp-content\/uploads\/2025\/12\/evangelisch-methodistische-kirche-website-geschichte.jpg\" alt=\"\" class=\"\" \/><\/span><\/div>\n              <div class=\"dmpro_timeline_item_content\">\n                <div class=\"dmpro_timeline_date\"><span class=\"dmpro_timeline_date_text\">1997<\/span><\/div>\n                <div class=\"dmpro_timeline_item_content_text\">\n                  <h4 class=\"dmpro_timeline_item_header\"><span>Methodisten<\/span><\/h4>\n                  <div class=\"dmpro_timeline_item_description\">Sieben methodistische Kirchen treten der Leuenberger Gemeinschaft mit einer \u201egemeinsamen Erkl\u00e4rung zur Kirchengemeinschaft\u201c bei.\n\n\n<\/div>\n                <\/div>\n                \n              <\/div> <!-- .dmpro_timeline_item_content -->\n            <\/div> <!-- .dmpro_timeline_item_card -->\n          <\/div>\n        <\/div>\n      <\/div>\n\t\t\n\t\t\t\t<\/div>\n\t\t\t<\/div><div class=\"et_pb_module et_d4_element dmpro_timeline_item dmpro_timeline_item_5\">\n\t\t\t\t\n\t\t\t\t\n\t\t\t\t\n\t\t\t\t\n\t\t\t\t\n\t\t\t\t\n\t\t\t\t<div class=\"et_pb_module_inner\">\n\t\t\t\t\t<div class=\"dmpro_timeline_item_custom_classes dmpro_timeline_item_position_top et_pb_bg_layout_\">\n        <div class=\"dmpro_timeline_item_container\">\n          <div class=\"dmpro_timeline_date\"><span class=\"dmpro_timeline_date_text\">2001<\/span><\/div>\n          <div class=\"et_pb_image_wrap date-icon-wrap\"><span data-icon=\"i\" class=\"date-icon date-icon-circle\"><\/span><\/div>\n          <div class=\"dmpro_timeline_item_card-wrap\">\n            <div class=\"dmpro_timeline_item_card\">\n              \n              <div class=\"dmpro_timeline_item_content\">\n                <div class=\"dmpro_timeline_date\"><span class=\"dmpro_timeline_date_text\">2001<\/span><\/div>\n                <div class=\"dmpro_timeline_item_content_text\">\n                  <h4 class=\"dmpro_timeline_item_header\"><span>Gemeinschaft Evangelischer Kirchen in Europa<\/span><\/h4>\n                  <div class=\"dmpro_timeline_item_description\">5. Vollversammlung in Belfast. Umbenennung in \u201eGemeinschaft Evangelischer Kirchen in Europa\u201c. Hier wurde der Ruf nach einer \u201eprotestantischen Stimme in Europa\u201c laut und deutlich vernommen.\n\n\n<\/div>\n                <\/div>\n                \n              <\/div> <!-- .dmpro_timeline_item_content -->\n            <\/div> <!-- .dmpro_timeline_item_card -->\n          <\/div>\n        <\/div>\n      <\/div>\n\t\t\n\t\t\t\t<\/div>\n\t\t\t<\/div><div class=\"et_pb_module et_d4_element dmpro_timeline_item dmpro_timeline_item_6\">\n\t\t\t\t\n\t\t\t\t\n\t\t\t\t\n\t\t\t\t\n\t\t\t\t\n\t\t\t\t\n\t\t\t\t<div class=\"et_pb_module_inner\">\n\t\t\t\t\t<div class=\"dmpro_timeline_item_custom_classes dmpro_timeline_item_position_top et_pb_bg_layout_\">\n        <div class=\"dmpro_timeline_item_container\">\n          <div class=\"dmpro_timeline_date\"><span class=\"dmpro_timeline_date_text\">2019<\/span><\/div>\n          <div class=\"et_pb_image_wrap date-icon-wrap\"><span data-icon=\"i\" class=\"date-icon date-icon-circle\"><\/span><\/div>\n          <div class=\"dmpro_timeline_item_card-wrap\">\n            <div class=\"dmpro_timeline_item_card\">\n              <div class=\"dmpro_timeline_item_image et_pb_css_mix_blend_mode\"><span class=\"et_pb_image_wrap\"><img decoding=\"async\" src=\"https:\/\/leuenberg.eu\/wp-content\/uploads\/2025\/12\/Vollversammlung-Basel-Website-Geschichte.jpg\" alt=\"\" class=\"\" \/><\/span><\/div>\n              <div class=\"dmpro_timeline_item_content\">\n                <div class=\"dmpro_timeline_date\"><span class=\"dmpro_timeline_date_text\">2019<\/span><\/div>\n                <div class=\"dmpro_timeline_item_content_text\">\n                  <h4 class=\"dmpro_timeline_item_header\"><span>Rechtsstatus<\/span><\/h4>\n                  <div class=\"dmpro_timeline_item_description\">Nach der 8. Vollversammlung wurde der Kirchengemeinschaft mit Sitz in Wien der Rechtsstatus zuerkannt. Die Ergebnisse des theologischen Dialogs \u201eKirchengemeinschaft\u201d werden ver\u00f6ffentlicht (Leuenberger Text 16).\n\n\n<\/div>\n                <\/div>\n                \n              <\/div> <!-- .dmpro_timeline_item_content -->\n            <\/div> <!-- .dmpro_timeline_item_card -->\n          <\/div>\n        <\/div>\n      <\/div>\n\t\t\n\t\t\t\t<\/div>\n\t\t\t<\/div><div class=\"et_pb_module et_d4_element dmpro_timeline_item dmpro_timeline_item_7\">\n\t\t\t\t\n\t\t\t\t\n\t\t\t\t\n\t\t\t\t\n\t\t\t\t\n\t\t\t\t\n\t\t\t\t<div class=\"et_pb_module_inner\">\n\t\t\t\t\t<div class=\"dmpro_timeline_item_custom_classes dmpro_timeline_item_position_top et_pb_bg_layout_\">\n        <div class=\"dmpro_timeline_item_container\">\n          <div class=\"dmpro_timeline_date\"><span class=\"dmpro_timeline_date_text\">2024<\/span><\/div>\n          <div class=\"et_pb_image_wrap date-icon-wrap\"><span data-icon=\"i\" class=\"date-icon date-icon-circle\"><\/span><\/div>\n          <div class=\"dmpro_timeline_item_card-wrap\">\n            <div class=\"dmpro_timeline_item_card\">\n              <div class=\"dmpro_timeline_item_image et_pb_css_mix_blend_mode\"><span class=\"et_pb_image_wrap\"><img decoding=\"async\" src=\"https:\/\/leuenberg.eu\/wp-content\/uploads\/2025\/12\/Vollversammlung-Sibiu-Website-Geschichte.jpg\" alt=\"\" class=\"\" \/><\/span><\/div>\n              <div class=\"dmpro_timeline_item_content\">\n                <div class=\"dmpro_timeline_date\"><span class=\"dmpro_timeline_date_text\">2024<\/span><\/div>\n                <div class=\"dmpro_timeline_item_content_text\">\n                  <h4 class=\"dmpro_timeline_item_header\"><span>Sibiu<\/span><\/h4>\n                  <div class=\"dmpro_timeline_item_description\">9. Generalversammlung der GEKE in Sibiu\/Hermannstadt.<\/div>\n                <\/div>\n                \n              <\/div> <!-- .dmpro_timeline_item_content -->\n            <\/div> <!-- .dmpro_timeline_item_card -->\n          <\/div>\n        <\/div>\n      <\/div>\n\t\t\n\t\t\t\t<\/div>\n\t\t\t<\/div><\/div>\n          <div class=\"dmpro-timeline-line\"><\/div><div class=\"dmpro-timeline-line__active\"><\/div>\n        <\/div>\n      <\/div>\n      \n\t\t\t\t<\/div>\n\t\t\t<\/div>\n\n\n\n\n\n<\/div>\n<\/div>\n<\/div>","protected":false},"excerpt":{"rendered":"","protected":false},"author":1,"featured_media":0,"parent":412,"menu_order":1,"comment_status":"closed","ping_status":"closed","template":"","meta":{"_acf_changed":false,"_et_pb_use_builder":"on","_et_pb_old_content":"","_et_gb_content_width":"","footnotes":""},"class_list":["post-273","page","type-page","status-publish","hentry"],"acf":[],"_links":{"self":[{"href":"https:\/\/www.leuenberg.eu\/de\/wp-json\/wp\/v2\/pages\/273","targetHints":{"allow":["GET"]}}],"collection":[{"href":"https:\/\/www.leuenberg.eu\/de\/wp-json\/wp\/v2\/pages"}],"about":[{"href":"https:\/\/www.leuenberg.eu\/de\/wp-json\/wp\/v2\/types\/page"}],"author":[{"embeddable":true,"href":"https:\/\/www.leuenberg.eu\/de\/wp-json\/wp\/v2\/users\/1"}],"replies":[{"embeddable":true,"href":"https:\/\/www.leuenberg.eu\/de\/wp-json\/wp\/v2\/comments?post=273"}],"version-history":[{"count":0,"href":"https:\/\/www.leuenberg.eu\/de\/wp-json\/wp\/v2\/pages\/273\/revisions"}],"up":[{"embeddable":true,"href":"https:\/\/www.leuenberg.eu\/de\/wp-json\/wp\/v2\/pages\/412"}],"wp:attachment":[{"href":"https:\/\/www.leuenberg.eu\/de\/wp-json\/wp\/v2\/media?parent=273"}],"curies":[{"name":"wp","href":"https:\/\/api.w.org\/{rel}","templated":true}]}}