{"id":262,"date":"2025-06-20T14:34:57","date_gmt":"2025-06-20T13:34:57","guid":{"rendered":"https:\/\/2025.leuenberg.eu\/werte-wofuer-wir-stehen\/"},"modified":"2026-02-12T09:39:58","modified_gmt":"2026-02-12T09:39:58","slug":"werte-wofuer-wir-stehen","status":"publish","type":"page","link":"https:\/\/www.leuenberg.eu\/de\/ueber-uns\/werte-wofuer-wir-stehen\/","title":{"rendered":"Werte und Ziele"},"content":{"rendered":"<div class=\"et_pb_section_0 et_pb_section et_section_regular et_block_section\">\n<div class=\"et_pb_row_0 et_pb_row et_block_row\">\n<div class=\"et_pb_column_0 et_pb_column et_pb_column_4_4 et-last-child et_block_column et_pb_css_mix_blend_mode_passthrough\">\n<div class=\"et_pb_text_0 et_pb_text et_pb_bg_layout_light et_pb_module et_block_module preset--module--divi-text--default\"><div class=\"et_pb_text_inner\"><h1 style=\"text-align: center;\">Werte und Ziele<\/h1>\n<\/div><\/div>\n<\/div>\n<\/div>\n<\/div>\n\n<div class=\"et_pb_section_1 et_pb_section et_section_regular et_block_section\">\n<div class=\"et_pb_row_1 et_pb_row et_block_row preset--module--divi-row--5138c454-be54-4233-bd3b-f8e6a8747976\">\n<div class=\"et_pb_column_1 et_pb_column et_pb_column_2_3 et_block_column et_pb_css_mix_blend_mode_passthrough preset--module--divi-column--73121f80-a3ef-4484-8763-c3f18e3c56d2\">\n<div class=\"et_pb_text_1 et_pb_text et_pb_bg_layout_light et_pb_module et_block_module preset--module--divi-text--default\"><div class=\"et_pb_text_inner\"><blockquote>\n<p>Als protestantische Stimme bezeugen wir die freudige und befreiende Botschaft Jesu Christi.<\/p>\n<\/blockquote>\n<h2>Kirchengemeinschaft von 40 Millionen Protestanten<\/h2>\n<p><span data-contrast=\"auto\" xml:lang=\"DE-AT\" lang=\"DE-AT\" class=\"TextRun SCXW95607950 BCX8\"><span class=\"NormalTextRun SCXW95607950 BCX8\">Die Gemeinschaft Evangelischer Kirchen in Europa (GEKE) ist eine europ\u00e4ische Kirchengemeinschaft, der 96 lutherische, reformierte, unierte und methodistische Kirchen in rund 30 L\u00e4ndern in Europa und S\u00fcdamerika angeh\u00f6ren<\/span><\/span><span data-contrast=\"auto\" xml:lang=\"DE-AT\" lang=\"DE-AT\" class=\"TextRun SCXW95607950 BCX8\"><span class=\"NormalTextRun SCXW95607950 BCX8\">. Sie vertritt insgesamt 40 Millionen protestantische Mitglieder. Mit der Unterzeichnung der Leuenberger Konkordie im Jahr 1973 verpflichteten sich die Mitgliedskirchen zu gemeinsamem<span>\u00a0<\/span><\/span><\/span><a class=\"Hyperlink SCXW95607950 BCX8\" href=\"https:\/\/leuenberg.eu\/de\/was-wir-tun\/zeugnis-und-dienstgemeinschaft\/\" target=\"_blank\" rel=\"noreferrer noopener\"><span data-contrast=\"none\" xml:lang=\"DE-AT\" lang=\"DE-AT\" class=\"TextRun Underlined SCXW95607950 BCX8\"><span class=\"NormalTextRun SCXW95607950 BCX8\">Reden und Handeln<\/span><\/span><\/a><span data-contrast=\"auto\" xml:lang=\"DE-AT\" lang=\"DE-AT\" class=\"TextRun SCXW95607950 BCX8\"><span class=\"NormalTextRun SCXW95607950 BCX8\">. Bis heute arbeiten sie gemeinsam daran, die Kirchengemeinschaft trotz bestehender Unterschiede zu vertiefen, wo immer dies m\u00f6glich ist. Das gemeinsame Bekenntnis zur Kirche Jesu ist das einigende Band, das in den jeweiligen Kontexten unterschiedlich gepr\u00e4gt wurde, und bis heute in vielen Sprachen wie auch Liturgien erlebbar ist.<\/span><\/span><span class=\"EOP SCXW95607950 BCX8\" data-ccp-props=\"{&quot;134233117&quot;:true,&quot;134233118&quot;:true,&quot;201341983&quot;:0,&quot;335559740&quot;:240}\">\u00a0<\/span><\/p>\n<h3>Gottesdienstgemeinschaft<\/h3>\n<p><span data-contrast=\"auto\" xml:lang=\"DE-AT\" lang=\"DE-AT\" class=\"TextRun SCXW156345959 BCX8\"><span class=\"NormalTextRun SCXW156345959 BCX8\">Die GEKE ist auch eine<span>\u00a0<\/span><\/span><\/span><a class=\"Hyperlink SCXW156345959 BCX8\" href=\"https:\/\/leuenberg.eu\/de\/was-wir-tun\/gottesdienstgemeinschaft\/\" target=\"_blank\" rel=\"noreferrer noopener\"><span data-contrast=\"none\" xml:lang=\"DE-AT\" lang=\"DE-AT\" class=\"TextRun Underlined SCXW156345959 BCX8\"><span class=\"NormalTextRun SCXW156345959 BCX8\">gottesdienstliche Gemeinschaft.<\/span><\/span><\/a><span data-contrast=\"auto\" xml:lang=\"DE-AT\" lang=\"DE-AT\" class=\"TextRun SCXW156345959 BCX8\"><span class=\"NormalTextRun SCXW156345959 BCX8\"><span>\u00a0<\/span>Die Kirchen feiern gemeinsam Gottesdienst und Abendmahl und erkennen Taufe und Ordination an. Sie tauschen sich im Fachbeirat Liturgie aus. Und sie singen aus dem gemeinsamen europ\u00e4ischen Gesangsbuch der GEKE:<span>\u00a0<\/span><\/span><\/span><a class=\"Hyperlink SCXW156345959 BCX8\" href=\"https:\/\/guh1rd-bf.myshopify.com\/en-de\/products\/colours-of-grace?_pos=1&amp;_psq=colors+of+g&amp;_ss=e&amp;_v=1.0\" target=\"_blank\" rel=\"noreferrer noopener\"><span data-contrast=\"none\" xml:lang=\"DE-AT\" lang=\"DE-AT\" class=\"TextRun Underlined SCXW156345959 BCX8\"><span class=\"NormalTextRun SCXW156345959 BCX8\">\u201eColours<span>\u00a0<\/span><\/span><span class=\"NormalTextRun SCXW156345959 BCX8\">of<\/span><span class=\"NormalTextRun SCXW156345959 BCX8\"><span>\u00a0<\/span>Grace\u201d<\/span><\/span><\/a><span data-contrast=\"auto\" xml:lang=\"DE-AT\" lang=\"DE-AT\" class=\"TextRun SCXW156345959 BCX8\"><span class=\"NormalTextRun SCXW156345959 BCX8\">.<\/span><\/span><span class=\"EOP SCXW156345959 BCX8\" data-ccp-props=\"{&quot;134233117&quot;:true,&quot;134233118&quot;:true,&quot;201341983&quot;:0,&quot;335559740&quot;:240}\">\u00a0<\/span><\/p>\n<h3>Gemeinsame Stimme der protestantischen Kirchen in Europa<\/h3>\n<p><span data-contrast=\"auto\" xml:lang=\"DE-AT\" lang=\"DE-AT\" class=\"TextRun SCXW210593446 BCX8\"><span class=\"NormalTextRun SCXW210593446 BCX8\">Die GEKE ist die gemeinsame Stimme der Protestanten. Viele Mitgliedskirchen sind<span>\u00a0<\/span><\/span><\/span><a class=\"Hyperlink SCXW210593446 BCX8\" href=\"https:\/\/guh1rd-bf.myshopify.com\/en-de\/products\/theologie-der-diaspora?_pos=1&amp;_sid=046248a92&amp;_ss=r\" target=\"_blank\" rel=\"noreferrer noopener\"><span data-contrast=\"none\" xml:lang=\"DE-AT\" lang=\"DE-AT\" class=\"TextRun Underlined SCXW210593446 BCX8\"><span class=\"NormalTextRun SCXW210593446 BCX8\">Minderheitskirchen<\/span><\/span><\/a><span data-contrast=\"auto\" xml:lang=\"DE-AT\" lang=\"DE-AT\" class=\"TextRun SCXW210593446 BCX8\"><span class=\"NormalTextRun SCXW210593446 BCX8\">, die ihre Mission unter manchmal schwierigen Bedingungen erf\u00fcllen. In einem sich wandelnden Europa st\u00e4rkt und b\u00fcndelt die GEKE die Stimme der Protestanten gegen\u00fcber den politischen Institutionen in Europa.<\/span><\/span><span class=\"EOP SCXW210593446 BCX8\" data-ccp-props=\"{&quot;134233117&quot;:true,&quot;134233118&quot;:true,&quot;201341983&quot;:0,&quot;335559740&quot;:240}\">\u00a0<\/span><\/p>\n<h3>Ver\u00f6ffentlichungen zu Kirche und Gesellschaft, Ethik und Liturgie<\/h3>\n<p><span data-contrast=\"auto\" xml:lang=\"DE-AT\" lang=\"DE-AT\" class=\"TextRun SCXW173918329 BCX8\"><span class=\"NormalTextRun SCXW173918329 BCX8\">Wir unterst\u00fctzen unsere<span>\u00a0<\/span><\/span><\/span><a class=\"Hyperlink SCXW173918329 BCX8\" href=\"https:\/\/leuenberg.eu\/de\/ueber-uns\/unsere-mitgliedskirchen\/\" target=\"_blank\" rel=\"noreferrer noopener\"><span data-contrast=\"none\" xml:lang=\"DE-AT\" lang=\"DE-AT\" class=\"TextRun Underlined SCXW173918329 BCX8\"><span class=\"NormalTextRun SCXW173918329 BCX8\">96 Mitgliedskirchen<\/span><\/span><\/a><span data-contrast=\"auto\" xml:lang=\"DE-AT\" lang=\"DE-AT\" class=\"TextRun SCXW173918329 BCX8\"><span class=\"NormalTextRun SCXW173918329 BCX8\"><span>\u00a0<\/span>mit wissenschaftlichen Publikationen zu aktuellen theologischen, sozioethischen und politischen Fragen. Im Mittelpunkt unserer Arbeit steht die Frage, wie das Wort Gottes interpretiert werden kann und wie es im heutigen Kontext wirkt.<\/span><\/span><span class=\"EOP SCXW173918329 BCX8\" data-ccp-props=\"{&quot;134233117&quot;:true,&quot;134233118&quot;:true,&quot;201341983&quot;:0,&quot;335559740&quot;:240}\">\u00a0<\/span><\/p>\n<p>&nbsp;<\/p>\n<h2>Ziele<\/h2>\n<h3>Theologische Grundlagen definieren<\/h3>\n<p><span data-contrast=\"auto\" xml:lang=\"DE-AT\" lang=\"DE-AT\" class=\"TextRun SCXW207246744 BCX8\"><span class=\"NormalTextRun SCXW207246744 BCX8\">Die GEKE entwickelt ihre Positionen in<span> international besetzten <\/span><\/span><\/span><a class=\"Hyperlink SCXW207246744 BCX8\" href=\"https:\/\/leuenberg.eu\/de\/was-wir-tun\/akademischer-austausch-und-lehre\/\" target=\"_blank\" rel=\"noreferrer noopener\"><span data-contrast=\"none\" xml:lang=\"DE-AT\" lang=\"DE-AT\" class=\"TextRun Underlined SCXW207246744 BCX8\"><span class=\"NormalTextRun SCXW207246744 BCX8\">Lehrgespr\u00e4chen und Studienprozessen<\/span><\/span><\/a><span data-contrast=\"auto\" xml:lang=\"DE-AT\" lang=\"DE-AT\" class=\"TextRun SCXW207246744 BCX8\"><span class=\"NormalTextRun SCXW207246744 BCX8\">, die etwa alle sechs Jahre von 200 Delegierten auf Vollversammlungen festgelegt und verabschiedet werden.<\/span><\/span><span class=\"EOP SCXW207246744 BCX8\" data-ccp-props=\"{&quot;134233117&quot;:true,&quot;134233118&quot;:true,&quot;201341983&quot;:0,&quot;335559740&quot;:240}\">\u00a0<\/span><\/p>\n<p><span style=\"font-size: x-large;\"><strong data-start=\"316\" data-end=\"357\">Einheit in vers\u00f6hnter Verschiedenheit<\/strong><\/span><\/p>\n<p>Die Kirchen bleiben in ihren Traditionen unterschiedlich, erkennen sich aber gegenseitig als <strong data-start=\"455\" data-end=\"480\">gleichwertige Kirchen<\/strong> an.<\/p>\n<h3>Solidarit\u00e4t und Unterst\u00fctzung<\/h3>\n<p><span class=\"EOP SCXW24179366 BCX8\" data-ccp-props=\"{&quot;134233117&quot;:true,&quot;134233118&quot;:true,&quot;201341983&quot;:0,&quot;335559740&quot;:240}\">Besonders in Krisenzeiten leistet die Kirchengemeinschaft Unterst\u00fctzung.\u00a0<\/span><\/p>\n<h3>Gesamtevangelische Lehre \u00fcber die Kirche<\/h3>\n<p><span data-contrast=\"auto\" xml:lang=\"DE-AT\" lang=\"DE-AT\" class=\"TextRun SCXW82568352 BCX8\"><span class=\"NormalTextRun SCXW82568352 BCX8\">Die GEKE setzt Impulse zu wichtigen Fragen der \u00d6kumene. Mit dem Lehrgespr\u00e4ch<span>\u00a0<\/span><\/span><\/span><a class=\"Hyperlink SCXW82568352 BCX8\" href=\"https:\/\/guh1rd-bf.myshopify.com\/de-de\/products\/leuenberg-texts-1-the-church-of-jesus-christ\" target=\"_blank\" rel=\"noreferrer noopener\"><span data-contrast=\"none\" xml:lang=\"DE-AT\" lang=\"DE-AT\" class=\"TextRun Underlined SCXW82568352 BCX8\"><span class=\"NormalTextRun SCXW82568352 BCX8\">Die Kirche Jesu Christi<\/span><\/span><\/a><span data-contrast=\"auto\" xml:lang=\"DE-AT\" lang=\"DE-AT\" class=\"TextRun SCXW82568352 BCX8\"><span class=\"NormalTextRun SCXW82568352 BCX8\"><span>\u00a0<\/span>wurde erstmals eine gesamtevangelische Kirchenlehre gelehrt. \u00dcber die christlich-j\u00fcdische Beziehung wurde das Lehrgespr\u00e4ch<span>\u00a0<\/span><\/span><\/span><a class=\"Hyperlink SCXW82568352 BCX8\" href=\"https:\/\/guh1rd-bf.myshopify.com\/de-de\/products\/leuenberg-texts-6-church-and-israel?_pos=1&amp;_sid=2e118c3b7&amp;_ss=r\" target=\"_blank\" rel=\"noreferrer noopener\"><span data-contrast=\"none\" xml:lang=\"DE-AT\" lang=\"DE-AT\" class=\"TextRun Underlined SCXW82568352 BCX8\"><span class=\"NormalTextRun SCXW82568352 BCX8\">Kirche und Israel<\/span><\/span><\/a><span data-contrast=\"auto\" xml:lang=\"DE-AT\" lang=\"DE-AT\" class=\"TextRun SCXW82568352 BCX8\"><span class=\"NormalTextRun SCXW82568352 BCX8\"><span>\u00a0<\/span>gef\u00fchrt. Das daraus entstandene Dokument gilt als die erste gemeinsame Positionsbestimmung der reformatorischen Kirchen Europas zum Verh\u00e4ltnis von Christen und Juden. Es folgten wichtige Stellungnahmen zur Entscheidungsfindung in ethischen Fragen und zum missionarischen Auftrag der Kirchen.<\/span><\/span><span class=\"EOP SCXW82568352 BCX8\" data-ccp-props=\"{&quot;134233117&quot;:true,&quot;134233118&quot;:true,&quot;201341983&quot;:0,&quot;335559740&quot;:240}\">\u00a0<\/span><\/p>\n<h3><a href=\"https:\/\/leuenberg.eu\/de\/dokumente\/\">Stellungnahmen<\/a> zu kirchlichen, politischen und gesellschaftlichen Entwicklungen<\/h3>\n<p>Die GEKE hat den Finger am Puls der Zeit. Mit ihren Fachbeir\u00e4ten Ethik und \u00d6kumene verf\u00fcgt sie \u00fcber zwei Fachgremien, die es ihr erm\u00f6glichen, zu wichtigen kirchlichen und politischen Entwicklungen glaubw\u00fcrdig Stellung zu beziehen und die Position der Kirchen in politischen und zivilgesellschaftlichen Kontexten einzubringen.<\/p>\n<p>&nbsp;<\/p>\n<\/div><\/div>\n<\/div>\n\n<div class=\"et_pb_column_2 et_pb_column et_pb_column_1_3 et-last-child et_block_column et_pb_css_mix_blend_mode_passthrough preset--module--divi-column--73121f80-a3ef-4484-8763-c3f18e3c56d2\">\n<div class=\"et_pb_image_0 et_pb_image et_pb_module et_block_module\"><a href=\"https:\/\/leuenberg.eu\/wp-content\/uploads\/2025\/08\/Plenum-Seitenansicht-blau-1.jpg\" class=\"et_pb_lightbox_image\" alt=\"Bildnachweis: GEKE\"><span class=\"et_pb_image_wrap\"><img loading=\"lazy\" decoding=\"async\" src=\"https:\/\/leuenberg.eu\/wp-content\/uploads\/2025\/08\/Plenum-Seitenansicht-blau-1.jpg\" width=\"1024\" height=\"683\" srcset=\"https:\/\/www.leuenberg.eu\/wp-content\/uploads\/2025\/08\/Plenum-Seitenansicht-blau-1.jpg 1024w, https:\/\/www.leuenberg.eu\/wp-content\/uploads\/2025\/08\/Plenum-Seitenansicht-blau-1-300x200.jpg 300w, https:\/\/www.leuenberg.eu\/wp-content\/uploads\/2025\/08\/Plenum-Seitenansicht-blau-1-768x512.jpg 768w, https:\/\/www.leuenberg.eu\/wp-content\/uploads\/2025\/08\/Plenum-Seitenansicht-blau-1-980x654.jpg 980w, https:\/\/www.leuenberg.eu\/wp-content\/uploads\/2025\/08\/Plenum-Seitenansicht-blau-1-480x320.jpg 480w\" sizes=\"(max-width: 1024px) 100vw, 1024px\" class=\"wp-image-595\" alt=\"Bildnachweis: GEKE\" title=\"Plenum Seitenansicht blau 1\" \/><\/span><\/a><\/div>\n\n<div class=\"et_pb_image_1 et_pb_image et_pb_module et_block_module\"><a href=\"https:\/\/leuenberg.eu\/wp-content\/uploads\/2025\/08\/Morgenandacht.jpg\" class=\"et_pb_lightbox_image\"><span class=\"et_pb_image_wrap\"><img decoding=\"async\" src=\"https:\/\/leuenberg.eu\/wp-content\/uploads\/2025\/08\/Morgenandacht.jpg\" title=\"Morgenandacht\" \/><\/span><\/a><\/div>\n\n<div class=\"et_pb_image_2 et_pb_image et_pb_module et_block_module\"><a href=\"https:\/\/leuenberg.eu\/wp-content\/uploads\/2025\/08\/Musiker.jpg\" class=\"et_pb_lightbox_image\"><span class=\"et_pb_image_wrap\"><img decoding=\"async\" src=\"https:\/\/leuenberg.eu\/wp-content\/uploads\/2025\/08\/Musiker.jpg\" title=\"ZEPPELIN STUDIO FOCUS AGENCY\" \/><\/span><\/a><\/div>\n\n<div class=\"et_pb_image_3 et_pb_image et_pb_module et_block_module\"><a href=\"https:\/\/leuenberg.eu\/wp-content\/uploads\/2025\/08\/Mit-Gesangbuch.jpg\" class=\"et_pb_lightbox_image\"><span class=\"et_pb_image_wrap\"><img decoding=\"async\" src=\"https:\/\/leuenberg.eu\/wp-content\/uploads\/2025\/08\/Mit-Gesangbuch.jpg\" title=\"ZEPPELIN STUDIO FOCUS AGENCY\" \/><\/span><\/a><\/div>\n\n<div class=\"et_pb_image_4 et_pb_image et_pb_module et_block_module\"><a href=\"https:\/\/leuenberg.eu\/wp-content\/uploads\/2025\/09\/foto_206-scaled.jpg\" class=\"et_pb_lightbox_image\"><span class=\"et_pb_image_wrap\"><img decoding=\"async\" src=\"https:\/\/leuenberg.eu\/wp-content\/uploads\/2025\/09\/foto_206-scaled.jpg\" title=\"foto_206\" \/><\/span><\/a><\/div>\n\n<div class=\"et_pb_image_5 et_pb_image et_pb_module et_block_module\"><a href=\"https:\/\/leuenberg.eu\/wp-content\/uploads\/2025\/09\/20210924_171644-scaled.jpg\" class=\"et_pb_lightbox_image\"><span class=\"et_pb_image_wrap\"><img decoding=\"async\" src=\"https:\/\/leuenberg.eu\/wp-content\/uploads\/2025\/09\/20210924_171644-scaled.jpg\" title=\"20210924_171644\" \/><\/span><\/a><\/div>\n\n<div class=\"et_pb_image_6 et_pb_image et_pb_module et_block_module\"><a href=\"https:\/\/leuenberg.eu\/wp-content\/uploads\/2025\/09\/DSC_0253-scaled.jpg\" class=\"et_pb_lightbox_image\"><span class=\"et_pb_image_wrap\"><img decoding=\"async\" src=\"https:\/\/leuenberg.eu\/wp-content\/uploads\/2025\/09\/DSC_0253-scaled.jpg\" title=\"DSC_0253\" \/><\/span><\/a><\/div>\n<\/div>\n<\/div>\n<\/div>","protected":false},"excerpt":{"rendered":"","protected":false},"author":1,"featured_media":0,"parent":412,"menu_order":0,"comment_status":"closed","ping_status":"closed","template":"","meta":{"_acf_changed":false,"footnotes":""},"class_list":["post-262","page","type-page","status-publish","hentry"],"acf":[],"_links":{"self":[{"href":"https:\/\/www.leuenberg.eu\/de\/wp-json\/wp\/v2\/pages\/262","targetHints":{"allow":["GET"]}}],"collection":[{"href":"https:\/\/www.leuenberg.eu\/de\/wp-json\/wp\/v2\/pages"}],"about":[{"href":"https:\/\/www.leuenberg.eu\/de\/wp-json\/wp\/v2\/types\/page"}],"author":[{"embeddable":true,"href":"https:\/\/www.leuenberg.eu\/de\/wp-json\/wp\/v2\/users\/1"}],"replies":[{"embeddable":true,"href":"https:\/\/www.leuenberg.eu\/de\/wp-json\/wp\/v2\/comments?post=262"}],"version-history":[{"count":0,"href":"https:\/\/www.leuenberg.eu\/de\/wp-json\/wp\/v2\/pages\/262\/revisions"}],"up":[{"embeddable":true,"href":"https:\/\/www.leuenberg.eu\/de\/wp-json\/wp\/v2\/pages\/412"}],"wp:attachment":[{"href":"https:\/\/www.leuenberg.eu\/de\/wp-json\/wp\/v2\/media?parent=262"}],"curies":[{"name":"wp","href":"https:\/\/api.w.org\/{rel}","templated":true}]}}