{"id":1401,"date":"2025-07-05T09:33:23","date_gmt":"2025-07-05T08:33:23","guid":{"rendered":"https:\/\/2025.leuenberg.eu\/ueber-uns\/team\/"},"modified":"2026-03-27T17:27:29","modified_gmt":"2026-03-27T17:27:29","slug":"team","status":"publish","type":"page","link":"https:\/\/www.leuenberg.eu\/de\/ueber-uns\/team\/","title":{"rendered":"Team"},"content":{"rendered":"<div class=\"et_pb_section_0 et_pb_section et_section_regular et_block_section\">\n<div class=\"et_pb_row_0 et_pb_row et_block_row\">\n<div class=\"et_pb_column_0 et_pb_column et_pb_column_4_4 et-last-child et_block_column et_pb_css_mix_blend_mode_passthrough\">\n<div class=\"et_pb_text_0 et_pb_text et_pb_bg_layout_light et_pb_module et_block_module preset--module--divi-text--default\"><div class=\"et_pb_text_inner\"><h1 style=\"text-align: center;\">Team<\/h1>\n<\/div><\/div>\n<\/div>\n<\/div>\n<\/div>\n\n<div class=\"et_pb_section_1 et_pb_section et_section_regular et_block_section\">\n<div class=\"et_pb_row_1 et_pb_row et_block_row preset--module--divi-row--5138c454-be54-4233-bd3b-f8e6a8747976\">\n<div class=\"et_pb_column_1 et_pb_column et_pb_column_4_4 et-last-child et_block_column et_pb_css_mix_blend_mode_passthrough preset--module--divi-column--73121f80-a3ef-4484-8763-c3f18e3c56d2\">\n<div class=\"et_pb_text_1 et_pb_text et_pb_bg_layout_light et_pb_module et_block_module preset--module--divi-text--default\"><div class=\"et_pb_text_inner\"><p>Die GEKE hat eine klare <a href=\"#struktur\">Struktur<\/a>. Eine Generalversammlung legt etwa alle sechs Jahre die grundlegenden Leitlinien f\u00fcr ihre Arbeit fest. Der 13-k\u00f6pfige <a href=\"#rat\">Rat<\/a> unter der Leitung eines dreik\u00f6pfigen Pr\u00e4sidiums leitet die Arbeit zwischen den Generalversammlungen, die von der <a href=\"#office\">Gesch\u00e4ftsstelle<\/a> in Wien koordiniert wird.<\/p>\n<\/div><\/div>\n<\/div>\n<\/div>\n<\/div>\n\n<div class=\"et_pb_section_2 et_pb_section et_section_regular et_block_section\" id=\"office\">\n<div class=\"et_pb_row_2 et_pb_row et_block_row\">\n<div class=\"et_pb_column_2 et_pb_column et_pb_column_4_4 et-last-child et_block_column et_pb_css_mix_blend_mode_passthrough\">\n<div class=\"et_pb_text_2 et_pb_text et_pb_bg_layout_light et_pb_module et_block_module preset--module--divi-text--default\"><div class=\"et_pb_text_inner\"><h2>Gesch\u00e4ftsstelle<\/h2>\n<\/div><\/div>\n<\/div>\n<\/div>\n\n<div class=\"et_pb_row_3 et_pb_row et_block_row\">\n<div class=\"et_pb_column_3 et_pb_column et_pb_column_1_3 et_block_column et_pb_css_mix_blend_mode_passthrough\">\n<div class=\"et_pb_text_3 et_pb_text et_pb_bg_layout_light et_pb_module et_block_module preset--module--divi-text--default\"><div class=\"et_pb_text_inner\"><h4>Gemeinschaft Evangelischer Kirchen in Europa GEKE<\/h4>\n<p>Severin-Schreiber-Gasse 3<br \/>1180 Wien, \u00d6sterreich<\/p>\n<p><strong><a href=\"https:\/\/www.leuenberg.eu\/cpce-content\/uploads\/2020\/03\/CPCE-Main-Office-Directions-2020.pdf\" target=\"_blank\" rel=\"attachment noopener wp-att-1558 noreferrer\">Anreise zur Gesch\u00e4ftsstelle<\/a><\/strong><\/p>\n<p><strong><a href=\"https:\/\/www.leuenberg.eu\/newsletter\/\">Newsletter<\/a><\/strong><\/p>\n<p>Telefon: ++43\/591517\/00900<br \/>E-Mail:\u00a0<a href=\"mailto:geke@leuenberg.eu\">geke@leuenberg.eu<\/a><br \/>www.leuenberg.eu<\/p>\n<p>Pr\u00e4sidium:<br \/>Pfrn. Rita Famos, Schweiz<br \/>Pfr. Marko Tiitus, Estland<br \/>Prof. Dr. Georg Plasger, Deutschland<\/p>\n<p>Bankverbindung:<br \/>Raiffeisenlandesbank f\u00fcr<br \/>Nieder\u00f6sterreich und Wien<br \/>IBAN: AT95 3200 0000 0065 7585<\/p>\n<\/div><\/div>\n<\/div>\n\n<div class=\"et_pb_column_4 et_pb_column et_pb_column_2_3 et-last-child et_block_column et_pb_css_mix_blend_mode_passthrough\">\n<div class=\"et_pb_text_4 et_pb_text et_pb_bg_layout_light et_pb_module et_block_module preset--module--divi-text--default\"><div class=\"et_pb_text_inner\"><p>Das B\u00fcro in Wien ist der Ort, an dem alles zusammenkommt. Von hier aus werden Ratssitzungen und Pr\u00e4sidiumssitzungen organisiert und die inhaltliche Arbeit koordiniert.\u00a0 (Fotos hierher verschieben)\u00a0<\/p>\n<\/div><\/div>\n<\/div>\n<\/div>\n\n<div class=\"et_pb_row_4 et_pb_row et_block_row\">\n<div class=\"et_pb_column_5 et_pb_column et_pb_column_1_2 et_block_column et_pb_css_mix_blend_mode_passthrough\">\n<div class=\"et_pb_text_5 et_pb_text et_pb_bg_layout_light et_pb_module et_block_module preset--module--divi-text--default\"><div class=\"et_pb_text_inner\"><h3>Gesch\u00e4ftsstelle:<\/h3>\n<p>\u00a0<\/p>\n<p><img loading=\"lazy\" decoding=\"async\" src=\"https:\/\/leuenberg.eu\/wp-content\/uploads\/2025\/10\/mario-foto-237x300.jpg\" width=\"170\" height=\"216\" alt=\"\" class=\"wp-image-1093 alignnone size-medium\" style=\"font-size: 23px;\" \/><\/p>\n<p>Generalsekret\u00e4r: Pfr. Dr. Mario <strong>Fischer<br \/><\/strong><strong>Email: <a href=\"mailto:m.fischer@leuenberg.eu\">m.fischer(at)leuenberg.eu<\/a><\/strong><\/p>\n<p><img loading=\"lazy\" decoding=\"async\" src=\"https:\/\/leuenberg.eu\/wp-content\/uploads\/2025\/10\/Foto-Stefan-Cosoroaba-203x300.jpg\" width=\"155\" height=\"229\" alt=\"\" class=\"wp-image-1095 alignnone size-medium\" srcset=\"https:\/\/www.leuenberg.eu\/wp-content\/uploads\/2025\/10\/Foto-Stefan-Cosoroaba-203x300.jpg 203w, https:\/\/www.leuenberg.eu\/wp-content\/uploads\/2025\/10\/Foto-Stefan-Cosoroaba-694x1024.jpg 694w, https:\/\/www.leuenberg.eu\/wp-content\/uploads\/2025\/10\/Foto-Stefan-Cosoroaba-768x1133.jpg 768w, https:\/\/www.leuenberg.eu\/wp-content\/uploads\/2025\/10\/Foto-Stefan-Cosoroaba-1041x1536.jpg 1041w, https:\/\/www.leuenberg.eu\/wp-content\/uploads\/2025\/10\/Foto-Stefan-Cosoroaba-1080x1594.jpg 1080w, https:\/\/www.leuenberg.eu\/wp-content\/uploads\/2025\/10\/Foto-Stefan-Cosoroaba-1280x1889.jpg 1280w, https:\/\/www.leuenberg.eu\/wp-content\/uploads\/2025\/10\/Foto-Stefan-Cosoroaba-980x1446.jpg 980w, https:\/\/www.leuenberg.eu\/wp-content\/uploads\/2025\/10\/Foto-Stefan-Cosoroaba-480x708.jpg 480w, https:\/\/www.leuenberg.eu\/wp-content\/uploads\/2025\/10\/Foto-Stefan-Cosoroaba.jpg 1346w\" sizes=\"(max-width: 155px) 100vw, 155px\" \/><\/p>\n<p>Kirchenentwicklung: Prof. Pfr. Dr. Stefan <strong>Cosoroaba<br \/><\/strong><strong>Email: <a href=\"mailto:s.cosoroaba@leuenberg.eu\">s.cosoroaba(at)leuenberg.eu<\/a><\/strong><strong style=\"font-size: 18px;\"><\/strong><\/p>\n<h3 style=\"background-color: #ffffff; font-family: Alata, serif;\"><img loading=\"lazy\" decoding=\"async\" src=\"https:\/\/leuenberg.eu\/wp-content\/uploads\/2025\/10\/magdalena-foto-206x300.jpg\" width=\"163\" height=\"237\" alt=\"\" class=\"wp-image-1091 alignnone size-medium\" style=\"font-size: 23px;\" srcset=\"https:\/\/www.leuenberg.eu\/wp-content\/uploads\/2025\/10\/magdalena-foto-206x300.jpg 206w, https:\/\/www.leuenberg.eu\/wp-content\/uploads\/2025\/10\/magdalena-foto.jpg 481w\" sizes=\"(max-width: 163px) 100vw, 163px\" \/><\/h3>\n<p style=\"background-color: #ffffff; font-family: Alata, serif;\">\u00d6ffentlichkeitsarbeit: Mag. Magdalena <strong>Bruckm\u00fcller<br \/><\/strong><strong>Email: <a href=\"mailto:m.bruckmueller@leuenberg.eu\">m.bruckmueller(at)leuenberg.eu<\/a><\/strong><\/p>\n<h3 style=\"background-color: #ffffff; font-family: Alata, serif;\"><img loading=\"lazy\" decoding=\"async\" src=\"https:\/\/leuenberg.eu\/wp-content\/uploads\/2025\/12\/daniel-205x300.jpg\" width=\"163\" height=\"239\" alt=\"\" class=\"wp-image-2971 alignnone size-medium\" srcset=\"https:\/\/www.leuenberg.eu\/wp-content\/uploads\/2025\/12\/daniel-205x300.jpg 205w, https:\/\/www.leuenberg.eu\/wp-content\/uploads\/2025\/12\/daniel.jpg 300w\" sizes=\"(max-width: 163px) 100vw, 163px\" \/><\/h3>\n<p>Projekte: Daniel Mohr, BA<br \/><strong>Email: <\/strong><strong><a href=\"m.bruckmueller@leuenberg.eu\">d.mohr(at)leuenberg.eu<\/a><\/strong><\/p>\n<p><strong><\/strong><\/p>\n<h3 style=\"background-color: #ffffff; font-family: Alata, serif;\"><img loading=\"lazy\" decoding=\"async\" src=\"https:\/\/leuenberg.eu\/wp-content\/uploads\/2025\/12\/tunglaub-1-251x300.jpg\" width=\"161\" height=\"193\" alt=\"\" class=\"wp-image-2988 alignnone size-medium\" srcset=\"https:\/\/www.leuenberg.eu\/wp-content\/uploads\/2025\/12\/tunglaub-1-251x300.jpg 251w, https:\/\/www.leuenberg.eu\/wp-content\/uploads\/2025\/12\/tunglaub-1-858x1024.jpg 858w, https:\/\/www.leuenberg.eu\/wp-content\/uploads\/2025\/12\/tunglaub-1-768x917.jpg 768w, https:\/\/www.leuenberg.eu\/wp-content\/uploads\/2025\/12\/tunglaub-1-980x1170.jpg 980w, https:\/\/www.leuenberg.eu\/wp-content\/uploads\/2025\/12\/tunglaub-1-480x573.jpg 480w, https:\/\/www.leuenberg.eu\/wp-content\/uploads\/2025\/12\/tunglaub-1.jpg 1078w\" sizes=\"(max-width: 161px) 100vw, 161px\" \/><\/h3>\n<p><strong><\/strong>IT-Support: Thomas Unglaub, MSc<br \/>Email: <strong><a href=\"m.bruckmueller@leuenberg.eu\">assistenz(at)leuenberg.eu<\/a><\/strong><\/p>\n<\/div><\/div>\n<\/div>\n\n<div class=\"et_pb_column_6 et_pb_column et_pb_column_1_2 et-last-child et_block_column et_pb_css_mix_blend_mode_passthrough\">\n<div class=\"et_pb_text_6 et_pb_text et_pb_bg_layout_light et_pb_module et_block_module preset--module--divi-text--default\"><div class=\"et_pb_text_inner\"><p>\u00a0<\/p>\n<p>\u00a0<\/p>\n<p><img loading=\"lazy\" decoding=\"async\" src=\"https:\/\/leuenberg.eu\/wp-content\/uploads\/2025\/10\/Thomas-Andreas-Po\u2560ader-jaanuar-2025-01-vk-207x300.jpg\" width=\"155\" height=\"224\" alt=\"\" class=\"wp-image-1104 alignnone size-medium\" srcset=\"https:\/\/www.leuenberg.eu\/wp-content\/uploads\/2025\/10\/Thomas-Andreas-Po\u2560ader-jaanuar-2025-01-vk-207x300.jpg 207w, https:\/\/www.leuenberg.eu\/wp-content\/uploads\/2025\/10\/Thomas-Andreas-Po\u2560ader-jaanuar-2025-01-vk-706x1024.jpg 706w, https:\/\/www.leuenberg.eu\/wp-content\/uploads\/2025\/10\/Thomas-Andreas-Po\u2560ader-jaanuar-2025-01-vk-768x1114.jpg 768w, https:\/\/www.leuenberg.eu\/wp-content\/uploads\/2025\/10\/Thomas-Andreas-Po\u2560ader-jaanuar-2025-01-vk-480x696.jpg 480w, https:\/\/www.leuenberg.eu\/wp-content\/uploads\/2025\/10\/Thomas-Andreas-Po\u2560ader-jaanuar-2025-01-vk.jpg 953w\" sizes=\"(max-width: 155px) 100vw, 155px\" \/><\/p>\n<p>Studiensekret\u00e4r: Pfr. Prof. Dr. Thomas-Andreas <strong>P\u00f5der<br \/><\/strong><strong>Email: <a href=\"th-a.poder@leuenberg.eu\">th-a.po<\/a><a href=\"th-a.poder@leuenberg.eu\">der(at)leuenberg.eu<\/a><\/strong><\/p>\n<h3 style=\"background-color: #ffffff; font-family: Alata, serif;\"><img loading=\"lazy\" decoding=\"async\" src=\"https:\/\/leuenberg.eu\/wp-content\/uploads\/2025\/10\/oliver-foto-1-207x300.jpg\" width=\"156\" height=\"226\" alt=\"\" class=\"wp-image-1108 alignnone size-medium\" srcset=\"https:\/\/www.leuenberg.eu\/wp-content\/uploads\/2025\/10\/oliver-foto-1-207x300.jpg 207w, https:\/\/www.leuenberg.eu\/wp-content\/uploads\/2025\/10\/oliver-foto-1-480x697.jpg 480w, https:\/\/www.leuenberg.eu\/wp-content\/uploads\/2025\/10\/oliver-foto-1.jpg 699w\" sizes=\"(max-width: 156px) 100vw, 156px\" \/><\/h3>\n<p>Kirchenbeziehungen: Oliver <strong>Engelhardt<\/strong>\u00a0Ph.D.<br \/><strong>Email: <a href=\"o.engelhardt@leuenberg.eu\">o.engelha<\/a><\/strong><strong><a href=\"mailto:rdt@leuenberg.eu\">rdt(at)leuenberg.eu<\/a><a href=\"o.engelhardt@leuenberg.eu\"><\/a><\/strong><\/p>\n<h3 style=\"background-color: #ffffff; font-family: Alata, serif;\"><img loading=\"lazy\" decoding=\"async\" src=\"https:\/\/leuenberg.eu\/wp-content\/uploads\/2025\/12\/Monica-Foto-1-204x300.jpg\" width=\"158\" height=\"233\" alt=\"\" class=\"wp-image-2974 alignnone size-medium\" srcset=\"https:\/\/www.leuenberg.eu\/wp-content\/uploads\/2025\/12\/Monica-Foto-1-204x300.jpg 204w, https:\/\/www.leuenberg.eu\/wp-content\/uploads\/2025\/12\/Monica-Foto-1-696x1024.jpg 696w, https:\/\/www.leuenberg.eu\/wp-content\/uploads\/2025\/12\/Monica-Foto-1-768x1131.jpg 768w, https:\/\/www.leuenberg.eu\/wp-content\/uploads\/2025\/12\/Monica-Foto-1-1043x1536.jpg 1043w, https:\/\/www.leuenberg.eu\/wp-content\/uploads\/2025\/12\/Monica-Foto-1-1391x2048.jpg 1391w, https:\/\/www.leuenberg.eu\/wp-content\/uploads\/2025\/12\/Monica-Foto-1-1080x1590.jpg 1080w, https:\/\/www.leuenberg.eu\/wp-content\/uploads\/2025\/12\/Monica-Foto-1-1280x1884.jpg 1280w, https:\/\/www.leuenberg.eu\/wp-content\/uploads\/2025\/12\/Monica-Foto-1-980x1443.jpg 980w, https:\/\/www.leuenberg.eu\/wp-content\/uploads\/2025\/12\/Monica-Foto-1-480x707.jpg 480w, https:\/\/www.leuenberg.eu\/wp-content\/uploads\/2025\/12\/Monica-Foto-1-scaled.jpg 1739w\" sizes=\"(max-width: 158px) 100vw, 158px\" \/><\/h3>\n<p>Projekte: Mag. Monica <strong>Niedermaier<br \/><\/strong><strong>Email: <a href=\"m.niedermaier@leuenberg.eu\">m.niedermaier(at)leuenberg.eu<\/a><\/strong><\/p>\n<p><img loading=\"lazy\" decoding=\"async\" src=\"https:\/\/leuenberg.eu\/wp-content\/uploads\/2025\/12\/Isabella-Foto-217x300.jpg\" width=\"166\" height=\"229\" alt=\"\" class=\"wp-image-2987 alignnone size-medium\" srcset=\"https:\/\/www.leuenberg.eu\/wp-content\/uploads\/2025\/12\/Isabella-Foto-217x300.jpg 217w, https:\/\/www.leuenberg.eu\/wp-content\/uploads\/2025\/12\/Isabella-Foto.jpg 330w\" sizes=\"(max-width: 166px) 100vw, 166px\" \/><\/p>\n<p>B\u00fcro: Isabella <strong>Fellner<br \/><\/strong><strong>Email: <a href=\"sekretariat@leuenberg.eu\">sekretariat(at)leuenberg.eu<\/a><\/strong><\/p>\n<p><strong><img loading=\"lazy\" decoding=\"async\" src=\"https:\/\/leuenberg.eu\/wp-content\/uploads\/2026\/01\/InShot_20260123_002618832-300x300.jpg\" width=\"193\" height=\"193\" alt=\"\" class=\"wp-image-3963 alignnone size-medium\" srcset=\"https:\/\/www.leuenberg.eu\/wp-content\/uploads\/2026\/01\/InShot_20260123_002618832-300x300.jpg 300w, https:\/\/www.leuenberg.eu\/wp-content\/uploads\/2026\/01\/InShot_20260123_002618832-1024x1024.jpg 1024w, https:\/\/www.leuenberg.eu\/wp-content\/uploads\/2026\/01\/InShot_20260123_002618832-150x150.jpg 150w, https:\/\/www.leuenberg.eu\/wp-content\/uploads\/2026\/01\/InShot_20260123_002618832-768x768.jpg 768w, https:\/\/www.leuenberg.eu\/wp-content\/uploads\/2026\/01\/InShot_20260123_002618832-1536x1536.jpg 1536w, https:\/\/www.leuenberg.eu\/wp-content\/uploads\/2026\/01\/InShot_20260123_002618832-2048x2048.jpg 2048w, https:\/\/www.leuenberg.eu\/wp-content\/uploads\/2026\/01\/InShot_20260123_002618832-1080x1080.jpg 1080w, https:\/\/www.leuenberg.eu\/wp-content\/uploads\/2026\/01\/InShot_20260123_002618832-1280x1280.jpg 1280w, https:\/\/www.leuenberg.eu\/wp-content\/uploads\/2026\/01\/InShot_20260123_002618832-980x980.jpg 980w, https:\/\/www.leuenberg.eu\/wp-content\/uploads\/2026\/01\/InShot_20260123_002618832-480x480.jpg 480w\" sizes=\"(max-width: 193px) 100vw, 193px\" \/><\/strong><\/p>\n<p>Assistant in Ecumenical Ministry: Rev. Sam T.<strong> Rajkumar<br \/><\/strong><strong>Email: <a href=\"mailto:s.rajkumar[at]leuenberg.eu\">s.rajkumar(at)leuenberg.eu<\/a><\/strong><\/p>\n<\/div><\/div>\n<\/div>\n<\/div>\n<\/div>\n\n<div class=\"et_pb_section_3 et_pb_section et_section_regular et_block_section\" id=\"struktur\">\n<div class=\"et_pb_row_5 et_pb_row et_flex_row\">\n<div class=\"et_pb_column_7 et_pb_column et-last-child et_flex_column et_pb_css_mix_blend_mode_passthrough et_flex_column_24_24 et_flex_column_24_24_tablet et_flex_column_24_24_phone\">\n<div class=\"et_pb_text_7 et_pb_text et_pb_bg_layout_light et_pb_module et_flex_module preset--module--divi-text--default\"><div class=\"et_pb_text_inner\"><h2>Struktur<\/h2>\n<p>Und so funktioniert die GEKE: Von der Gesch\u00e4ftsstelle ausgehend, werden die Treffen des Rates organisiert. Das Generalsekretariat stimmt mit dem Pr\u00e4sidium (das ebenfalls Teil des Rates ist), s\u00e4mtliche Entscheidungen und Schritte ab. Alles, was im Rahmen der GEKE erarbeitet wird, wird bei der alle etwa sechs Jahre stattfindenen Vollversammlung abgesegnet bzw. werden neue Themen definiert.<\/p>\n<p>Inhaltlich arbeitet die GEKE an <a href=\"https:\/\/leuenberg.eu\/de\/was-wir-tun\/akademischer-austausch-und-lehre\/\">konfessionellen Lehrgespr\u00e4chen und Studienprozessen, Konsultationen und Arbeitsgruppen<\/a>, die mit der aktuellen Situation der Kirchen zu tun haben. \u00d6kumenische, liturgische, ethische und religionsp\u00e4dagogische Themen sowie Fragen zur Migration werden mit eigenen Fachbeir\u00e4ten (s. AB - Advisory Boards) erarbeitet und diskutiert.<\/p>\n<p>Die 96 Mitgliedskirchen sind in europ\u00e4ische<a href=\"https:\/\/leuenberg.eu\/de\/ueber-uns\/regionalgruppen\/\"> Regionalgruppen<\/a> eingeteilt.<\/p>\n<p>Die GEKE hat acht <a href=\"https:\/\/leuenberg.eu\/de\/was-wir-tun\/arbeitsgemeinschaften-und-kooperationen\/\">Kooperationspartner<\/a>.<\/p>\n<\/div><\/div>\n<\/div>\n<\/div>\n\n<div class=\"et_pb_row_6 et_pb_row et_block_row\">\n<div class=\"et_pb_column_8 et_pb_column et_pb_column_4_4 et-last-child et_block_column et_pb_css_mix_blend_mode_passthrough\">\n<div class=\"et_pb_image_0 et_pb_image et_pb_module et_block_module\"><span class=\"et_pb_image_wrap\"><img decoding=\"async\" src=\"https:\/\/leuenberg.eu\/wp-content\/uploads\/2025\/07\/CPCE-Structure-scaled.jpg\" title=\"CPCE Structure\" \/><\/span><\/div>\n<\/div>\n<\/div>\n<\/div>","protected":false},"excerpt":{"rendered":"","protected":false},"author":1,"featured_media":0,"parent":412,"menu_order":4,"comment_status":"closed","ping_status":"closed","template":"","meta":{"_acf_changed":false,"footnotes":""},"class_list":["post-1401","page","type-page","status-publish","hentry"],"acf":[],"_links":{"self":[{"href":"https:\/\/www.leuenberg.eu\/de\/wp-json\/wp\/v2\/pages\/1401","targetHints":{"allow":["GET"]}}],"collection":[{"href":"https:\/\/www.leuenberg.eu\/de\/wp-json\/wp\/v2\/pages"}],"about":[{"href":"https:\/\/www.leuenberg.eu\/de\/wp-json\/wp\/v2\/types\/page"}],"author":[{"embeddable":true,"href":"https:\/\/www.leuenberg.eu\/de\/wp-json\/wp\/v2\/users\/1"}],"replies":[{"embeddable":true,"href":"https:\/\/www.leuenberg.eu\/de\/wp-json\/wp\/v2\/comments?post=1401"}],"version-history":[{"count":2,"href":"https:\/\/www.leuenberg.eu\/de\/wp-json\/wp\/v2\/pages\/1401\/revisions"}],"predecessor-version":[{"id":4481,"href":"https:\/\/www.leuenberg.eu\/de\/wp-json\/wp\/v2\/pages\/1401\/revisions\/4481"}],"up":[{"embeddable":true,"href":"https:\/\/www.leuenberg.eu\/de\/wp-json\/wp\/v2\/pages\/412"}],"wp:attachment":[{"href":"https:\/\/www.leuenberg.eu\/de\/wp-json\/wp\/v2\/media?parent=1401"}],"curies":[{"name":"wp","href":"https:\/\/api.w.org\/{rel}","templated":true}]}}